{"id":4497,"date":"2025-01-08T04:50:09","date_gmt":"2025-01-08T04:50:09","guid":{"rendered":"https:\/\/alles-ueber-riffe.de\/?page_id=4497"},"modified":"2025-01-16T17:18:46","modified_gmt":"2025-01-16T17:18:46","slug":"juwelen-fahnenbarsch","status":"publish","type":"page","link":"https:\/\/alles-ueber-riffe.de\/?page_id=4497","title":{"rendered":"Juwelen-Fahnenbarsch"},"content":{"rendered":"\n<div class=\"wp-block-group is-vertical is-layout-flex wp-container-core-group-is-layout-8cf370e7 wp-block-group-is-layout-flex\">\n<p><strong>Juwelen-Fahnenbarsch<\/strong><\/p>\n\n\n\n<p>Yellowback anthias<\/p>\n\n\n\n<p><em>Pseudoanthias squamipinnis<\/em><\/p>\n<\/div>\n\n\n\n<div style=\"height:30px\" aria-hidden=\"true\" class=\"wp-block-spacer\"><\/div>\n\n\n\n<figure class=\"wp-block-video\"><video height=\"576\" style=\"aspect-ratio: 1024 \/ 576;\" width=\"1024\" controls src=\"https:\/\/alles-ueber-riffe.de\/wp-content\/uploads\/2025\/01\/juwelen_fahnenbarsch-Kopie.mp4\"><\/video><figcaption class=\"wp-element-caption\"><em>\u00a9 Heinz Krimmer<\/em><\/figcaption><\/figure>\n\n\n\n<hr class=\"wp-block-separator has-alpha-channel-opacity is-style-default\"\/>\n\n\n\n<p><strong>Gr\u00f6\u00dfe: <\/strong> bis 15 cm<\/p>\n\n\n\n<p><strong>Lebensraum:<\/strong> Korallenriffe<\/p>\n\n\n\n<p><strong>Vorkommen:  <\/strong>Ostafrika, Rotes Meer, Malediven, S\u00fcdjapan, ganz S\u00fcdostasien, Nordaustralien<\/p>\n\n\n\n<p><strong>Erkennungsmerkmale: <\/strong> Grundfarbe orange; M\u00e4nnchen mit langem R\u00fcckenflossenstrahl und gelben Punkten am K\u00f6rper; Weibchen mit blauem Streifen vom Auge bis zur Bauchflosse<\/p>\n\n\n\n<p><strong>Biologie &amp; Verhalten: <\/strong> Zaubert in gro\u00dfen Gruppen orangene Farbkleckse ins blaue Meerwasser um die Korallenbl\u00f6cke. Frisst Zooplankton.<\/p>\n\n\n\n<p>Ein M\u00e4nnchen besitzt einen Harem von bis zu 10 Weibchen.<\/p>\n\n\n\n<p><strong>Bedrohungsstatus:<\/strong> Die Art wird auf der Roten Liste der IUCN als<mark style=\"background-color:rgba(0, 0, 0, 0)\" class=\"has-inline-color has-vivid-green-cyan-color\"> \u201enicht gef\u00e4hrdet\u201c<\/mark> gef\u00fchrt.<\/p>\n\n\n\n<hr class=\"wp-block-separator has-alpha-channel-opacity is-style-default\"\/>\n","protected":false},"excerpt":{"rendered":"<p>Juwelen-Fahnenbarsch Yellowback anthias Pseudoanthias squamipinnis Gr\u00f6\u00dfe: bis 15 cm Lebensraum: Korallenriffe Vorkommen: Ostafrika, Rotes Meer, Malediven, S\u00fcdjapan, ganz S\u00fcdostasien, Nordaustralien Erkennungsmerkmale: Grundfarbe orange; M\u00e4nnchen mit langem R\u00fcckenflossenstrahl und gelben Punkten am K\u00f6rper; Weibchen mit blauem Streifen vom Auge bis zur Bauchflosse Biologie &amp; Verhalten: Zaubert in gro\u00dfen Gruppen orangene Farbkleckse ins blaue Meerwasser um die &hellip; <\/p>\n<p class=\"link-more\"><a href=\"https:\/\/alles-ueber-riffe.de\/?page_id=4497\" class=\"more-link\"><span class=\"screen-reader-text\">\u201eJuwelen-Fahnenbarsch\u201c<\/span> weiterlesen<\/a><\/p>\n","protected":false},"author":1,"featured_media":0,"parent":0,"menu_order":0,"comment_status":"closed","ping_status":"closed","template":"","meta":{"footnotes":""},"class_list":["post-4497","page","type-page","status-publish","hentry"],"_links":{"self":[{"href":"https:\/\/alles-ueber-riffe.de\/index.php?rest_route=\/wp\/v2\/pages\/4497","targetHints":{"allow":["GET"]}}],"collection":[{"href":"https:\/\/alles-ueber-riffe.de\/index.php?rest_route=\/wp\/v2\/pages"}],"about":[{"href":"https:\/\/alles-ueber-riffe.de\/index.php?rest_route=\/wp\/v2\/types\/page"}],"author":[{"embeddable":true,"href":"https:\/\/alles-ueber-riffe.de\/index.php?rest_route=\/wp\/v2\/users\/1"}],"replies":[{"embeddable":true,"href":"https:\/\/alles-ueber-riffe.de\/index.php?rest_route=%2Fwp%2Fv2%2Fcomments&post=4497"}],"version-history":[{"count":7,"href":"https:\/\/alles-ueber-riffe.de\/index.php?rest_route=\/wp\/v2\/pages\/4497\/revisions"}],"predecessor-version":[{"id":6950,"href":"https:\/\/alles-ueber-riffe.de\/index.php?rest_route=\/wp\/v2\/pages\/4497\/revisions\/6950"}],"wp:attachment":[{"href":"https:\/\/alles-ueber-riffe.de\/index.php?rest_route=%2Fwp%2Fv2%2Fmedia&parent=4497"}],"curies":[{"name":"wp","href":"https:\/\/api.w.org\/{rel}","templated":true}]}}