{"id":4493,"date":"2025-01-08T04:49:39","date_gmt":"2025-01-08T04:49:39","guid":{"rendered":"https:\/\/alles-ueber-riffe.de\/?page_id=4493"},"modified":"2025-01-17T09:08:52","modified_gmt":"2025-01-17T09:08:52","slug":"schlangen-eidechsenfisch","status":"publish","type":"page","link":"https:\/\/alles-ueber-riffe.de\/?page_id=4493","title":{"rendered":"Schlangen-Eidechsenfisch"},"content":{"rendered":"\n<div class=\"wp-block-group is-vertical is-layout-flex wp-container-core-group-is-layout-8cf370e7 wp-block-group-is-layout-flex\">\n<p><strong>Schlangen-Eidechsenfisch<\/strong><\/p>\n\n\n\n<p>Snakefish<\/p>\n\n\n\n<p><em>Trachinocephalus myops<\/em><\/p>\n<\/div>\n\n\n\n<div style=\"height:30px\" aria-hidden=\"true\" class=\"wp-block-spacer\"><\/div>\n\n\n\n<figure class=\"wp-block-image size-full\"><img loading=\"lazy\" decoding=\"async\" width=\"1024\" height=\"768\" src=\"https:\/\/alles-ueber-riffe.de\/wp-content\/uploads\/2025\/01\/Schlangen-Eidechsenfisch_1024x768.jpg\" alt=\"\" class=\"wp-image-6767\" srcset=\"https:\/\/alles-ueber-riffe.de\/wp-content\/uploads\/2025\/01\/Schlangen-Eidechsenfisch_1024x768.jpg 1024w, https:\/\/alles-ueber-riffe.de\/wp-content\/uploads\/2025\/01\/Schlangen-Eidechsenfisch_1024x768-300x225.jpg 300w, https:\/\/alles-ueber-riffe.de\/wp-content\/uploads\/2025\/01\/Schlangen-Eidechsenfisch_1024x768-768x576.jpg 768w\" sizes=\"auto, (max-width: 767px) 89vw, (max-width: 1000px) 54vw, (max-width: 1071px) 543px, 580px\" \/><figcaption class=\"wp-element-caption\">\u00a9 Joris Rombouts<\/figcaption><\/figure>\n\n\n\n<hr class=\"wp-block-separator has-alpha-channel-opacity is-style-default\"\/>\n\n\n\n<p><strong>Gr\u00f6\u00dfe: <\/strong> bis 40 cm<\/p>\n\n\n\n<p><strong>Lebensraum:<\/strong> Sandfl\u00e4chen in der N\u00e4he von Riffen<\/p>\n\n\n\n<p><strong>Vorkommen:  <\/strong>in allen tropischen Bereichen des Pazifiks und des Atlantik<\/p>\n\n\n\n<p><strong>Erkennungsmerkmale: <\/strong> schmale, hellblaue L\u00e4ngsstreifen<\/p>\n\n\n\n<p><strong>Biologie &amp; Verhalten: <\/strong> Dieser weit verbreitete Eidechsenfisch bevorzug sandigen Untergrund, auf dem er liegt und sich eingr\u00e4bt. Jagt Fische und Wirbellose.<\/p>\n\n\n\n<p><strong>Bedrohungsstatus:<\/strong> Die Art wird auf der Roten Liste der IUCN als <mark style=\"background-color:rgba(0, 0, 0, 0)\" class=\"has-inline-color has-vivid-green-cyan-color\">\u201enicht gef\u00e4hrdet\u201c<\/mark> gef\u00fchrt.<\/p>\n\n\n\n<hr class=\"wp-block-separator has-alpha-channel-opacity is-style-default\"\/>\n","protected":false},"excerpt":{"rendered":"<p>Schlangen-Eidechsenfisch Snakefish Trachinocephalus myops Gr\u00f6\u00dfe: bis 40 cm Lebensraum: Sandfl\u00e4chen in der N\u00e4he von Riffen Vorkommen: in allen tropischen Bereichen des Pazifiks und des Atlantik Erkennungsmerkmale: schmale, hellblaue L\u00e4ngsstreifen Biologie &amp; Verhalten: Dieser weit verbreitete Eidechsenfisch bevorzug sandigen Untergrund, auf dem er liegt und sich eingr\u00e4bt. Jagt Fische und Wirbellose. Bedrohungsstatus: Die Art wird auf &hellip; <\/p>\n<p class=\"link-more\"><a href=\"https:\/\/alles-ueber-riffe.de\/?page_id=4493\" class=\"more-link\"><span class=\"screen-reader-text\">\u201eSchlangen-Eidechsenfisch\u201c<\/span> weiterlesen<\/a><\/p>\n","protected":false},"author":1,"featured_media":0,"parent":0,"menu_order":0,"comment_status":"closed","ping_status":"closed","template":"","meta":{"footnotes":""},"class_list":["post-4493","page","type-page","status-publish","hentry"],"_links":{"self":[{"href":"https:\/\/alles-ueber-riffe.de\/index.php?rest_route=\/wp\/v2\/pages\/4493","targetHints":{"allow":["GET"]}}],"collection":[{"href":"https:\/\/alles-ueber-riffe.de\/index.php?rest_route=\/wp\/v2\/pages"}],"about":[{"href":"https:\/\/alles-ueber-riffe.de\/index.php?rest_route=\/wp\/v2\/types\/page"}],"author":[{"embeddable":true,"href":"https:\/\/alles-ueber-riffe.de\/index.php?rest_route=\/wp\/v2\/users\/1"}],"replies":[{"embeddable":true,"href":"https:\/\/alles-ueber-riffe.de\/index.php?rest_route=%2Fwp%2Fv2%2Fcomments&post=4493"}],"version-history":[{"count":5,"href":"https:\/\/alles-ueber-riffe.de\/index.php?rest_route=\/wp\/v2\/pages\/4493\/revisions"}],"predecessor-version":[{"id":6989,"href":"https:\/\/alles-ueber-riffe.de\/index.php?rest_route=\/wp\/v2\/pages\/4493\/revisions\/6989"}],"wp:attachment":[{"href":"https:\/\/alles-ueber-riffe.de\/index.php?rest_route=%2Fwp%2Fv2%2Fmedia&parent=4493"}],"curies":[{"name":"wp","href":"https:\/\/api.w.org\/{rel}","templated":true}]}}