{"id":4491,"date":"2025-01-08T04:49:19","date_gmt":"2025-01-08T04:49:19","guid":{"rendered":"https:\/\/alles-ueber-riffe.de\/?page_id=4491"},"modified":"2025-01-16T08:43:57","modified_gmt":"2025-01-16T08:43:57","slug":"graziler-eidechsenfisch","status":"publish","type":"page","link":"https:\/\/alles-ueber-riffe.de\/?page_id=4491","title":{"rendered":"Graziler-Eidechsenfisch"},"content":{"rendered":"\n<div class=\"wp-block-group is-vertical is-layout-flex wp-container-core-group-is-layout-8cf370e7 wp-block-group-is-layout-flex\">\n<p><strong>Graziler-Eidechsenfisch<\/strong><\/p>\n\n\n\n<p><em>Gracile lizardfish<\/em><\/p>\n\n\n\n<p><em>Saurida gracilis<\/em><\/p>\n<\/div>\n\n\n\n<div style=\"height:30px\" aria-hidden=\"true\" class=\"wp-block-spacer\"><\/div>\n\n\n\n<figure class=\"wp-block-image size-full\"><img loading=\"lazy\" decoding=\"async\" width=\"1024\" height=\"768\" src=\"https:\/\/alles-ueber-riffe.de\/wp-content\/uploads\/2025\/01\/Graziler-Eidechsenfisch_1024x768.jpg\" alt=\"\" class=\"wp-image-6757\" srcset=\"https:\/\/alles-ueber-riffe.de\/wp-content\/uploads\/2025\/01\/Graziler-Eidechsenfisch_1024x768.jpg 1024w, https:\/\/alles-ueber-riffe.de\/wp-content\/uploads\/2025\/01\/Graziler-Eidechsenfisch_1024x768-300x225.jpg 300w, https:\/\/alles-ueber-riffe.de\/wp-content\/uploads\/2025\/01\/Graziler-Eidechsenfisch_1024x768-768x576.jpg 768w\" sizes=\"auto, (max-width: 767px) 89vw, (max-width: 1000px) 54vw, (max-width: 1071px) 543px, 580px\" \/><figcaption class=\"wp-element-caption\">\u00a9 Joris Rombouts<\/figcaption><\/figure>\n\n\n\n<hr class=\"wp-block-separator has-alpha-channel-opacity is-style-default\"\/>\n\n\n\n<p><strong>Gr\u00f6\u00dfe: <\/strong> bis 32 cm<\/p>\n\n\n\n<p><strong>Lebensraum:<\/strong> Korallenriffe und Sandfl\u00e4chen in Riffn\u00e4he<\/p>\n\n\n\n<p><strong>Vorkommen:  <\/strong>Ostafrika, Rotes Meer, Malediven, S\u00fcdjapan, ganz S\u00fcdostasien, Nordaustralien, Papua-Neuguinea, Ozeanien bis Hawaii<\/p>\n\n\n\n<p><strong>Erkennungsmerkmale: <\/strong> Querstreifen aus dunklen und helleren Flecken<\/p>\n\n\n\n<p><strong>Biologie &amp; Verhalten: <\/strong> Eidechsenfische machen einem die Bestimmung nicht leicht. Auch der Grazile-Eidechsenfisch sieht dem Sand- und Riff-Eidechsenfisch sehr \u00e4hnlich.<\/p>\n\n\n\n<p>Des weiteren kann man Eidechsenfische\u00a0\u00a0auch mit den Sandbarschen verwechseln. Hier orientiert man sich am besten am Maul. Eidechsenfische jagen Fische und ihr Maul ist gr\u00f6\u00dfer und voller Z\u00e4hne.<\/p>\n\n\n\n<p>Einzeln oder paarweise im Riff anzutreffen.<\/p>\n\n\n\n<p><strong>Bedrohungsstatus:<\/strong> Die Art wird auf der Roten Liste der IUCN als <mark style=\"background-color:rgba(0, 0, 0, 0)\" class=\"has-inline-color has-vivid-green-cyan-color\">\u201enicht gef\u00e4hrdet<\/mark>\u201c gef\u00fchrt.<\/p>\n\n\n\n<hr class=\"wp-block-separator has-alpha-channel-opacity is-style-default\"\/>\n","protected":false},"excerpt":{"rendered":"<p>Graziler-Eidechsenfisch Gracile lizardfish Saurida gracilis Gr\u00f6\u00dfe: bis 32 cm Lebensraum: Korallenriffe und Sandfl\u00e4chen in Riffn\u00e4he Vorkommen: Ostafrika, Rotes Meer, Malediven, S\u00fcdjapan, ganz S\u00fcdostasien, Nordaustralien, Papua-Neuguinea, Ozeanien bis Hawaii Erkennungsmerkmale: Querstreifen aus dunklen und helleren Flecken Biologie &amp; Verhalten: Eidechsenfische machen einem die Bestimmung nicht leicht. Auch der Grazile-Eidechsenfisch sieht dem Sand- und Riff-Eidechsenfisch sehr \u00e4hnlich. &hellip; <\/p>\n<p class=\"link-more\"><a href=\"https:\/\/alles-ueber-riffe.de\/?page_id=4491\" class=\"more-link\"><span class=\"screen-reader-text\">\u201eGraziler-Eidechsenfisch\u201c<\/span> weiterlesen<\/a><\/p>\n","protected":false},"author":1,"featured_media":0,"parent":0,"menu_order":0,"comment_status":"closed","ping_status":"closed","template":"","meta":{"footnotes":""},"class_list":["post-4491","page","type-page","status-publish","hentry"],"_links":{"self":[{"href":"https:\/\/alles-ueber-riffe.de\/index.php?rest_route=\/wp\/v2\/pages\/4491","targetHints":{"allow":["GET"]}}],"collection":[{"href":"https:\/\/alles-ueber-riffe.de\/index.php?rest_route=\/wp\/v2\/pages"}],"about":[{"href":"https:\/\/alles-ueber-riffe.de\/index.php?rest_route=\/wp\/v2\/types\/page"}],"author":[{"embeddable":true,"href":"https:\/\/alles-ueber-riffe.de\/index.php?rest_route=\/wp\/v2\/users\/1"}],"replies":[{"embeddable":true,"href":"https:\/\/alles-ueber-riffe.de\/index.php?rest_route=%2Fwp%2Fv2%2Fcomments&post=4491"}],"version-history":[{"count":6,"href":"https:\/\/alles-ueber-riffe.de\/index.php?rest_route=\/wp\/v2\/pages\/4491\/revisions"}],"predecessor-version":[{"id":6762,"href":"https:\/\/alles-ueber-riffe.de\/index.php?rest_route=\/wp\/v2\/pages\/4491\/revisions\/6762"}],"wp:attachment":[{"href":"https:\/\/alles-ueber-riffe.de\/index.php?rest_route=%2Fwp%2Fv2%2Fmedia&parent=4491"}],"curies":[{"name":"wp","href":"https:\/\/api.w.org\/{rel}","templated":true}]}}