{"id":4481,"date":"2025-01-08T04:47:29","date_gmt":"2025-01-08T04:47:29","guid":{"rendered":"https:\/\/alles-ueber-riffe.de\/?page_id=4481"},"modified":"2025-01-17T09:12:06","modified_gmt":"2025-01-17T09:12:06","slug":"gelbsaum-drueckerfisch","status":"publish","type":"page","link":"https:\/\/alles-ueber-riffe.de\/?page_id=4481","title":{"rendered":"Gelbsaum-Dr\u00fcckerfisch"},"content":{"rendered":"\n<div class=\"wp-block-group is-vertical is-layout-flex wp-container-core-group-is-layout-8cf370e7 wp-block-group-is-layout-flex\">\n<p><strong>Gelbsaum-Dr\u00fcckerfisch<\/strong><\/p>\n\n\n\n<p>Yellowmargin triggerfish<\/p>\n\n\n\n<p><em>Pseudobalistes flavimarginatus<\/em><\/p>\n<\/div>\n\n\n\n<div style=\"height:30px\" aria-hidden=\"true\" class=\"wp-block-spacer\"><\/div>\n\n\n\n<figure class=\"wp-block-image size-full\"><img loading=\"lazy\" decoding=\"async\" width=\"1024\" height=\"768\" src=\"https:\/\/alles-ueber-riffe.de\/wp-content\/uploads\/2025\/01\/Gelbsaum-Drueckerfisch_1024x768.jpg\" alt=\"\" class=\"wp-image-6991\" srcset=\"https:\/\/alles-ueber-riffe.de\/wp-content\/uploads\/2025\/01\/Gelbsaum-Drueckerfisch_1024x768.jpg 1024w, https:\/\/alles-ueber-riffe.de\/wp-content\/uploads\/2025\/01\/Gelbsaum-Drueckerfisch_1024x768-300x225.jpg 300w, https:\/\/alles-ueber-riffe.de\/wp-content\/uploads\/2025\/01\/Gelbsaum-Drueckerfisch_1024x768-768x576.jpg 768w\" sizes=\"auto, (max-width: 767px) 89vw, (max-width: 1000px) 54vw, (max-width: 1071px) 543px, 580px\" \/><figcaption class=\"wp-element-caption\">Adelte Erscheinungsform \u00a9 Joris Rombouts<\/figcaption><\/figure>\n\n\n\n<figure class=\"wp-block-video\"><video height=\"576\" style=\"aspect-ratio: 1024 \/ 576;\" width=\"1024\" controls src=\"https:\/\/alles-ueber-riffe.de\/wp-content\/uploads\/2025\/01\/Gelbsaum_Drueckerfisch_juvenil.mp4\"><\/video><figcaption class=\"wp-element-caption\">Juvenile Erscheinungsform \u00a9 Heinz Krimmer<\/figcaption><\/figure>\n\n\n\n<hr class=\"wp-block-separator has-alpha-channel-opacity is-style-default\"\/>\n\n\n\n<p><strong>Gr\u00f6\u00dfe: <\/strong> bis 60 cm<\/p>\n\n\n\n<p><strong>Lebensraum:<\/strong> Korallenriffe<\/p>\n\n\n\n<p><strong>Vorkommen:  <\/strong>Ostafrika, Rotes Meer, Malediven, ganz S\u00fcdostasien, S\u00fcdjapan, Nordaustralien, Papua-Neuguinea, Ozeanien bis Tuamoto<\/p>\n\n\n\n<p><strong>Erkennungsmerkmale: <\/strong> orangene Schwanzflosse; Schwanzflosse sichelf\u00f6rmig; gelber Saum an der R\u00fccken- und Afterflosse<\/p>\n\n\n\n<p><strong>Biologie &amp; Verhalten: <\/strong> Fri\u00dft Wirbellose und Algen. Einzeln oder paarweise im Riff unterwegs.<\/p>\n\n\n\n<p><strong>Gefahr:<\/strong> Dr\u00fcckerfische bewachen ihre Nester und besonders die gr\u00f6\u00dferen Arten k\u00f6nnen dabei sehr aggressiv werden, darunter auch der Gelbsaum-Dr\u00fcckerfisch. Deshalb sollte man dem Nest diesen Dr\u00fcckerfisches auf keinen Fall n\u00e4hern. Sie haben keine Angst vor Tauchern. Ihre starken Gebisse k\u00f6nnen dabei einen Taucheranzug leicht durchdringen und schwere Bisswunden verursachen. Das Revier um das Nest hat eine konische nach oben gerichtete Form. Deshalb sollte man immer zur Seite wegschwimmen und auf keinen Fall nach oben.<\/p>\n\n\n\n<p><strong>Bedrohungsstatus:<\/strong> Die Art wird auf der Roten Liste der IUCN als \u201e nicht gef\u00e4hrdet\u201c gef\u00fchrt.<\/p>\n\n\n\n<hr class=\"wp-block-separator has-alpha-channel-opacity is-style-default\"\/>\n","protected":false},"excerpt":{"rendered":"<p>Gelbsaum-Dr\u00fcckerfisch Yellowmargin triggerfish Pseudobalistes flavimarginatus Gr\u00f6\u00dfe: bis 60 cm Lebensraum: Korallenriffe Vorkommen: Ostafrika, Rotes Meer, Malediven, ganz S\u00fcdostasien, S\u00fcdjapan, Nordaustralien, Papua-Neuguinea, Ozeanien bis Tuamoto Erkennungsmerkmale: orangene Schwanzflosse; Schwanzflosse sichelf\u00f6rmig; gelber Saum an der R\u00fccken- und Afterflosse Biologie &amp; Verhalten: Fri\u00dft Wirbellose und Algen. Einzeln oder paarweise im Riff unterwegs. Gefahr: Dr\u00fcckerfische bewachen ihre Nester und &hellip; <\/p>\n<p class=\"link-more\"><a href=\"https:\/\/alles-ueber-riffe.de\/?page_id=4481\" class=\"more-link\"><span class=\"screen-reader-text\">\u201eGelbsaum-Dr\u00fcckerfisch\u201c<\/span> weiterlesen<\/a><\/p>\n","protected":false},"author":1,"featured_media":0,"parent":0,"menu_order":0,"comment_status":"closed","ping_status":"closed","template":"","meta":{"footnotes":""},"class_list":["post-4481","page","type-page","status-publish","hentry"],"_links":{"self":[{"href":"https:\/\/alles-ueber-riffe.de\/index.php?rest_route=\/wp\/v2\/pages\/4481","targetHints":{"allow":["GET"]}}],"collection":[{"href":"https:\/\/alles-ueber-riffe.de\/index.php?rest_route=\/wp\/v2\/pages"}],"about":[{"href":"https:\/\/alles-ueber-riffe.de\/index.php?rest_route=\/wp\/v2\/types\/page"}],"author":[{"embeddable":true,"href":"https:\/\/alles-ueber-riffe.de\/index.php?rest_route=\/wp\/v2\/users\/1"}],"replies":[{"embeddable":true,"href":"https:\/\/alles-ueber-riffe.de\/index.php?rest_route=%2Fwp%2Fv2%2Fcomments&post=4481"}],"version-history":[{"count":8,"href":"https:\/\/alles-ueber-riffe.de\/index.php?rest_route=\/wp\/v2\/pages\/4481\/revisions"}],"predecessor-version":[{"id":6993,"href":"https:\/\/alles-ueber-riffe.de\/index.php?rest_route=\/wp\/v2\/pages\/4481\/revisions\/6993"}],"wp:attachment":[{"href":"https:\/\/alles-ueber-riffe.de\/index.php?rest_route=%2Fwp%2Fv2%2Fmedia&parent=4481"}],"curies":[{"name":"wp","href":"https:\/\/api.w.org\/{rel}","templated":true}]}}