{"id":4477,"date":"2025-01-08T04:46:56","date_gmt":"2025-01-08T04:46:56","guid":{"rendered":"https:\/\/alles-ueber-riffe.de\/?page_id=4477"},"modified":"2025-01-16T04:25:51","modified_gmt":"2025-01-16T04:25:51","slug":"blaukehl-drueckerfisch","status":"publish","type":"page","link":"https:\/\/alles-ueber-riffe.de\/?page_id=4477","title":{"rendered":"Blaukehl-Dr\u00fcckerfisch"},"content":{"rendered":"\n<div class=\"wp-block-group is-vertical is-layout-flex wp-container-core-group-is-layout-8cf370e7 wp-block-group-is-layout-flex\">\n<p><strong>Blaukehl-Dr\u00fcckerfisch<\/strong><\/p>\n\n\n\n<p>Gilded triggerfish<\/p>\n\n\n\n<p><em>Xanthichthys auromarginatus<\/em><\/p>\n<\/div>\n\n\n\n<div style=\"height:30px\" aria-hidden=\"true\" class=\"wp-block-spacer\"><\/div>\n\n\n\n<figure class=\"wp-block-image size-full\"><img loading=\"lazy\" decoding=\"async\" width=\"1024\" height=\"768\" src=\"https:\/\/alles-ueber-riffe.de\/wp-content\/uploads\/2025\/01\/Blaukehl-Drueckerfisch_1024x768.jpg\" alt=\"\" class=\"wp-image-6583\" srcset=\"https:\/\/alles-ueber-riffe.de\/wp-content\/uploads\/2025\/01\/Blaukehl-Drueckerfisch_1024x768.jpg 1024w, https:\/\/alles-ueber-riffe.de\/wp-content\/uploads\/2025\/01\/Blaukehl-Drueckerfisch_1024x768-300x225.jpg 300w, https:\/\/alles-ueber-riffe.de\/wp-content\/uploads\/2025\/01\/Blaukehl-Drueckerfisch_1024x768-768x576.jpg 768w\" sizes=\"auto, (max-width: 767px) 89vw, (max-width: 1000px) 54vw, (max-width: 1071px) 543px, 580px\" \/><figcaption class=\"wp-element-caption\">\u00a9 Joris Rombouts<\/figcaption><\/figure>\n\n\n\n<hr class=\"wp-block-separator has-alpha-channel-opacity is-style-default\"\/>\n\n\n\n<p><strong>Gr\u00f6\u00dfe: <\/strong> bis 30 cm<\/p>\n\n\n\n<p><strong>Lebensraum:<\/strong> Korallenriffe<\/p>\n\n\n\n<p><strong>Vorkommen:  <\/strong>Ostafrika, Malediven, ganz S\u00fcdostasien, S\u00fcdjapan, Nordaustralien, Papua-Neuguinea,Ozeanien bis zur K\u00fcste Mittelamerikas<\/p>\n\n\n\n<p><strong>Erkennungsmerkmale: <\/strong> Grundfarbe graublau; blaue Kehle; gelb ges\u00e4umte R\u00fccken-, After- und Schwanzflosse<\/p>\n\n\n\n<p><strong>Biologie &amp; Verhalten: <\/strong> In kleinen Gruppen im Riff unterwegs. Frisst Zooplankton.<\/p>\n\n\n\n<p><strong>Bedrohungsstatus:<\/strong> Die Art wird auf der Roten Liste der IUCN als \u201e nicht gef\u00e4hrdet\u201c gef\u00fchrt.<\/p>\n\n\n\n<hr class=\"wp-block-separator has-alpha-channel-opacity is-style-default\"\/>\n","protected":false},"excerpt":{"rendered":"<p>Blaukehl-Dr\u00fcckerfisch Gilded triggerfish Xanthichthys auromarginatus Gr\u00f6\u00dfe: bis 30 cm Lebensraum: Korallenriffe Vorkommen: Ostafrika, Malediven, ganz S\u00fcdostasien, S\u00fcdjapan, Nordaustralien, Papua-Neuguinea,Ozeanien bis zur K\u00fcste Mittelamerikas Erkennungsmerkmale: Grundfarbe graublau; blaue Kehle; gelb ges\u00e4umte R\u00fccken-, After- und Schwanzflosse Biologie &amp; Verhalten: In kleinen Gruppen im Riff unterwegs. Frisst Zooplankton. Bedrohungsstatus: Die Art wird auf der Roten Liste der IUCN &hellip; <\/p>\n<p class=\"link-more\"><a href=\"https:\/\/alles-ueber-riffe.de\/?page_id=4477\" class=\"more-link\"><span class=\"screen-reader-text\">\u201eBlaukehl-Dr\u00fcckerfisch\u201c<\/span> weiterlesen<\/a><\/p>\n","protected":false},"author":1,"featured_media":0,"parent":0,"menu_order":0,"comment_status":"closed","ping_status":"closed","template":"","meta":{"footnotes":""},"class_list":["post-4477","page","type-page","status-publish","hentry"],"_links":{"self":[{"href":"https:\/\/alles-ueber-riffe.de\/index.php?rest_route=\/wp\/v2\/pages\/4477","targetHints":{"allow":["GET"]}}],"collection":[{"href":"https:\/\/alles-ueber-riffe.de\/index.php?rest_route=\/wp\/v2\/pages"}],"about":[{"href":"https:\/\/alles-ueber-riffe.de\/index.php?rest_route=\/wp\/v2\/types\/page"}],"author":[{"embeddable":true,"href":"https:\/\/alles-ueber-riffe.de\/index.php?rest_route=\/wp\/v2\/users\/1"}],"replies":[{"embeddable":true,"href":"https:\/\/alles-ueber-riffe.de\/index.php?rest_route=%2Fwp%2Fv2%2Fcomments&post=4477"}],"version-history":[{"count":5,"href":"https:\/\/alles-ueber-riffe.de\/index.php?rest_route=\/wp\/v2\/pages\/4477\/revisions"}],"predecessor-version":[{"id":6586,"href":"https:\/\/alles-ueber-riffe.de\/index.php?rest_route=\/wp\/v2\/pages\/4477\/revisions\/6586"}],"wp:attachment":[{"href":"https:\/\/alles-ueber-riffe.de\/index.php?rest_route=%2Fwp%2Fv2%2Fmedia&parent=4477"}],"curies":[{"name":"wp","href":"https:\/\/api.w.org\/{rel}","templated":true}]}}