{"id":4473,"date":"2025-01-08T04:46:29","date_gmt":"2025-01-08T04:46:29","guid":{"rendered":"https:\/\/alles-ueber-riffe.de\/?page_id=4473"},"modified":"2025-01-16T07:59:24","modified_gmt":"2025-01-16T07:59:24","slug":"schwarzer-weissbindendruecker","status":"publish","type":"page","link":"https:\/\/alles-ueber-riffe.de\/?page_id=4473","title":{"rendered":"Schwarzer Wei\u00dfbindendr\u00fccker"},"content":{"rendered":"\n<div class=\"wp-block-group is-vertical is-layout-flex wp-container-core-group-is-layout-8cf370e7 wp-block-group-is-layout-flex\">\n<p><strong>Schwarzer Wei\u00dfbinden-Dr\u00fccker<\/strong><\/p>\n\n\n\n<p>Black triggerfish<\/p>\n\n\n\n<p><em>Melichthys niger<\/em><\/p>\n<\/div>\n\n\n\n<div style=\"height:30px\" aria-hidden=\"true\" class=\"wp-block-spacer\"><\/div>\n\n\n\n<figure class=\"wp-block-video\"><video height=\"576\" style=\"aspect-ratio: 1024 \/ 576;\" width=\"1024\" controls src=\"https:\/\/alles-ueber-riffe.de\/wp-content\/uploads\/2025\/01\/Schwarzer-Weissbinden-Druecker.mp4\"><\/video><figcaption class=\"wp-element-caption\">\u00a9 Heinz Krimmer<\/figcaption><\/figure>\n\n\n\n<hr class=\"wp-block-separator has-alpha-channel-opacity is-style-default\"\/>\n\n\n\n<p><strong>Gr\u00f6\u00dfe: <\/strong> bis 50 cm<\/p>\n\n\n\n<p><strong>Lebensraum:<\/strong> Korallenriffe<\/p>\n\n\n\n<p><strong>Vorkommen:  <\/strong>in allen tropischen Bereichen des Pazifiks und des Atlantiks<\/p>\n\n\n\n<p><strong>Erkennungsmerkmale: <\/strong> Grundfarbe blau mit feinen Punkten und Linien; gelbe Wange; zwei d\u00fcnne, wei\u00dfe Streifen am Ansatz der R\u00fccken- und Schwanzflosse<\/p>\n\n\n\n<p><strong>Biologie &amp; Verhalten: <\/strong> Die Hauptnahrung dieser weit verbreiteten Art besteht aus pflanzlichem und tierischem Plankton. Sie wurden aber auch schon dabei beobachtet, wie sie sich Delfinen anschlossen und deren Kot fra\u00dfen.<\/p>\n\n\n\n<p><strong>Bedrohungsstatus:<\/strong> Die Art wird auf der Roten Liste der IUCN als <mark style=\"background-color:rgba(0, 0, 0, 0)\" class=\"has-inline-color has-vivid-green-cyan-color\">\u201e nicht gef\u00e4hrdet\u201c<\/mark> gef\u00fchrt.<\/p>\n\n\n\n<hr class=\"wp-block-separator has-alpha-channel-opacity is-style-default\"\/>\n","protected":false},"excerpt":{"rendered":"<p>Schwarzer Wei\u00dfbinden-Dr\u00fccker Black triggerfish Melichthys niger Gr\u00f6\u00dfe: bis 50 cm Lebensraum: Korallenriffe Vorkommen: in allen tropischen Bereichen des Pazifiks und des Atlantiks Erkennungsmerkmale: Grundfarbe blau mit feinen Punkten und Linien; gelbe Wange; zwei d\u00fcnne, wei\u00dfe Streifen am Ansatz der R\u00fccken- und Schwanzflosse Biologie &amp; Verhalten: Die Hauptnahrung dieser weit verbreiteten Art besteht aus pflanzlichem und &hellip; <\/p>\n<p class=\"link-more\"><a href=\"https:\/\/alles-ueber-riffe.de\/?page_id=4473\" class=\"more-link\"><span class=\"screen-reader-text\">\u201eSchwarzer Wei\u00dfbindendr\u00fccker\u201c<\/span> weiterlesen<\/a><\/p>\n","protected":false},"author":1,"featured_media":0,"parent":0,"menu_order":0,"comment_status":"closed","ping_status":"closed","template":"","meta":{"footnotes":""},"class_list":["post-4473","page","type-page","status-publish","hentry"],"_links":{"self":[{"href":"https:\/\/alles-ueber-riffe.de\/index.php?rest_route=\/wp\/v2\/pages\/4473","targetHints":{"allow":["GET"]}}],"collection":[{"href":"https:\/\/alles-ueber-riffe.de\/index.php?rest_route=\/wp\/v2\/pages"}],"about":[{"href":"https:\/\/alles-ueber-riffe.de\/index.php?rest_route=\/wp\/v2\/types\/page"}],"author":[{"embeddable":true,"href":"https:\/\/alles-ueber-riffe.de\/index.php?rest_route=\/wp\/v2\/users\/1"}],"replies":[{"embeddable":true,"href":"https:\/\/alles-ueber-riffe.de\/index.php?rest_route=%2Fwp%2Fv2%2Fcomments&post=4473"}],"version-history":[{"count":5,"href":"https:\/\/alles-ueber-riffe.de\/index.php?rest_route=\/wp\/v2\/pages\/4473\/revisions"}],"predecessor-version":[{"id":6684,"href":"https:\/\/alles-ueber-riffe.de\/index.php?rest_route=\/wp\/v2\/pages\/4473\/revisions\/6684"}],"wp:attachment":[{"href":"https:\/\/alles-ueber-riffe.de\/index.php?rest_route=%2Fwp%2Fv2%2Fmedia&parent=4473"}],"curies":[{"name":"wp","href":"https:\/\/api.w.org\/{rel}","templated":true}]}}