{"id":4471,"date":"2025-01-08T04:46:14","date_gmt":"2025-01-08T04:46:14","guid":{"rendered":"https:\/\/alles-ueber-riffe.de\/?page_id=4471"},"modified":"2025-01-16T07:56:01","modified_gmt":"2025-01-16T07:56:01","slug":"rotzahn-drueckerfisch","status":"publish","type":"page","link":"https:\/\/alles-ueber-riffe.de\/?page_id=4471","title":{"rendered":"Rotzahn-Dr\u00fcckerfisch"},"content":{"rendered":"\n<div class=\"wp-block-group is-vertical is-layout-flex wp-container-core-group-is-layout-8cf370e7 wp-block-group-is-layout-flex\">\n<p><strong>Rotzahn-Drueckerfisch<\/strong><\/p>\n\n\n\n<p>Red-toothed triggerfish<\/p>\n\n\n\n<p><em>Odnus niger<\/em><\/p>\n<\/div>\n\n\n\n<div style=\"height:30px\" aria-hidden=\"true\" class=\"wp-block-spacer\"><\/div>\n\n\n\n<figure class=\"wp-block-video\"><video height=\"576\" style=\"aspect-ratio: 1024 \/ 576;\" width=\"1024\" controls src=\"https:\/\/alles-ueber-riffe.de\/wp-content\/uploads\/2025\/01\/rotzahn_drueckerfisch_1920_1080-Kopie.mp4\"><\/video><figcaption class=\"wp-element-caption\">\u00a9 Heinz Krimmer<\/figcaption><\/figure>\n\n\n\n<hr class=\"wp-block-separator has-alpha-channel-opacity is-style-default\"\/>\n\n\n\n<p><strong>Gr\u00f6\u00dfe: <\/strong> bis 50 cm<\/p>\n\n\n\n<p><strong>Lebensraum:<\/strong> Freiwasser in der N\u00e4he von Riffen und im Korallenriff<\/p>\n\n\n\n<p><strong>Vorkommen:  <\/strong>Ostafrika, Rotes Meer, Golf von Oman, Malediven, S\u00fcdjapan, ganz S\u00fcdostasien, Nordaustralien, Papua-Neuguinea, Ozeanien bis zu den Gesellschaftsinseln<\/p>\n\n\n\n<p><strong>Erkennungsmerkmale: <\/strong> Grundfarbe blau; rote Z\u00e4hne; verl\u00e4ngerte Schwanzspitzen. Im Freiwasser erscheinen sie auf die Entfernung oft schwarz. Daher auch der lateinische Name. Schwanzflosse in Form einer Sichel.<\/p>\n\n\n\n<p><strong>Biologie &amp; Verhalten: <\/strong> Die Schw\u00e4rme der Rotzahn-Dr\u00fcckerfische sieht man oft im Freiwasser in der N\u00e4he der Riffe. Die blaue Farbe und die roten Z\u00e4hne sieht man nur, wenn man nahe genug herankommt, so dass sie in der Regel eher schwarz erscheinen. Man erkennt sie aber gut an ihrem Sichelschwanz. Sie fressen Zooplankton und Schw\u00e4mme.<\/p>\n\n\n\n<p><strong>Bedrohungsstatus:<\/strong> Die Art wird auf der Roten Liste der IUCN als <mark style=\"background-color:rgba(0, 0, 0, 0)\" class=\"has-inline-color has-vivid-green-cyan-color\">\u201e nicht gef\u00e4hrdet\u201c<\/mark> gef\u00fchrt.<\/p>\n\n\n\n<hr class=\"wp-block-separator has-alpha-channel-opacity is-style-default\"\/>\n","protected":false},"excerpt":{"rendered":"<p>Rotzahn-Drueckerfisch Red-toothed triggerfish Odnus niger Gr\u00f6\u00dfe: bis 50 cm Lebensraum: Freiwasser in der N\u00e4he von Riffen und im Korallenriff Vorkommen: Ostafrika, Rotes Meer, Golf von Oman, Malediven, S\u00fcdjapan, ganz S\u00fcdostasien, Nordaustralien, Papua-Neuguinea, Ozeanien bis zu den Gesellschaftsinseln Erkennungsmerkmale: Grundfarbe blau; rote Z\u00e4hne; verl\u00e4ngerte Schwanzspitzen. Im Freiwasser erscheinen sie auf die Entfernung oft schwarz. Daher auch &hellip; <\/p>\n<p class=\"link-more\"><a href=\"https:\/\/alles-ueber-riffe.de\/?page_id=4471\" class=\"more-link\"><span class=\"screen-reader-text\">\u201eRotzahn-Dr\u00fcckerfisch\u201c<\/span> weiterlesen<\/a><\/p>\n","protected":false},"author":1,"featured_media":0,"parent":0,"menu_order":0,"comment_status":"closed","ping_status":"closed","template":"","meta":{"footnotes":""},"class_list":["post-4471","page","type-page","status-publish","hentry"],"_links":{"self":[{"href":"https:\/\/alles-ueber-riffe.de\/index.php?rest_route=\/wp\/v2\/pages\/4471","targetHints":{"allow":["GET"]}}],"collection":[{"href":"https:\/\/alles-ueber-riffe.de\/index.php?rest_route=\/wp\/v2\/pages"}],"about":[{"href":"https:\/\/alles-ueber-riffe.de\/index.php?rest_route=\/wp\/v2\/types\/page"}],"author":[{"embeddable":true,"href":"https:\/\/alles-ueber-riffe.de\/index.php?rest_route=\/wp\/v2\/users\/1"}],"replies":[{"embeddable":true,"href":"https:\/\/alles-ueber-riffe.de\/index.php?rest_route=%2Fwp%2Fv2%2Fcomments&post=4471"}],"version-history":[{"count":7,"href":"https:\/\/alles-ueber-riffe.de\/index.php?rest_route=\/wp\/v2\/pages\/4471\/revisions"}],"predecessor-version":[{"id":6679,"href":"https:\/\/alles-ueber-riffe.de\/index.php?rest_route=\/wp\/v2\/pages\/4471\/revisions\/6679"}],"wp:attachment":[{"href":"https:\/\/alles-ueber-riffe.de\/index.php?rest_route=%2Fwp%2Fv2%2Fmedia&parent=4471"}],"curies":[{"name":"wp","href":"https:\/\/api.w.org\/{rel}","templated":true}]}}