{"id":4469,"date":"2025-01-08T04:46:00","date_gmt":"2025-01-08T04:46:00","guid":{"rendered":"https:\/\/alles-ueber-riffe.de\/?page_id=4469"},"modified":"2025-01-16T17:15:46","modified_gmt":"2025-01-16T17:15:46","slug":"rotmeer-blaubrustdruecker","status":"publish","type":"page","link":"https:\/\/alles-ueber-riffe.de\/?page_id=4469","title":{"rendered":"Rotmeer-Blaubrustdr\u00fccker"},"content":{"rendered":"\n<div class=\"wp-block-group is-vertical is-layout-flex wp-container-core-group-is-layout-8cf370e7 wp-block-group-is-layout-flex\">\n<p><strong>Rotmeer-Blaubrustdr\u00fccker<\/strong><\/p>\n\n\n\n<p>Bluethroat triggerfish<\/p>\n\n\n\n<p><em>Sufflamen albicaudatum<\/em><\/p>\n<\/div>\n\n\n\n<div style=\"height:30px\" aria-hidden=\"true\" class=\"wp-block-spacer\"><\/div>\n\n\n\n<figure class=\"wp-block-video\"><video height=\"576\" style=\"aspect-ratio: 1024 \/ 576;\" width=\"1024\" controls src=\"https:\/\/alles-ueber-riffe.de\/wp-content\/uploads\/2025\/01\/Rotmeer-Blaubrustdruecker-Kopie.mp4\"><\/video><figcaption class=\"wp-element-caption\">\u00a9 Heinz Krimmer<\/figcaption><\/figure>\n\n\n\n<hr class=\"wp-block-separator has-alpha-channel-opacity is-style-default\"\/>\n\n\n\n<p><strong>Gr\u00f6\u00dfe: <\/strong> bis 22 cm<\/p>\n\n\n\n<p><strong>Lebensraum:<\/strong> Symbioseanemonen im Korallenriffe<\/p>\n\n\n\n<p><strong>Vorkommen:  <\/strong>Rotes Meer und Golf von Oman<\/p>\n\n\n\n<p><strong>Erkennungsmerkmale: <\/strong> Grundfarbe braun; heller Querstreifen hinter dem Auge; blaues Maul; M\u00e4nnchen haben eine blaue Brust<\/p>\n\n\n\n<p><strong>Biologie &amp; Verhalten: <\/strong> Rotmeer-Blaubrustdr\u00fccker ist von dem Indopazifik-Blaubrustdr\u00fccker (Sufflamen chrysopterus) so gut wie nicht zu unterscheiden. Sowohl die Zeichnung, Farbe und Gr\u00f6\u00dfe&nbsp;&nbsp;ist gleich. Auch hier hilft bei der Identifizierung das Verbreitungsgebiet.<\/p>\n\n\n\n<p>Der Indopazifik-Blaubrustdr\u00fccker (Sufflamen chrysopterus) ist in Ostafrika, Malediven, ganz S\u00fcdostasien und Ozeanien bis Samoa verbreitet.<\/p>\n\n\n\n<p>Im Roten Meer und Oman wurde dieser jedoch von dem Rotmeer-Blaubrustdr\u00fccker verdr\u00e4ngt.<\/p>\n\n\n\n<p><strong>Bedrohungsstatus:<\/strong> Die Art wird auf der Roten Liste der IUCN als<mark style=\"background-color:rgba(0, 0, 0, 0)\" class=\"has-inline-color has-vivid-green-cyan-color\"> \u201e nicht gef\u00e4hrdet\u201c<\/mark> gef\u00fchrt.<\/p>\n\n\n\n<hr class=\"wp-block-separator has-alpha-channel-opacity is-style-default\"\/>\n","protected":false},"excerpt":{"rendered":"<p>Rotmeer-Blaubrustdr\u00fccker Bluethroat triggerfish Sufflamen albicaudatum Gr\u00f6\u00dfe: bis 22 cm Lebensraum: Symbioseanemonen im Korallenriffe Vorkommen: Rotes Meer und Golf von Oman Erkennungsmerkmale: Grundfarbe braun; heller Querstreifen hinter dem Auge; blaues Maul; M\u00e4nnchen haben eine blaue Brust Biologie &amp; Verhalten: Rotmeer-Blaubrustdr\u00fccker ist von dem Indopazifik-Blaubrustdr\u00fccker (Sufflamen chrysopterus) so gut wie nicht zu unterscheiden. Sowohl die Zeichnung, Farbe &hellip; <\/p>\n<p class=\"link-more\"><a href=\"https:\/\/alles-ueber-riffe.de\/?page_id=4469\" class=\"more-link\"><span class=\"screen-reader-text\">\u201eRotmeer-Blaubrustdr\u00fccker\u201c<\/span> weiterlesen<\/a><\/p>\n","protected":false},"author":1,"featured_media":0,"parent":0,"menu_order":0,"comment_status":"closed","ping_status":"closed","template":"","meta":{"footnotes":""},"class_list":["post-4469","page","type-page","status-publish","hentry"],"_links":{"self":[{"href":"https:\/\/alles-ueber-riffe.de\/index.php?rest_route=\/wp\/v2\/pages\/4469","targetHints":{"allow":["GET"]}}],"collection":[{"href":"https:\/\/alles-ueber-riffe.de\/index.php?rest_route=\/wp\/v2\/pages"}],"about":[{"href":"https:\/\/alles-ueber-riffe.de\/index.php?rest_route=\/wp\/v2\/types\/page"}],"author":[{"embeddable":true,"href":"https:\/\/alles-ueber-riffe.de\/index.php?rest_route=\/wp\/v2\/users\/1"}],"replies":[{"embeddable":true,"href":"https:\/\/alles-ueber-riffe.de\/index.php?rest_route=%2Fwp%2Fv2%2Fcomments&post=4469"}],"version-history":[{"count":6,"href":"https:\/\/alles-ueber-riffe.de\/index.php?rest_route=\/wp\/v2\/pages\/4469\/revisions"}],"predecessor-version":[{"id":6948,"href":"https:\/\/alles-ueber-riffe.de\/index.php?rest_route=\/wp\/v2\/pages\/4469\/revisions\/6948"}],"wp:attachment":[{"href":"https:\/\/alles-ueber-riffe.de\/index.php?rest_route=%2Fwp%2Fv2%2Fmedia&parent=4469"}],"curies":[{"name":"wp","href":"https:\/\/api.w.org\/{rel}","templated":true}]}}