{"id":4467,"date":"2025-01-08T04:45:33","date_gmt":"2025-01-08T04:45:33","guid":{"rendered":"https:\/\/alles-ueber-riffe.de\/?page_id=4467"},"modified":"2025-01-16T07:42:09","modified_gmt":"2025-01-16T07:42:09","slug":"riesen-drueckerfisch","status":"publish","type":"page","link":"https:\/\/alles-ueber-riffe.de\/?page_id=4467","title":{"rendered":"Riesen-Dr\u00fcckerfisch"},"content":{"rendered":"\n<div class=\"wp-block-group is-vertical is-layout-flex wp-container-core-group-is-layout-8cf370e7 wp-block-group-is-layout-flex\">\n<p><strong>Riesen-Dr\u00fcckerfisch<\/strong><\/p>\n\n\n\n<p>Titan triggerfish<\/p>\n\n\n\n<p><em>Balistoides viridescens<\/em><\/p>\n<\/div>\n\n\n\n<div style=\"height:30px\" aria-hidden=\"true\" class=\"wp-block-spacer\"><\/div>\n\n\n\n<figure class=\"wp-block-video\"><video height=\"576\" style=\"aspect-ratio: 1024 \/ 576;\" width=\"1024\" controls src=\"https:\/\/alles-ueber-riffe.de\/wp-content\/uploads\/2025\/01\/riesen_drueckerfisch.mp4\"><\/video><figcaption class=\"wp-element-caption\">\u00a9 Heinz Krimmer<\/figcaption><\/figure>\n\n\n\n<hr class=\"wp-block-separator has-alpha-channel-opacity is-style-default\"\/>\n\n\n\n<p><strong>Gr\u00f6\u00dfe: <\/strong> bis 75 cm<\/p>\n\n\n\n<p><strong>Lebensraum:<\/strong> Korallenriffe, Seegraswiesen<\/p>\n\n\n\n<p><strong>Vorkommen:  <\/strong>Ostafrika, Rotes Meer, Malediven, S\u00fcdjapan, ganz S\u00fcdostasien, Nordaustralien, Papua-Neuguinea, Ozeanien bis zu den Tuamoto Inseln<\/p>\n\n\n\n<p><strong>Erkennungsmerkmale: <\/strong> Grundfarbe gelblich bis dunkelgr\u00fcn, gro\u00dfer, wei\u00dfer Fleck an der Schwanzwurzel<\/p>\n\n\n\n<p><strong>Biologie &amp; Verhalten: <\/strong> Der gr\u00f6\u00dfte und beim Bewachen der Eier aggressivste Dr\u00fcckerfisch.<\/p>\n\n\n\n<p>Frisst Wirbellose wie Seeigel, Krebse, Muscheln. Dabei verwendet er eine Blastechnik, mit der er Beute dreht oder aus dem Sand frei gr\u00e4bt. Mit seinem starken Gebiss kann er auch Steine entfernen.<\/p>\n\n\n\n<p><mark style=\"background-color:rgba(0, 0, 0, 0)\" class=\"has-inline-color has-vivid-red-color\"><strong>Gefahr:<\/strong> Dr\u00fcckerfische bewachen ihre Nester und besonders die gr\u00f6\u00dferen Arten k\u00f6nnen dabei sehr aggressiv werden, ganz besonders der Riesen-Dr\u00fcckerfisch. Deshalb sollte man dem Nest diesen Dr\u00fcckerfisches auf keinen Fall n\u00e4hern. Sie haben keine Angst vor Tauchern. Ihre starken Gebisse k\u00f6nnen dabei einen Taucheranzug leicht durchdringen und schwere Bisswunden verursachen. Das Revier um das Nest hat eine konische nach oben gerichtete Form. Deshalb sollte man immer zur Seite wegschwimmen und auf keinen Fall nach oben.<\/mark><\/p>\n\n\n\n<p><strong>Bedrohungsstatus:<\/strong> Die Art wird auf der Roten Liste der IUCN als <mark style=\"background-color:rgba(0, 0, 0, 0)\" class=\"has-inline-color has-vivid-green-cyan-color\">\u201e nicht gef\u00e4hrdet\u201c <\/mark>gef\u00fchrt.<\/p>\n\n\n\n<hr class=\"wp-block-separator has-alpha-channel-opacity is-style-default\"\/>\n\n\n\n<p><\/p>\n","protected":false},"excerpt":{"rendered":"<p>Riesen-Dr\u00fcckerfisch Titan triggerfish Balistoides viridescens Gr\u00f6\u00dfe: bis 75 cm Lebensraum: Korallenriffe, Seegraswiesen Vorkommen: Ostafrika, Rotes Meer, Malediven, S\u00fcdjapan, ganz S\u00fcdostasien, Nordaustralien, Papua-Neuguinea, Ozeanien bis zu den Tuamoto Inseln Erkennungsmerkmale: Grundfarbe gelblich bis dunkelgr\u00fcn, gro\u00dfer, wei\u00dfer Fleck an der Schwanzwurzel Biologie &amp; Verhalten: Der gr\u00f6\u00dfte und beim Bewachen der Eier aggressivste Dr\u00fcckerfisch. Frisst Wirbellose wie Seeigel, &hellip; <\/p>\n<p class=\"link-more\"><a href=\"https:\/\/alles-ueber-riffe.de\/?page_id=4467\" class=\"more-link\"><span class=\"screen-reader-text\">\u201eRiesen-Dr\u00fcckerfisch\u201c<\/span> weiterlesen<\/a><\/p>\n","protected":false},"author":1,"featured_media":0,"parent":0,"menu_order":0,"comment_status":"closed","ping_status":"closed","template":"","meta":{"footnotes":""},"class_list":["post-4467","page","type-page","status-publish","hentry"],"_links":{"self":[{"href":"https:\/\/alles-ueber-riffe.de\/index.php?rest_route=\/wp\/v2\/pages\/4467","targetHints":{"allow":["GET"]}}],"collection":[{"href":"https:\/\/alles-ueber-riffe.de\/index.php?rest_route=\/wp\/v2\/pages"}],"about":[{"href":"https:\/\/alles-ueber-riffe.de\/index.php?rest_route=\/wp\/v2\/types\/page"}],"author":[{"embeddable":true,"href":"https:\/\/alles-ueber-riffe.de\/index.php?rest_route=\/wp\/v2\/users\/1"}],"replies":[{"embeddable":true,"href":"https:\/\/alles-ueber-riffe.de\/index.php?rest_route=%2Fwp%2Fv2%2Fcomments&post=4467"}],"version-history":[{"count":6,"href":"https:\/\/alles-ueber-riffe.de\/index.php?rest_route=\/wp\/v2\/pages\/4467\/revisions"}],"predecessor-version":[{"id":6655,"href":"https:\/\/alles-ueber-riffe.de\/index.php?rest_route=\/wp\/v2\/pages\/4467\/revisions\/6655"}],"wp:attachment":[{"href":"https:\/\/alles-ueber-riffe.de\/index.php?rest_route=%2Fwp%2Fv2%2Fmedia&parent=4467"}],"curies":[{"name":"wp","href":"https:\/\/api.w.org\/{rel}","templated":true}]}}