{"id":4465,"date":"2025-01-08T04:45:21","date_gmt":"2025-01-08T04:45:21","guid":{"rendered":"https:\/\/alles-ueber-riffe.de\/?page_id=4465"},"modified":"2025-01-16T04:59:16","modified_gmt":"2025-01-16T04:59:16","slug":"rauher-drueckerfisch","status":"publish","type":"page","link":"https:\/\/alles-ueber-riffe.de\/?page_id=4465","title":{"rendered":"Rauher Dr\u00fcckerfisch"},"content":{"rendered":"\n<div class=\"wp-block-group is-vertical is-layout-flex wp-container-core-group-is-layout-8cf370e7 wp-block-group-is-layout-flex\">\n<p><strong>Rauher Dr\u00fcckerfisch<\/strong><\/p>\n\n\n\n<p>Rough triggerfish<\/p>\n\n\n\n<p><em>Canthidermis maculata<\/em><\/p>\n<\/div>\n\n\n\n<div style=\"height:30px\" aria-hidden=\"true\" class=\"wp-block-spacer\"><\/div>\n\n\n\n<figure class=\"wp-block-video\"><video height=\"576\" style=\"aspect-ratio: 1024 \/ 576;\" width=\"1024\" controls src=\"https:\/\/alles-ueber-riffe.de\/wp-content\/uploads\/2025\/01\/Rauher-Drueckerfisch.mp4\"><\/video><figcaption class=\"wp-element-caption\">\u00a9 Heinz Krimmer<\/figcaption><\/figure>\n\n\n\n<hr class=\"wp-block-separator has-alpha-channel-opacity is-style-default\"\/>\n\n\n\n<p><strong>Gr\u00f6\u00dfe: <\/strong> bis 50 cm<\/p>\n\n\n\n<p><strong>Lebensraum:<\/strong> Korallenriffe<\/p>\n\n\n\n<p><strong>Vorkommen:  <\/strong>in allen tropischen Bereichen des Pazifiks und des Atlantik<\/p>\n\n\n\n<p><strong>Erkennungsmerkmale: <\/strong> runder Kopf; Grundfarbe grau; manchmal mit wei\u00dfen Punkten<\/p>\n\n\n\n<p><strong>Biologie &amp; Verhalten: <\/strong> Diese sehr weit verbreitete Art lebt in gro\u00dfen Schulen. Oft im Freiwasser in der N\u00e4he des Riffes zu finden oder im offenen Ozean in der N\u00e4he von Treibgut.<\/p>\n\n\n\n<p><strong>Bedrohungsstatus:<\/strong> Die Art wird auf der Roten Liste der IUCN als \u201e nicht gef\u00e4hrdet\u201c gef\u00fchrt.<\/p>\n\n\n\n<hr class=\"wp-block-separator has-alpha-channel-opacity is-style-default\"\/>\n","protected":false},"excerpt":{"rendered":"<p>Rauher Dr\u00fcckerfisch Rough triggerfish Canthidermis maculata Gr\u00f6\u00dfe: bis 50 cm Lebensraum: Korallenriffe Vorkommen: in allen tropischen Bereichen des Pazifiks und des Atlantik Erkennungsmerkmale: runder Kopf; Grundfarbe grau; manchmal mit wei\u00dfen Punkten Biologie &amp; Verhalten: Diese sehr weit verbreitete Art lebt in gro\u00dfen Schulen. Oft im Freiwasser in der N\u00e4he des Riffes zu finden oder im &hellip; <\/p>\n<p class=\"link-more\"><a href=\"https:\/\/alles-ueber-riffe.de\/?page_id=4465\" class=\"more-link\"><span class=\"screen-reader-text\">\u201eRauher Dr\u00fcckerfisch\u201c<\/span> weiterlesen<\/a><\/p>\n","protected":false},"author":1,"featured_media":0,"parent":0,"menu_order":0,"comment_status":"closed","ping_status":"closed","template":"","meta":{"footnotes":""},"class_list":["post-4465","page","type-page","status-publish","hentry"],"_links":{"self":[{"href":"https:\/\/alles-ueber-riffe.de\/index.php?rest_route=\/wp\/v2\/pages\/4465","targetHints":{"allow":["GET"]}}],"collection":[{"href":"https:\/\/alles-ueber-riffe.de\/index.php?rest_route=\/wp\/v2\/pages"}],"about":[{"href":"https:\/\/alles-ueber-riffe.de\/index.php?rest_route=\/wp\/v2\/types\/page"}],"author":[{"embeddable":true,"href":"https:\/\/alles-ueber-riffe.de\/index.php?rest_route=\/wp\/v2\/users\/1"}],"replies":[{"embeddable":true,"href":"https:\/\/alles-ueber-riffe.de\/index.php?rest_route=%2Fwp%2Fv2%2Fcomments&post=4465"}],"version-history":[{"count":5,"href":"https:\/\/alles-ueber-riffe.de\/index.php?rest_route=\/wp\/v2\/pages\/4465\/revisions"}],"predecessor-version":[{"id":6638,"href":"https:\/\/alles-ueber-riffe.de\/index.php?rest_route=\/wp\/v2\/pages\/4465\/revisions\/6638"}],"wp:attachment":[{"href":"https:\/\/alles-ueber-riffe.de\/index.php?rest_route=%2Fwp%2Fv2%2Fmedia&parent=4465"}],"curies":[{"name":"wp","href":"https:\/\/api.w.org\/{rel}","templated":true}]}}