{"id":4461,"date":"2025-01-08T04:44:50","date_gmt":"2025-01-08T04:44:50","guid":{"rendered":"https:\/\/alles-ueber-riffe.de\/?page_id=4461"},"modified":"2025-01-16T04:55:49","modified_gmt":"2025-01-16T04:55:49","slug":"orangeseiten-drueckerfisch","status":"publish","type":"page","link":"https:\/\/alles-ueber-riffe.de\/?page_id=4461","title":{"rendered":"Orangeseiten-Dr\u00fcckerfisch"},"content":{"rendered":"\n<div class=\"wp-block-group is-vertical is-layout-flex wp-container-core-group-is-layout-8cf370e7 wp-block-group-is-layout-flex\">\n<p><strong>Orangeseiten-Dr\u00fcckerfisch<\/strong><\/p>\n\n\n\n<p>Orangeside triggerfish<\/p>\n\n\n\n<p><em>Sufflamen verres<\/em><\/p>\n<\/div>\n\n\n\n<div style=\"height:30px\" aria-hidden=\"true\" class=\"wp-block-spacer\"><\/div>\n\n\n\n<figure class=\"wp-block-video\"><video height=\"576\" style=\"aspect-ratio: 1024 \/ 576;\" width=\"1024\" controls src=\"https:\/\/alles-ueber-riffe.de\/wp-content\/uploads\/2025\/01\/Orangeseiten-Drueckerfisch.mp4\"><\/video><figcaption class=\"wp-element-caption\">\u00a9 Heinz Krimmer<\/figcaption><\/figure>\n\n\n\n<hr class=\"wp-block-separator has-alpha-channel-opacity is-style-default\"\/>\n\n\n\n<p><strong>Gr\u00f6\u00dfe: <\/strong> bis 40 cm<\/p>\n\n\n\n<p><strong>Lebensraum:<\/strong> Korallenriffe<\/p>\n\n\n\n<p><strong>Vorkommen:  <\/strong>tropische Pazifikk\u00fcste S\u00fcdamerikas, Galapagos, Cocos und Malpelo<\/p>\n\n\n\n<p><strong>Erkennungsmerkmale: <\/strong> gro\u00dfer orangener Fleck auf dem Bauch<\/p>\n\n\n\n<p><strong>Biologie &amp; Verhalten: <\/strong> Dieser Dr\u00fcckerfisch ist ein Einzelg\u00e4nger. Frisst Wirbellose.<\/p>\n\n\n\n<p><strong>Bedrohungsstatus:<\/strong> Die Art wird auf der Roten Liste der IUCN als \u201e nicht gef\u00e4hrdet\u201c gef\u00fchrt.<\/p>\n\n\n\n<hr class=\"wp-block-separator has-alpha-channel-opacity is-style-default\"\/>\n","protected":false},"excerpt":{"rendered":"<p>Orangeseiten-Dr\u00fcckerfisch Orangeside triggerfish Sufflamen verres Gr\u00f6\u00dfe: bis 40 cm Lebensraum: Korallenriffe Vorkommen: tropische Pazifikk\u00fcste S\u00fcdamerikas, Galapagos, Cocos und Malpelo Erkennungsmerkmale: gro\u00dfer orangener Fleck auf dem Bauch Biologie &amp; Verhalten: Dieser Dr\u00fcckerfisch ist ein Einzelg\u00e4nger. Frisst Wirbellose. Bedrohungsstatus: Die Art wird auf der Roten Liste der IUCN als \u201e nicht gef\u00e4hrdet\u201c gef\u00fchrt.<\/p>\n","protected":false},"author":1,"featured_media":0,"parent":0,"menu_order":0,"comment_status":"closed","ping_status":"closed","template":"","meta":{"footnotes":""},"class_list":["post-4461","page","type-page","status-publish","hentry"],"_links":{"self":[{"href":"https:\/\/alles-ueber-riffe.de\/index.php?rest_route=\/wp\/v2\/pages\/4461","targetHints":{"allow":["GET"]}}],"collection":[{"href":"https:\/\/alles-ueber-riffe.de\/index.php?rest_route=\/wp\/v2\/pages"}],"about":[{"href":"https:\/\/alles-ueber-riffe.de\/index.php?rest_route=\/wp\/v2\/types\/page"}],"author":[{"embeddable":true,"href":"https:\/\/alles-ueber-riffe.de\/index.php?rest_route=\/wp\/v2\/users\/1"}],"replies":[{"embeddable":true,"href":"https:\/\/alles-ueber-riffe.de\/index.php?rest_route=%2Fwp%2Fv2%2Fcomments&post=4461"}],"version-history":[{"count":4,"href":"https:\/\/alles-ueber-riffe.de\/index.php?rest_route=\/wp\/v2\/pages\/4461\/revisions"}],"predecessor-version":[{"id":6632,"href":"https:\/\/alles-ueber-riffe.de\/index.php?rest_route=\/wp\/v2\/pages\/4461\/revisions\/6632"}],"wp:attachment":[{"href":"https:\/\/alles-ueber-riffe.de\/index.php?rest_route=%2Fwp%2Fv2%2Fmedia&parent=4461"}],"curies":[{"name":"wp","href":"https:\/\/api.w.org\/{rel}","templated":true}]}}