{"id":4457,"date":"2025-01-08T04:44:23","date_gmt":"2025-01-08T04:44:23","guid":{"rendered":"https:\/\/alles-ueber-riffe.de\/?page_id=4457"},"modified":"2025-01-16T04:33:09","modified_gmt":"2025-01-16T04:33:09","slug":"gemeiner-picassodruecker","status":"publish","type":"page","link":"https:\/\/alles-ueber-riffe.de\/?page_id=4457","title":{"rendered":"Gemeiner Picassodr\u00fccker"},"content":{"rendered":"\n<div class=\"wp-block-group is-vertical is-layout-flex wp-container-core-group-is-layout-8cf370e7 wp-block-group-is-layout-flex\">\n<p><strong>Gemeiner Picassodr\u00fccker<\/strong><\/p>\n\n\n\n<p>White-banded triggerfish<\/p>\n\n\n\n<p><em>Rhinecanthus aculeatus<\/em><\/p>\n<\/div>\n\n\n\n<div style=\"height:30px\" aria-hidden=\"true\" class=\"wp-block-spacer\"><\/div>\n\n\n\n<figure class=\"wp-block-image size-full\"><img loading=\"lazy\" decoding=\"async\" width=\"1024\" height=\"768\" src=\"https:\/\/alles-ueber-riffe.de\/wp-content\/uploads\/2025\/01\/Gemeiner-Picassodruecker_1024x768.jpg\" alt=\"\" class=\"wp-image-6594\" srcset=\"https:\/\/alles-ueber-riffe.de\/wp-content\/uploads\/2025\/01\/Gemeiner-Picassodruecker_1024x768.jpg 1024w, https:\/\/alles-ueber-riffe.de\/wp-content\/uploads\/2025\/01\/Gemeiner-Picassodruecker_1024x768-300x225.jpg 300w, https:\/\/alles-ueber-riffe.de\/wp-content\/uploads\/2025\/01\/Gemeiner-Picassodruecker_1024x768-768x576.jpg 768w\" sizes=\"auto, (max-width: 767px) 89vw, (max-width: 1000px) 54vw, (max-width: 1071px) 543px, 580px\" \/><figcaption class=\"wp-element-caption\">\u00a9 Heinz Krimmer<\/figcaption><\/figure>\n\n\n\n<hr class=\"wp-block-separator has-alpha-channel-opacity is-style-default\"\/>\n\n\n\n<p><strong>Gr\u00f6\u00dfe: <\/strong> bis 30 cm<\/p>\n\n\n\n<p><strong>Lebensraum:<\/strong> Korallenriffe<\/p>\n\n\n\n<p><strong>Vorkommen:  <\/strong>Ostafrika, Rotes Meer,Malediven, S\u00fcdjapan, ganz S\u00fcdostasien, Nordaustralien, Ozeanien bis Hawaii; im Atlantik an der K\u00fcste Senegals bis fast nach S\u00fcdafrika<\/p>\n\n\n\n<p><strong>Erkennungsmerkmale: <\/strong> gelbe-orangener Streifen vom Maul bis zur Wange, zwei wei\u00dfe bis hellblaue Streifenpaare im hinteren, unteren Bauchbereich<\/p>\n\n\n\n<p><strong>Biologie &amp; Verhalten: <\/strong> Diese extrem weit verbreitete Art ist ein Allesfresser. Sowohl Wirbellose, Fische als auch Algen stehen auf dem Speiseplan. Wenn sie sich bedroht f\u00fchlen, k\u00f6nnen sie ein brummendes Ger\u00e4usch erzeugen.<\/p>\n\n\n\n<p><strong>Bedrohungsstatus:<\/strong> Die Art wird auf der Roten Liste der IUCN als \u201e nicht gef\u00e4hrdet\u201c gef\u00fchrt.<\/p>\n\n\n\n<hr class=\"wp-block-separator has-alpha-channel-opacity is-style-default\"\/>\n","protected":false},"excerpt":{"rendered":"<p>Gemeiner Picassodr\u00fccker White-banded triggerfish Rhinecanthus aculeatus Gr\u00f6\u00dfe: bis 30 cm Lebensraum: Korallenriffe Vorkommen: Ostafrika, Rotes Meer,Malediven, S\u00fcdjapan, ganz S\u00fcdostasien, Nordaustralien, Ozeanien bis Hawaii; im Atlantik an der K\u00fcste Senegals bis fast nach S\u00fcdafrika Erkennungsmerkmale: gelbe-orangener Streifen vom Maul bis zur Wange, zwei wei\u00dfe bis hellblaue Streifenpaare im hinteren, unteren Bauchbereich Biologie &amp; Verhalten: Diese extrem &hellip; <\/p>\n<p class=\"link-more\"><a href=\"https:\/\/alles-ueber-riffe.de\/?page_id=4457\" class=\"more-link\"><span class=\"screen-reader-text\">\u201eGemeiner Picassodr\u00fccker\u201c<\/span> weiterlesen<\/a><\/p>\n","protected":false},"author":1,"featured_media":0,"parent":0,"menu_order":0,"comment_status":"closed","ping_status":"closed","template":"","meta":{"footnotes":""},"class_list":["post-4457","page","type-page","status-publish","hentry"],"_links":{"self":[{"href":"https:\/\/alles-ueber-riffe.de\/index.php?rest_route=\/wp\/v2\/pages\/4457","targetHints":{"allow":["GET"]}}],"collection":[{"href":"https:\/\/alles-ueber-riffe.de\/index.php?rest_route=\/wp\/v2\/pages"}],"about":[{"href":"https:\/\/alles-ueber-riffe.de\/index.php?rest_route=\/wp\/v2\/types\/page"}],"author":[{"embeddable":true,"href":"https:\/\/alles-ueber-riffe.de\/index.php?rest_route=\/wp\/v2\/users\/1"}],"replies":[{"embeddable":true,"href":"https:\/\/alles-ueber-riffe.de\/index.php?rest_route=%2Fwp%2Fv2%2Fcomments&post=4457"}],"version-history":[{"count":6,"href":"https:\/\/alles-ueber-riffe.de\/index.php?rest_route=\/wp\/v2\/pages\/4457\/revisions"}],"predecessor-version":[{"id":6598,"href":"https:\/\/alles-ueber-riffe.de\/index.php?rest_route=\/wp\/v2\/pages\/4457\/revisions\/6598"}],"wp:attachment":[{"href":"https:\/\/alles-ueber-riffe.de\/index.php?rest_route=%2Fwp%2Fv2%2Fmedia&parent=4457"}],"curies":[{"name":"wp","href":"https:\/\/api.w.org\/{rel}","templated":true}]}}