{"id":4455,"date":"2025-01-08T04:44:09","date_gmt":"2025-01-08T04:44:09","guid":{"rendered":"https:\/\/alles-ueber-riffe.de\/?page_id=4455"},"modified":"2025-01-16T04:38:00","modified_gmt":"2025-01-16T04:38:00","slug":"blaustreifen-drueckerfisch","status":"publish","type":"page","link":"https:\/\/alles-ueber-riffe.de\/?page_id=4455","title":{"rendered":"Blaustreifen-Dr\u00fcckerfisch"},"content":{"rendered":"\n<div class=\"wp-block-group is-vertical is-layout-flex wp-container-core-group-is-layout-8cf370e7 wp-block-group-is-layout-flex\">\n<p><strong>Blaustreifen-Dr\u00fcckerfisch<\/strong><\/p>\n\n\n\n<p>Yellow-spotted triggerfish<\/p>\n\n\n\n<p><em>Pseudobalistes fuscus<\/em><\/p>\n<\/div>\n\n\n\n<div style=\"height:30px\" aria-hidden=\"true\" class=\"wp-block-spacer\"><\/div>\n\n\n\n<figure class=\"wp-block-image size-full\"><img loading=\"lazy\" decoding=\"async\" width=\"960\" height=\"640\" src=\"https:\/\/alles-ueber-riffe.de\/wp-content\/uploads\/2025\/01\/blaustreifen_drueckerfisch_960_640.jpg\" alt=\"\" class=\"wp-image-6603\" srcset=\"https:\/\/alles-ueber-riffe.de\/wp-content\/uploads\/2025\/01\/blaustreifen_drueckerfisch_960_640.jpg 960w, https:\/\/alles-ueber-riffe.de\/wp-content\/uploads\/2025\/01\/blaustreifen_drueckerfisch_960_640-300x200.jpg 300w, https:\/\/alles-ueber-riffe.de\/wp-content\/uploads\/2025\/01\/blaustreifen_drueckerfisch_960_640-768x512.jpg 768w\" sizes=\"auto, (max-width: 767px) 89vw, (max-width: 1000px) 54vw, (max-width: 1071px) 543px, 580px\" \/><figcaption class=\"wp-element-caption\">\u00a9 Heinz Krimmer<\/figcaption><\/figure>\n\n\n\n<hr class=\"wp-block-separator has-alpha-channel-opacity is-style-default\"\/>\n\n\n\n<p><strong>Gr\u00f6\u00dfe: <\/strong> bis 55 cm<\/p>\n\n\n\n<p><strong>Lebensraum:<\/strong> Korallenriffe<\/p>\n\n\n\n<p><strong>Vorkommen:  <\/strong>Ostafrika, Malediven, ganz S\u00fcdostasien, S\u00fcdjapan, Nordaustralien, Papua-Neuguinea<\/p>\n\n\n\n<p><strong>Erkennungsmerkmale: <\/strong> Grundfarbe blau; helles Maul; gelbe Flecken, die bei adulten Tieren fast ganz verschwinden k\u00f6nnen<\/p>\n\n\n\n<p><strong>Biologie &amp; Verhalten: <\/strong> Frisst Wirbellose wie Seeigel, Krebse, Muscheln aber auch tote Fische. Dabei verwendet er eine Blastechnik, mit der er Beute dreht oder aus dem Sand frei gr\u00e4bt.<\/p>\n\n\n\n<p><strong>Gefahr:<\/strong> Dr\u00fcckerfische bewachen ihre Nester und besonders die gr\u00f6\u00dferen Arten k\u00f6nnen dabei sehr aggressiv werden. Sie haben dabei auch keine Angst vor Tauchern. Ihre starken Gebisse k\u00f6nnen dabei einen Taucheranzug leicht durchdringen und schwere Bisswunden verursachen. Das Revier um das Nest hat eine konische nach oben gerichtete Form. Deshalb sollte man immer zur Seite wegschwimmen und auf keinen Fall nach oben.<\/p>\n\n\n\n<p><strong>Bedrohungsstatus:<\/strong> Die Art wird auf der Roten Liste der IUCN als \u201e nicht gef\u00e4hrdet\u201c gef\u00fchrt.<\/p>\n\n\n\n<hr class=\"wp-block-separator has-alpha-channel-opacity is-style-default\"\/>\n","protected":false},"excerpt":{"rendered":"<p>Blaustreifen-Dr\u00fcckerfisch Yellow-spotted triggerfish Pseudobalistes fuscus Gr\u00f6\u00dfe: bis 55 cm Lebensraum: Korallenriffe Vorkommen: Ostafrika, Malediven, ganz S\u00fcdostasien, S\u00fcdjapan, Nordaustralien, Papua-Neuguinea Erkennungsmerkmale: Grundfarbe blau; helles Maul; gelbe Flecken, die bei adulten Tieren fast ganz verschwinden k\u00f6nnen Biologie &amp; Verhalten: Frisst Wirbellose wie Seeigel, Krebse, Muscheln aber auch tote Fische. Dabei verwendet er eine Blastechnik, mit der er &hellip; <\/p>\n<p class=\"link-more\"><a href=\"https:\/\/alles-ueber-riffe.de\/?page_id=4455\" class=\"more-link\"><span class=\"screen-reader-text\">\u201eBlaustreifen-Dr\u00fcckerfisch\u201c<\/span> weiterlesen<\/a><\/p>\n","protected":false},"author":1,"featured_media":0,"parent":0,"menu_order":0,"comment_status":"closed","ping_status":"closed","template":"","meta":{"footnotes":""},"class_list":["post-4455","page","type-page","status-publish","hentry"],"_links":{"self":[{"href":"https:\/\/alles-ueber-riffe.de\/index.php?rest_route=\/wp\/v2\/pages\/4455","targetHints":{"allow":["GET"]}}],"collection":[{"href":"https:\/\/alles-ueber-riffe.de\/index.php?rest_route=\/wp\/v2\/pages"}],"about":[{"href":"https:\/\/alles-ueber-riffe.de\/index.php?rest_route=\/wp\/v2\/types\/page"}],"author":[{"embeddable":true,"href":"https:\/\/alles-ueber-riffe.de\/index.php?rest_route=\/wp\/v2\/users\/1"}],"replies":[{"embeddable":true,"href":"https:\/\/alles-ueber-riffe.de\/index.php?rest_route=%2Fwp%2Fv2%2Fcomments&post=4455"}],"version-history":[{"count":6,"href":"https:\/\/alles-ueber-riffe.de\/index.php?rest_route=\/wp\/v2\/pages\/4455\/revisions"}],"predecessor-version":[{"id":6604,"href":"https:\/\/alles-ueber-riffe.de\/index.php?rest_route=\/wp\/v2\/pages\/4455\/revisions\/6604"}],"wp:attachment":[{"href":"https:\/\/alles-ueber-riffe.de\/index.php?rest_route=%2Fwp%2Fv2%2Fmedia&parent=4455"}],"curies":[{"name":"wp","href":"https:\/\/api.w.org\/{rel}","templated":true}]}}