{"id":4453,"date":"2025-01-08T04:43:54","date_gmt":"2025-01-08T04:43:54","guid":{"rendered":"https:\/\/alles-ueber-riffe.de\/?page_id=4453"},"modified":"2025-01-16T04:29:55","modified_gmt":"2025-01-16T04:29:55","slug":"arabischer-picassodruecker","status":"publish","type":"page","link":"https:\/\/alles-ueber-riffe.de\/?page_id=4453","title":{"rendered":"Arabischer Picassodr\u00fccker"},"content":{"rendered":"\n<div class=\"wp-block-group is-vertical is-layout-flex wp-container-core-group-is-layout-8cf370e7 wp-block-group-is-layout-flex\">\n<p><strong>Arabischer Picassodruecker<\/strong><\/p>\n\n\n\n<p>Picasso triggerfish<\/p>\n\n\n\n<p><em>Rhinecanthus assasi<\/em><\/p>\n<\/div>\n\n\n\n<div style=\"height:30px\" aria-hidden=\"true\" class=\"wp-block-spacer\"><\/div>\n\n\n\n<figure class=\"wp-block-video\"><video height=\"576\" style=\"aspect-ratio: 1024 \/ 576;\" width=\"1024\" controls src=\"https:\/\/alles-ueber-riffe.de\/wp-content\/uploads\/2025\/01\/Arabischer_Picassodruecker_1920_1080.mp4\"><\/video><figcaption class=\"wp-element-caption\">\u00a9 Heinz Krimmer<\/figcaption><\/figure>\n\n\n\n<hr class=\"wp-block-separator has-alpha-channel-opacity is-style-default\"\/>\n\n\n\n<p><strong>Gr\u00f6\u00dfe: <\/strong> bis 30 cm<\/p>\n\n\n\n<p><strong>Lebensraum:<\/strong> Korallenriffe<\/p>\n\n\n\n<p><strong>Vorkommen:  <\/strong>Rotes Meer, Golf von Oman, Persischer Golf<\/p>\n\n\n\n<p><strong>Erkennungsmerkmale: <\/strong> gelbes Maul; drei schwarze L\u00e4ngsstreifen am Schwanzstil<\/p>\n\n\n\n<p><strong>Biologie &amp; Verhalten: <\/strong> Gef\u00e4rbt wie ein kleines abstraktes Gem\u00e4lde. Frisst Wirbellose.<\/p>\n\n\n\n<p><strong>Bedrohungsstatus:<\/strong> Die Art wird auf der Roten Liste der IUCN als \u201e nicht gef\u00e4hrdet\u201c gef\u00fchrt.<\/p>\n\n\n\n<hr class=\"wp-block-separator has-alpha-channel-opacity is-style-default\"\/>\n","protected":false},"excerpt":{"rendered":"<p>Arabischer Picassodruecker Picasso triggerfish Rhinecanthus assasi Gr\u00f6\u00dfe: bis 30 cm Lebensraum: Korallenriffe Vorkommen: Rotes Meer, Golf von Oman, Persischer Golf Erkennungsmerkmale: gelbes Maul; drei schwarze L\u00e4ngsstreifen am Schwanzstil Biologie &amp; Verhalten: Gef\u00e4rbt wie ein kleines abstraktes Gem\u00e4lde. Frisst Wirbellose. Bedrohungsstatus: Die Art wird auf der Roten Liste der IUCN als \u201e nicht gef\u00e4hrdet\u201c gef\u00fchrt.<\/p>\n","protected":false},"author":1,"featured_media":0,"parent":0,"menu_order":0,"comment_status":"closed","ping_status":"closed","template":"","meta":{"footnotes":""},"class_list":["post-4453","page","type-page","status-publish","hentry"],"_links":{"self":[{"href":"https:\/\/alles-ueber-riffe.de\/index.php?rest_route=\/wp\/v2\/pages\/4453","targetHints":{"allow":["GET"]}}],"collection":[{"href":"https:\/\/alles-ueber-riffe.de\/index.php?rest_route=\/wp\/v2\/pages"}],"about":[{"href":"https:\/\/alles-ueber-riffe.de\/index.php?rest_route=\/wp\/v2\/types\/page"}],"author":[{"embeddable":true,"href":"https:\/\/alles-ueber-riffe.de\/index.php?rest_route=\/wp\/v2\/users\/1"}],"replies":[{"embeddable":true,"href":"https:\/\/alles-ueber-riffe.de\/index.php?rest_route=%2Fwp%2Fv2%2Fcomments&post=4453"}],"version-history":[{"count":5,"href":"https:\/\/alles-ueber-riffe.de\/index.php?rest_route=\/wp\/v2\/pages\/4453\/revisions"}],"predecessor-version":[{"id":6592,"href":"https:\/\/alles-ueber-riffe.de\/index.php?rest_route=\/wp\/v2\/pages\/4453\/revisions\/6592"}],"wp:attachment":[{"href":"https:\/\/alles-ueber-riffe.de\/index.php?rest_route=%2Fwp%2Fv2%2Fmedia&parent=4453"}],"curies":[{"name":"wp","href":"https:\/\/api.w.org\/{rel}","templated":true}]}}