{"id":4451,"date":"2025-01-07T13:59:31","date_gmt":"2025-01-07T13:59:31","guid":{"rendered":"https:\/\/alles-ueber-riffe.de\/?page_id=4451"},"modified":"2025-01-13T15:11:53","modified_gmt":"2025-01-13T15:11:53","slug":"zwerghaehnchen","status":"publish","type":"page","link":"https:\/\/alles-ueber-riffe.de\/?page_id=4451","title":{"rendered":"Zwergh\u00e4hnchen"},"content":{"rendered":"\n<div class=\"wp-block-group is-vertical is-layout-flex wp-container-core-group-is-layout-8cf370e7 wp-block-group-is-layout-flex\">\n<p><strong>Zwergh\u00e4hnchen<\/strong><\/p>\n\n\n\n<p>Tropical striped triplefin<\/p>\n\n\n\n<p><em>Helcogramma striatum<\/em><\/p>\n<\/div>\n\n\n\n<div style=\"height:30px\" aria-hidden=\"true\" class=\"wp-block-spacer\"><\/div>\n\n\n\n<figure class=\"wp-block-image size-full\"><img loading=\"lazy\" decoding=\"async\" width=\"1024\" height=\"768\" src=\"https:\/\/alles-ueber-riffe.de\/wp-content\/uploads\/2025\/01\/Zwerghaehnchen_1024x768.jpg\" alt=\"\" class=\"wp-image-6487\" srcset=\"https:\/\/alles-ueber-riffe.de\/wp-content\/uploads\/2025\/01\/Zwerghaehnchen_1024x768.jpg 1024w, https:\/\/alles-ueber-riffe.de\/wp-content\/uploads\/2025\/01\/Zwerghaehnchen_1024x768-300x225.jpg 300w, https:\/\/alles-ueber-riffe.de\/wp-content\/uploads\/2025\/01\/Zwerghaehnchen_1024x768-768x576.jpg 768w\" sizes=\"auto, (max-width: 767px) 89vw, (max-width: 1000px) 54vw, (max-width: 1071px) 543px, 580px\" \/><figcaption class=\"wp-element-caption\">\u00a9 Joris Rombouts<\/figcaption><\/figure>\n\n\n\n<hr class=\"wp-block-separator has-alpha-channel-opacity is-style-default\"\/>\n\n\n\n<p><strong>Gr\u00f6\u00dfe: <\/strong> bis 4,3 cm<\/p>\n\n\n\n<p><strong>Lebensraum:<\/strong> Korallenriffe<\/p>\n\n\n\n<p><strong>Vorkommen:  <\/strong>Philippinen, Indonesien, Australien, Ozeanien bis zu den Salomonen<\/p>\n\n\n\n<p><strong>Erkennungsmerkmale: <\/strong> rot mit wei\u00dfen, d\u00fcnnen L\u00e4ngsstreifen<\/p>\n\n\n\n<p><strong>Biologie &amp; Verhalten: <\/strong> Lebt in kleinen Gruppen zwischen dem Substrat der Riffe und Schw\u00e4mmen. Die Eier werden am Substrat festgeklebt und die Larven werden Teil des k\u00fcstennahen Planktons.<\/p>\n\n\n\n<p><strong>Bedrohungsstatus:<\/strong> Die Art wird auf der Roten Liste der IUCN als \u201e nicht gef\u00e4hrdet\u201c gef\u00fchrt.<\/p>\n\n\n\n<hr class=\"wp-block-separator has-alpha-channel-opacity is-style-default\"\/>\n","protected":false},"excerpt":{"rendered":"<p>Zwergh\u00e4hnchen Tropical striped triplefin Helcogramma striatum Gr\u00f6\u00dfe: bis 4,3 cm Lebensraum: Korallenriffe Vorkommen: Philippinen, Indonesien, Australien, Ozeanien bis zu den Salomonen Erkennungsmerkmale: rot mit wei\u00dfen, d\u00fcnnen L\u00e4ngsstreifen Biologie &amp; Verhalten: Lebt in kleinen Gruppen zwischen dem Substrat der Riffe und Schw\u00e4mmen. Die Eier werden am Substrat festgeklebt und die Larven werden Teil des k\u00fcstennahen Planktons. &hellip; <\/p>\n<p class=\"link-more\"><a href=\"https:\/\/alles-ueber-riffe.de\/?page_id=4451\" class=\"more-link\"><span class=\"screen-reader-text\">\u201eZwergh\u00e4hnchen\u201c<\/span> weiterlesen<\/a><\/p>\n","protected":false},"author":1,"featured_media":0,"parent":0,"menu_order":0,"comment_status":"closed","ping_status":"closed","template":"","meta":{"footnotes":""},"class_list":["post-4451","page","type-page","status-publish","hentry"],"_links":{"self":[{"href":"https:\/\/alles-ueber-riffe.de\/index.php?rest_route=\/wp\/v2\/pages\/4451","targetHints":{"allow":["GET"]}}],"collection":[{"href":"https:\/\/alles-ueber-riffe.de\/index.php?rest_route=\/wp\/v2\/pages"}],"about":[{"href":"https:\/\/alles-ueber-riffe.de\/index.php?rest_route=\/wp\/v2\/types\/page"}],"author":[{"embeddable":true,"href":"https:\/\/alles-ueber-riffe.de\/index.php?rest_route=\/wp\/v2\/users\/1"}],"replies":[{"embeddable":true,"href":"https:\/\/alles-ueber-riffe.de\/index.php?rest_route=%2Fwp%2Fv2%2Fcomments&post=4451"}],"version-history":[{"count":5,"href":"https:\/\/alles-ueber-riffe.de\/index.php?rest_route=\/wp\/v2\/pages\/4451\/revisions"}],"predecessor-version":[{"id":6491,"href":"https:\/\/alles-ueber-riffe.de\/index.php?rest_route=\/wp\/v2\/pages\/4451\/revisions\/6491"}],"wp:attachment":[{"href":"https:\/\/alles-ueber-riffe.de\/index.php?rest_route=%2Fwp%2Fv2%2Fmedia&parent=4451"}],"curies":[{"name":"wp","href":"https:\/\/api.w.org\/{rel}","templated":true}]}}