{"id":4445,"date":"2025-01-07T13:58:51","date_gmt":"2025-01-07T13:58:51","guid":{"rendered":"https:\/\/alles-ueber-riffe.de\/?page_id=4445"},"modified":"2025-01-13T15:12:37","modified_gmt":"2025-01-13T15:12:37","slug":"grossmaul-dreiflosser","status":"publish","type":"page","link":"https:\/\/alles-ueber-riffe.de\/?page_id=4445","title":{"rendered":"Gro\u00dfmaul-Dreiflosser"},"content":{"rendered":"\n<div class=\"wp-block-group is-vertical is-layout-flex wp-container-core-group-is-layout-8cf370e7 wp-block-group-is-layout-flex\">\n<p><strong>Gro\u00dfmaul-Dreiflosser<\/strong><\/p>\n\n\n\n<p>Largemouth triplefin<\/p>\n\n\n\n<p><em>Ucla xenogrammus<\/em><\/p>\n<\/div>\n\n\n\n<div style=\"height:30px\" aria-hidden=\"true\" class=\"wp-block-spacer\"><\/div>\n\n\n\n<figure class=\"wp-block-image size-full\"><img loading=\"lazy\" decoding=\"async\" width=\"1024\" height=\"768\" src=\"https:\/\/alles-ueber-riffe.de\/wp-content\/uploads\/2025\/01\/Grossmaul-Dreiflosser_1024x768.jpg\" alt=\"\" class=\"wp-image-6466\" srcset=\"https:\/\/alles-ueber-riffe.de\/wp-content\/uploads\/2025\/01\/Grossmaul-Dreiflosser_1024x768.jpg 1024w, https:\/\/alles-ueber-riffe.de\/wp-content\/uploads\/2025\/01\/Grossmaul-Dreiflosser_1024x768-300x225.jpg 300w, https:\/\/alles-ueber-riffe.de\/wp-content\/uploads\/2025\/01\/Grossmaul-Dreiflosser_1024x768-768x576.jpg 768w\" sizes=\"auto, (max-width: 767px) 89vw, (max-width: 1000px) 54vw, (max-width: 1071px) 543px, 580px\" \/><figcaption class=\"wp-element-caption\">\u00a9 Joris Rombouts<\/figcaption><\/figure>\n\n\n\n<hr class=\"wp-block-separator has-alpha-channel-opacity is-style-default\"\/>\n\n\n\n<p><strong>Gr\u00f6\u00dfe: <\/strong> bis 4,7 cm<\/p>\n\n\n\n<p><strong>Lebensraum:<\/strong> Korallenriffe<\/p>\n\n\n\n<p><strong>Vorkommen:  <\/strong>Vietnam, Philippinen, Ostindonesien, Nordaustralien, Papua-Neuguinea, Ozeanien bis Tonga<\/p>\n\n\n\n<p><strong>Erkennungsmerkmale: <\/strong> gro\u00dfes Maul; rot-wei\u00dfes L\u00e4ngsband entlang der Wirbels\u00e4ule, teilweise durchsichtig<\/p>\n\n\n\n<p><strong>Biologie &amp; Verhalten: <\/strong> Lebt auf Korallen und Schw\u00e4mmen. Die Eier werden am Substrat festgeklebt und die Larven werden Teil des k\u00fcstennahen Planktons.<\/p>\n\n\n\n<p><strong>Bedrohungsstatus:<\/strong> Die Art wird auf der Roten Liste der IUCN als \u201e nicht gef\u00e4hrdet\u201c gef\u00fchrt.<\/p>\n\n\n\n<hr class=\"wp-block-separator has-alpha-channel-opacity is-style-default\"\/>\n","protected":false},"excerpt":{"rendered":"<p>Gro\u00dfmaul-Dreiflosser Largemouth triplefin Ucla xenogrammus Gr\u00f6\u00dfe: bis 4,7 cm Lebensraum: Korallenriffe Vorkommen: Vietnam, Philippinen, Ostindonesien, Nordaustralien, Papua-Neuguinea, Ozeanien bis Tonga Erkennungsmerkmale: gro\u00dfes Maul; rot-wei\u00dfes L\u00e4ngsband entlang der Wirbels\u00e4ule, teilweise durchsichtig Biologie &amp; Verhalten: Lebt auf Korallen und Schw\u00e4mmen. Die Eier werden am Substrat festgeklebt und die Larven werden Teil des k\u00fcstennahen Planktons. Bedrohungsstatus: Die Art &hellip; <\/p>\n<p class=\"link-more\"><a href=\"https:\/\/alles-ueber-riffe.de\/?page_id=4445\" class=\"more-link\"><span class=\"screen-reader-text\">\u201eGro\u00dfmaul-Dreiflosser\u201c<\/span> weiterlesen<\/a><\/p>\n","protected":false},"author":1,"featured_media":0,"parent":0,"menu_order":0,"comment_status":"closed","ping_status":"closed","template":"","meta":{"footnotes":""},"class_list":["post-4445","page","type-page","status-publish","hentry"],"_links":{"self":[{"href":"https:\/\/alles-ueber-riffe.de\/index.php?rest_route=\/wp\/v2\/pages\/4445","targetHints":{"allow":["GET"]}}],"collection":[{"href":"https:\/\/alles-ueber-riffe.de\/index.php?rest_route=\/wp\/v2\/pages"}],"about":[{"href":"https:\/\/alles-ueber-riffe.de\/index.php?rest_route=\/wp\/v2\/types\/page"}],"author":[{"embeddable":true,"href":"https:\/\/alles-ueber-riffe.de\/index.php?rest_route=\/wp\/v2\/users\/1"}],"replies":[{"embeddable":true,"href":"https:\/\/alles-ueber-riffe.de\/index.php?rest_route=%2Fwp%2Fv2%2Fcomments&post=4445"}],"version-history":[{"count":6,"href":"https:\/\/alles-ueber-riffe.de\/index.php?rest_route=\/wp\/v2\/pages\/4445\/revisions"}],"predecessor-version":[{"id":6493,"href":"https:\/\/alles-ueber-riffe.de\/index.php?rest_route=\/wp\/v2\/pages\/4445\/revisions\/6493"}],"wp:attachment":[{"href":"https:\/\/alles-ueber-riffe.de\/index.php?rest_route=%2Fwp%2Fv2%2Fmedia&parent=4445"}],"curies":[{"name":"wp","href":"https:\/\/api.w.org\/{rel}","templated":true}]}}