{"id":4437,"date":"2025-01-07T13:55:57","date_gmt":"2025-01-07T13:55:57","guid":{"rendered":"https:\/\/alles-ueber-riffe.de\/?page_id=4437"},"modified":"2025-01-14T08:39:27","modified_gmt":"2025-01-14T08:39:27","slug":"straeflings-doktorfisch","status":"publish","type":"page","link":"https:\/\/alles-ueber-riffe.de\/?page_id=4437","title":{"rendered":"Str\u00e4flings-Doktorfisch"},"content":{"rendered":"\n<div class=\"wp-block-group is-vertical is-layout-flex wp-container-core-group-is-layout-8cf370e7 wp-block-group-is-layout-flex\">\n<p><strong>Str\u00e4flings-Doktorfisch<\/strong><\/p>\n\n\n\n<p>Convict surgeonfish<\/p>\n\n\n\n<p><em>Acanthurus triostegus<\/em><\/p>\n<\/div>\n\n\n\n<div style=\"height:30px\" aria-hidden=\"true\" class=\"wp-block-spacer\"><\/div>\n\n\n\n<figure class=\"wp-block-video\"><video height=\"576\" style=\"aspect-ratio: 1024 \/ 576;\" width=\"1024\" controls src=\"https:\/\/alles-ueber-riffe.de\/wp-content\/uploads\/2025\/01\/Straeflings-Doktorfisch.mp4\"><\/video><figcaption class=\"wp-element-caption\">\u00a9 Heinz Krimmer<\/figcaption><\/figure>\n\n\n\n<hr class=\"wp-block-separator has-alpha-channel-opacity is-style-default\"\/>\n\n\n\n<p><strong>Gr\u00f6\u00dfe: <\/strong> bis 27 cm<\/p>\n\n\n\n<p><strong>Lebensraum:<\/strong> Korallenriffe<\/p>\n\n\n\n<p><strong>Vorkommen:  <\/strong>Ostafrika, Malediven, ganz S\u00fcdostasien, S\u00fcdjapan, Nordaustralien, Papua-Neuguinea, Ozeanien, K\u00fcste Mittelamerikas einschlie\u00dflich Galapagos<\/p>\n\n\n\n<p><strong>Erkennungsmerkmale: <\/strong> Grundfarbe wei\u00df, schwarze d\u00fcnne Querstreifen<\/p>\n\n\n\n<p><strong>Biologie &amp; Verhalten: <\/strong> Die Art hat sich \u00fcber den ganzen tropischen Pazifik verbreitet. R\u00e4tselhafter Weise kommt sie aber im Roten Meer und dem arabischen Golf nicht vor. Das ist umso seltsamer, da es die Art geschafft hat die Weiten des Ostpazifik zur \u00fcberwinden. Frisst Algen, die die Fische vom Substrat weiden. Lebt immer in gro\u00dfen Gruppen.<\/p>\n\n\n\n<p><strong>Bedrohungsstatus:<\/strong> Die Art wird auf der Roten Liste der IUCN als \u201e nicht gef\u00e4hrdet\u201c gef\u00fchrt.<\/p>\n\n\n\n<hr class=\"wp-block-separator has-alpha-channel-opacity is-style-default\"\/>\n","protected":false},"excerpt":{"rendered":"<p>Str\u00e4flings-Doktorfisch Convict surgeonfish Acanthurus triostegus Gr\u00f6\u00dfe: bis 27 cm Lebensraum: Korallenriffe Vorkommen: Ostafrika, Malediven, ganz S\u00fcdostasien, S\u00fcdjapan, Nordaustralien, Papua-Neuguinea, Ozeanien, K\u00fcste Mittelamerikas einschlie\u00dflich Galapagos Erkennungsmerkmale: Grundfarbe wei\u00df, schwarze d\u00fcnne Querstreifen Biologie &amp; Verhalten: Die Art hat sich \u00fcber den ganzen tropischen Pazifik verbreitet. R\u00e4tselhafter Weise kommt sie aber im Roten Meer und dem arabischen Golf &hellip; <\/p>\n<p class=\"link-more\"><a href=\"https:\/\/alles-ueber-riffe.de\/?page_id=4437\" class=\"more-link\"><span class=\"screen-reader-text\">\u201eStr\u00e4flings-Doktorfisch\u201c<\/span> weiterlesen<\/a><\/p>\n","protected":false},"author":1,"featured_media":0,"parent":0,"menu_order":0,"comment_status":"closed","ping_status":"closed","template":"","meta":{"footnotes":""},"class_list":["post-4437","page","type-page","status-publish","hentry"],"_links":{"self":[{"href":"https:\/\/alles-ueber-riffe.de\/index.php?rest_route=\/wp\/v2\/pages\/4437","targetHints":{"allow":["GET"]}}],"collection":[{"href":"https:\/\/alles-ueber-riffe.de\/index.php?rest_route=\/wp\/v2\/pages"}],"about":[{"href":"https:\/\/alles-ueber-riffe.de\/index.php?rest_route=\/wp\/v2\/types\/page"}],"author":[{"embeddable":true,"href":"https:\/\/alles-ueber-riffe.de\/index.php?rest_route=\/wp\/v2\/users\/1"}],"replies":[{"embeddable":true,"href":"https:\/\/alles-ueber-riffe.de\/index.php?rest_route=%2Fwp%2Fv2%2Fcomments&post=4437"}],"version-history":[{"count":7,"href":"https:\/\/alles-ueber-riffe.de\/index.php?rest_route=\/wp\/v2\/pages\/4437\/revisions"}],"predecessor-version":[{"id":6522,"href":"https:\/\/alles-ueber-riffe.de\/index.php?rest_route=\/wp\/v2\/pages\/4437\/revisions\/6522"}],"wp:attachment":[{"href":"https:\/\/alles-ueber-riffe.de\/index.php?rest_route=%2Fwp%2Fv2%2Fmedia&parent=4437"}],"curies":[{"name":"wp","href":"https:\/\/api.w.org\/{rel}","templated":true}]}}