{"id":4435,"date":"2025-01-07T13:55:44","date_gmt":"2025-01-07T13:55:44","guid":{"rendered":"https:\/\/alles-ueber-riffe.de\/?page_id=4435"},"modified":"2025-01-13T10:43:59","modified_gmt":"2025-01-13T10:43:59","slug":"schaerpen-nasendoktor","status":"publish","type":"page","link":"https:\/\/alles-ueber-riffe.de\/?page_id=4435","title":{"rendered":"Sch\u00e4rpen-Nasendoktor"},"content":{"rendered":"\n<div class=\"wp-block-group is-vertical is-layout-flex wp-container-core-group-is-layout-8cf370e7 wp-block-group-is-layout-flex\">\n<p><strong>Sch\u00e4rpen-Nasendoktor<\/strong><\/p>\n\n\n\n<p>Spotted unicornfish<\/p>\n\n\n\n<p><em>Naso brevirostris<\/em><\/p>\n<\/div>\n\n\n\n<div style=\"height:30px\" aria-hidden=\"true\" class=\"wp-block-spacer\"><\/div>\n\n\n\n<figure class=\"wp-block-video\"><video height=\"576\" style=\"aspect-ratio: 1024 \/ 576;\" width=\"1024\" controls src=\"https:\/\/alles-ueber-riffe.de\/wp-content\/uploads\/2025\/01\/Schaerpen-Nasendoktor.mp4\"><\/video><figcaption class=\"wp-element-caption\">\u00a9 Heinz Krimmer<\/figcaption><\/figure>\n\n\n\n<hr class=\"wp-block-separator has-alpha-channel-opacity is-style-default\"\/>\n\n\n\n<p><strong>Gr\u00f6\u00dfe: <\/strong> bis 60 cm<\/p>\n\n\n\n<p><strong>Lebensraum:<\/strong> Korallenriffe<\/p>\n\n\n\n<p><strong>Vorkommen:  <\/strong>Ostafrika, Rotes Meer, Malediven, ganz S\u00fcdostasien, S\u00fcdjapan, Nordaustralien, Papua-Neuguinea, Ozeanien, Galapagos<\/p>\n\n\n\n<p><strong>Erkennungsmerkmale: <\/strong> markantes Horn; wei\u00dfe Schwanzflosse und wei\u00dfer Rand an den Kiemendeckeln; K\u00f6rperfarbe olivbraun bis hellgrau<\/p>\n\n\n\n<p><strong>Biologie &amp; Verhalten: <\/strong>Als einer der wenigen Fleischfresser unter den Doktorfischen, jagen sie Zooplankton. Jungtiere sind Pflanzenfresser.<\/p>\n\n\n\n<p><strong>Bedrohungsstatus:<\/strong> Die Art wird auf der Roten Liste der IUCN als \u201e nicht gef\u00e4hrdet\u201c gef\u00fchrt.<\/p>\n\n\n\n<hr class=\"wp-block-separator has-alpha-channel-opacity is-style-default\"\/>\n","protected":false},"excerpt":{"rendered":"<p>Sch\u00e4rpen-Nasendoktor Spotted unicornfish Naso brevirostris Gr\u00f6\u00dfe: bis 60 cm Lebensraum: Korallenriffe Vorkommen: Ostafrika, Rotes Meer, Malediven, ganz S\u00fcdostasien, S\u00fcdjapan, Nordaustralien, Papua-Neuguinea, Ozeanien, Galapagos Erkennungsmerkmale: markantes Horn; wei\u00dfe Schwanzflosse und wei\u00dfer Rand an den Kiemendeckeln; K\u00f6rperfarbe olivbraun bis hellgrau Biologie &amp; Verhalten: Als einer der wenigen Fleischfresser unter den Doktorfischen, jagen sie Zooplankton. Jungtiere sind Pflanzenfresser. &hellip; <\/p>\n<p class=\"link-more\"><a href=\"https:\/\/alles-ueber-riffe.de\/?page_id=4435\" class=\"more-link\"><span class=\"screen-reader-text\">\u201eSch\u00e4rpen-Nasendoktor\u201c<\/span> weiterlesen<\/a><\/p>\n","protected":false},"author":1,"featured_media":0,"parent":0,"menu_order":0,"comment_status":"closed","ping_status":"closed","template":"","meta":{"footnotes":""},"class_list":["post-4435","page","type-page","status-publish","hentry"],"_links":{"self":[{"href":"https:\/\/alles-ueber-riffe.de\/index.php?rest_route=\/wp\/v2\/pages\/4435","targetHints":{"allow":["GET"]}}],"collection":[{"href":"https:\/\/alles-ueber-riffe.de\/index.php?rest_route=\/wp\/v2\/pages"}],"about":[{"href":"https:\/\/alles-ueber-riffe.de\/index.php?rest_route=\/wp\/v2\/types\/page"}],"author":[{"embeddable":true,"href":"https:\/\/alles-ueber-riffe.de\/index.php?rest_route=\/wp\/v2\/users\/1"}],"replies":[{"embeddable":true,"href":"https:\/\/alles-ueber-riffe.de\/index.php?rest_route=%2Fwp%2Fv2%2Fcomments&post=4435"}],"version-history":[{"count":6,"href":"https:\/\/alles-ueber-riffe.de\/index.php?rest_route=\/wp\/v2\/pages\/4435\/revisions"}],"predecessor-version":[{"id":6464,"href":"https:\/\/alles-ueber-riffe.de\/index.php?rest_route=\/wp\/v2\/pages\/4435\/revisions\/6464"}],"wp:attachment":[{"href":"https:\/\/alles-ueber-riffe.de\/index.php?rest_route=%2Fwp%2Fv2%2Fmedia&parent=4435"}],"curies":[{"name":"wp","href":"https:\/\/api.w.org\/{rel}","templated":true}]}}