{"id":4431,"date":"2025-01-07T13:55:12","date_gmt":"2025-01-07T13:55:12","guid":{"rendered":"https:\/\/alles-ueber-riffe.de\/?page_id=4431"},"modified":"2025-01-13T10:27:12","modified_gmt":"2025-01-13T10:27:12","slug":"paletten-doktorfisch","status":"publish","type":"page","link":"https:\/\/alles-ueber-riffe.de\/?page_id=4431","title":{"rendered":"Paletten-Doktorfisch"},"content":{"rendered":"\n<div class=\"wp-block-group is-vertical is-layout-flex wp-container-core-group-is-layout-8cf370e7 wp-block-group-is-layout-flex\">\n<p><strong>Paletten-Doktorfisch<\/strong><\/p>\n\n\n\n<p>Palette surgeonfish<\/p>\n\n\n\n<p>Paracanthurus hepatus<\/p>\n<\/div>\n\n\n\n<div style=\"height:30px\" aria-hidden=\"true\" class=\"wp-block-spacer\"><\/div>\n\n\n\n<figure class=\"wp-block-image size-full\"><img loading=\"lazy\" decoding=\"async\" width=\"1024\" height=\"768\" src=\"https:\/\/alles-ueber-riffe.de\/wp-content\/uploads\/2025\/01\/Paletten-Doktorfisch_1024x768.jpg\" alt=\"\" class=\"wp-image-6431\" srcset=\"https:\/\/alles-ueber-riffe.de\/wp-content\/uploads\/2025\/01\/Paletten-Doktorfisch_1024x768.jpg 1024w, https:\/\/alles-ueber-riffe.de\/wp-content\/uploads\/2025\/01\/Paletten-Doktorfisch_1024x768-300x225.jpg 300w, https:\/\/alles-ueber-riffe.de\/wp-content\/uploads\/2025\/01\/Paletten-Doktorfisch_1024x768-768x576.jpg 768w\" sizes=\"auto, (max-width: 767px) 89vw, (max-width: 1000px) 54vw, (max-width: 1071px) 543px, 580px\" \/><figcaption class=\"wp-element-caption\">\u00a9 Heinz Krimmer<\/figcaption><\/figure>\n\n\n\n<hr class=\"wp-block-separator has-alpha-channel-opacity is-style-default\"\/>\n\n\n\n<p><strong>Gr\u00f6\u00dfe: <\/strong> bis 35 cm<\/p>\n\n\n\n<p><strong>Lebensraum:<\/strong>  Korallenriffe<\/p>\n\n\n\n<p><strong>Vorkommen: <\/strong>Ostafrika, Malediven, ganz S\u00fcdostasien, S\u00fcdjapan, Nordaustralien, Papua-Neuguinea, Ozeanien bis Samoa<\/p>\n\n\n\n<p><strong>Erkennungsmerkmale: <\/strong> Grundfarbe blau; gelbes Dreieck in der Schwanzflosse, markante schwarze Zeichnung in der oberen K\u00f6rperh\u00e4lfte<\/p>\n\n\n\n<p><strong>Biologie &amp; Verhalten: <\/strong> Ber\u00fchmt wurde die Art durch den Film \u201eFindet Nemo\u201c. Hier diente der Paletten-Doktorfisch als Vorlage f\u00fcr die durchgeknallte Dorie.<\/p>\n\n\n\n<p>Im wirklichen Leben findet man Paletten-Doktorfische eher in Gruppen als alleine im Riff. Sie bevorzugen die N\u00e4he der Hartkoralle&nbsp;Pocillopora eydouxi, in der sie sich verstecken k\u00f6nnen. Der Paletten-Doktorfisch frisst Zooplankton.<\/p>\n\n\n\n<p><strong>Bedrohungsstatus:<\/strong> Die Art wird auf der Roten Liste der IUCN als \u201e nicht gef\u00e4hrdet\u201c gef\u00fchrt.<\/p>\n\n\n\n<hr class=\"wp-block-separator has-alpha-channel-opacity is-style-default\"\/>\n","protected":false},"excerpt":{"rendered":"<p>Paletten-Doktorfisch Palette surgeonfish Paracanthurus hepatus Gr\u00f6\u00dfe: bis 35 cm Lebensraum: Korallenriffe Vorkommen: Ostafrika, Malediven, ganz S\u00fcdostasien, S\u00fcdjapan, Nordaustralien, Papua-Neuguinea, Ozeanien bis Samoa Erkennungsmerkmale: Grundfarbe blau; gelbes Dreieck in der Schwanzflosse, markante schwarze Zeichnung in der oberen K\u00f6rperh\u00e4lfte Biologie &amp; Verhalten: Ber\u00fchmt wurde die Art durch den Film \u201eFindet Nemo\u201c. Hier diente der Paletten-Doktorfisch als Vorlage &hellip; <\/p>\n<p class=\"link-more\"><a href=\"https:\/\/alles-ueber-riffe.de\/?page_id=4431\" class=\"more-link\"><span class=\"screen-reader-text\">\u201ePaletten-Doktorfisch\u201c<\/span> weiterlesen<\/a><\/p>\n","protected":false},"author":1,"featured_media":0,"parent":0,"menu_order":0,"comment_status":"closed","ping_status":"closed","template":"","meta":{"footnotes":""},"class_list":["post-4431","page","type-page","status-publish","hentry"],"_links":{"self":[{"href":"https:\/\/alles-ueber-riffe.de\/index.php?rest_route=\/wp\/v2\/pages\/4431","targetHints":{"allow":["GET"]}}],"collection":[{"href":"https:\/\/alles-ueber-riffe.de\/index.php?rest_route=\/wp\/v2\/pages"}],"about":[{"href":"https:\/\/alles-ueber-riffe.de\/index.php?rest_route=\/wp\/v2\/types\/page"}],"author":[{"embeddable":true,"href":"https:\/\/alles-ueber-riffe.de\/index.php?rest_route=\/wp\/v2\/users\/1"}],"replies":[{"embeddable":true,"href":"https:\/\/alles-ueber-riffe.de\/index.php?rest_route=%2Fwp%2Fv2%2Fcomments&post=4431"}],"version-history":[{"count":5,"href":"https:\/\/alles-ueber-riffe.de\/index.php?rest_route=\/wp\/v2\/pages\/4431\/revisions"}],"predecessor-version":[{"id":6435,"href":"https:\/\/alles-ueber-riffe.de\/index.php?rest_route=\/wp\/v2\/pages\/4431\/revisions\/6435"}],"wp:attachment":[{"href":"https:\/\/alles-ueber-riffe.de\/index.php?rest_route=%2Fwp%2Fv2%2Fmedia&parent=4431"}],"curies":[{"name":"wp","href":"https:\/\/api.w.org\/{rel}","templated":true}]}}