{"id":4427,"date":"2025-01-07T13:54:46","date_gmt":"2025-01-07T13:54:46","guid":{"rendered":"https:\/\/alles-ueber-riffe.de\/?page_id=4427"},"modified":"2025-01-13T10:14:12","modified_gmt":"2025-01-13T10:14:12","slug":"moenchs-doktorfisch","status":"publish","type":"page","link":"https:\/\/alles-ueber-riffe.de\/?page_id=4427","title":{"rendered":"M\u00f6nchs-Doktorfisch"},"content":{"rendered":"\n<p><strong>M\u00f6nchs-Doktorfisch<\/strong><\/p>\n\n\n\n<p>Black surgeonfish<\/p>\n\n\n\n<p><em>Acanthurus gahhm<\/em><\/p>\n\n\n\n<figure class=\"wp-block-video\"><video height=\"576\" style=\"aspect-ratio: 1024 \/ 576;\" width=\"1024\" controls src=\"https:\/\/alles-ueber-riffe.de\/wp-content\/uploads\/2025\/01\/Moenchs_doktorfisch.mp4\"><\/video><figcaption class=\"wp-element-caption\">\u00a9 Heinz Krimmer<\/figcaption><\/figure>\n\n\n\n<hr class=\"wp-block-separator has-alpha-channel-opacity is-style-default\"\/>\n\n\n\n<p><strong>Gr\u00f6\u00dfe: <\/strong> bis 40 cm<\/p>\n\n\n\n<p><strong>Lebensraum:<\/strong> Korallenriffe<\/p>\n\n\n\n<p><strong>Vorkommen:  <\/strong>Rotes Meer und arabischer Golf<\/p>\n\n\n\n<p><strong>Erkennungsmerkmale: <\/strong> Grundfarbe blau bis schwarz, wei\u00dfer senkrechter Streifen am Schwanzstiel<\/p>\n\n\n\n<p><strong>Biologie &amp; Verhalten: <\/strong> Lebt einzeln oder in kleinen Gruppen im Riff. Frisst sowohl Zooplankton als auch Algen.<\/p>\n\n\n\n<p><strong>Bedrohungsstatus:<\/strong> Die Art wird auf der Roten Liste der IUCN als \u201e nicht gef\u00e4hrdet\u201c gef\u00fchrt.<\/p>\n\n\n\n<hr class=\"wp-block-separator has-alpha-channel-opacity is-style-default\"\/>\n","protected":false},"excerpt":{"rendered":"<p>M\u00f6nchs-Doktorfisch Black surgeonfish Acanthurus gahhm Gr\u00f6\u00dfe: bis 40 cm Lebensraum: Korallenriffe Vorkommen: Rotes Meer und arabischer Golf Erkennungsmerkmale: Grundfarbe blau bis schwarz, wei\u00dfer senkrechter Streifen am Schwanzstiel Biologie &amp; Verhalten: Lebt einzeln oder in kleinen Gruppen im Riff. Frisst sowohl Zooplankton als auch Algen. Bedrohungsstatus: Die Art wird auf der Roten Liste der IUCN als &hellip; <\/p>\n<p class=\"link-more\"><a href=\"https:\/\/alles-ueber-riffe.de\/?page_id=4427\" class=\"more-link\"><span class=\"screen-reader-text\">\u201eM\u00f6nchs-Doktorfisch\u201c<\/span> weiterlesen<\/a><\/p>\n","protected":false},"author":1,"featured_media":0,"parent":0,"menu_order":0,"comment_status":"closed","ping_status":"closed","template":"","meta":{"footnotes":""},"class_list":["post-4427","page","type-page","status-publish","hentry"],"_links":{"self":[{"href":"https:\/\/alles-ueber-riffe.de\/index.php?rest_route=\/wp\/v2\/pages\/4427","targetHints":{"allow":["GET"]}}],"collection":[{"href":"https:\/\/alles-ueber-riffe.de\/index.php?rest_route=\/wp\/v2\/pages"}],"about":[{"href":"https:\/\/alles-ueber-riffe.de\/index.php?rest_route=\/wp\/v2\/types\/page"}],"author":[{"embeddable":true,"href":"https:\/\/alles-ueber-riffe.de\/index.php?rest_route=\/wp\/v2\/users\/1"}],"replies":[{"embeddable":true,"href":"https:\/\/alles-ueber-riffe.de\/index.php?rest_route=%2Fwp%2Fv2%2Fcomments&post=4427"}],"version-history":[{"count":6,"href":"https:\/\/alles-ueber-riffe.de\/index.php?rest_route=\/wp\/v2\/pages\/4427\/revisions"}],"predecessor-version":[{"id":6408,"href":"https:\/\/alles-ueber-riffe.de\/index.php?rest_route=\/wp\/v2\/pages\/4427\/revisions\/6408"}],"wp:attachment":[{"href":"https:\/\/alles-ueber-riffe.de\/index.php?rest_route=%2Fwp%2Fv2%2Fmedia&parent=4427"}],"curies":[{"name":"wp","href":"https:\/\/api.w.org\/{rel}","templated":true}]}}