{"id":4421,"date":"2025-01-07T13:53:56","date_gmt":"2025-01-07T13:53:56","guid":{"rendered":"https:\/\/alles-ueber-riffe.de\/?page_id=4421"},"modified":"2025-01-14T08:36:54","modified_gmt":"2025-01-14T08:36:54","slug":"laengsstreifen-borstenzahndoktor","status":"publish","type":"page","link":"https:\/\/alles-ueber-riffe.de\/?page_id=4421","title":{"rendered":"L\u00e4ngsstreifen-Borstenzahndoktor"},"content":{"rendered":"\n<div class=\"wp-block-group is-vertical is-layout-flex wp-container-core-group-is-layout-8cf370e7 wp-block-group-is-layout-flex\">\n<p><strong>L\u00e4ngsstreifen-Borstenzahndoktor<\/strong><\/p>\n\n\n\n<p>Striated surgeonfish<\/p>\n\n\n\n<p><em>Ctenochaetus striatus<\/em><\/p>\n<\/div>\n\n\n\n<div style=\"height:30px\" aria-hidden=\"true\" class=\"wp-block-spacer\"><\/div>\n\n\n\n<figure class=\"wp-block-video\"><video height=\"576\" style=\"aspect-ratio: 1024 \/ 576;\" width=\"1024\" controls src=\"https:\/\/alles-ueber-riffe.de\/wp-content\/uploads\/2025\/01\/Laengsstreifen-Borstenzahndoktor.mp4\"><\/video><figcaption class=\"wp-element-caption\">\u00a9 Heinz Krimmer<\/figcaption><\/figure>\n\n\n\n<hr class=\"wp-block-separator has-alpha-channel-opacity is-style-default\"\/>\n\n\n\n<p><strong>Gr\u00f6\u00dfe: <\/strong> bis 26 cm<\/p>\n\n\n\n<p><strong>Lebensraum:<\/strong> Korallenriffe<\/p>\n\n\n\n<p><strong>Vorkommen:  <\/strong>Ostafrika, Rotes Meer, Malediven, ganz S\u00fcdostasien, S\u00fcdjapan, Nordaustralien, Papua-Neuguinea, Ozeanien nur sporadisch auf einigen Inseln<\/p>\n\n\n\n<p><strong>Erkennungsmerkmale: <\/strong> Grundfarbe braun mit feinem Linienmuster<\/p>\n\n\n\n<p><strong>Biologie &amp; Verhalten: <\/strong> Oft einzeln aber auch in kleinen und sehr gro\u00dfen Gruppen im Riff unterwegs. Frisst haupts\u00e4chlich Algen aber auch kleine Wirbellose.<\/p>\n\n\n\n<p><strong>Bedrohungsstatus:<\/strong> Die Art wird auf der Roten Liste der IUCN als \u201e nicht gef\u00e4hrdet\u201c gef\u00fchrt.<\/p>\n\n\n\n<hr class=\"wp-block-separator has-alpha-channel-opacity is-style-default\"\/>\n","protected":false},"excerpt":{"rendered":"<p>L\u00e4ngsstreifen-Borstenzahndoktor Striated surgeonfish Ctenochaetus striatus Gr\u00f6\u00dfe: bis 26 cm Lebensraum: Korallenriffe Vorkommen: Ostafrika, Rotes Meer, Malediven, ganz S\u00fcdostasien, S\u00fcdjapan, Nordaustralien, Papua-Neuguinea, Ozeanien nur sporadisch auf einigen Inseln Erkennungsmerkmale: Grundfarbe braun mit feinem Linienmuster Biologie &amp; Verhalten: Oft einzeln aber auch in kleinen und sehr gro\u00dfen Gruppen im Riff unterwegs. Frisst haupts\u00e4chlich Algen aber auch kleine &hellip; <\/p>\n<p class=\"link-more\"><a href=\"https:\/\/alles-ueber-riffe.de\/?page_id=4421\" class=\"more-link\"><span class=\"screen-reader-text\">\u201eL\u00e4ngsstreifen-Borstenzahndoktor\u201c<\/span> weiterlesen<\/a><\/p>\n","protected":false},"author":1,"featured_media":0,"parent":0,"menu_order":0,"comment_status":"closed","ping_status":"closed","template":"","meta":{"footnotes":""},"class_list":["post-4421","page","type-page","status-publish","hentry"],"_links":{"self":[{"href":"https:\/\/alles-ueber-riffe.de\/index.php?rest_route=\/wp\/v2\/pages\/4421","targetHints":{"allow":["GET"]}}],"collection":[{"href":"https:\/\/alles-ueber-riffe.de\/index.php?rest_route=\/wp\/v2\/pages"}],"about":[{"href":"https:\/\/alles-ueber-riffe.de\/index.php?rest_route=\/wp\/v2\/types\/page"}],"author":[{"embeddable":true,"href":"https:\/\/alles-ueber-riffe.de\/index.php?rest_route=\/wp\/v2\/users\/1"}],"replies":[{"embeddable":true,"href":"https:\/\/alles-ueber-riffe.de\/index.php?rest_route=%2Fwp%2Fv2%2Fcomments&post=4421"}],"version-history":[{"count":7,"href":"https:\/\/alles-ueber-riffe.de\/index.php?rest_route=\/wp\/v2\/pages\/4421\/revisions"}],"predecessor-version":[{"id":6519,"href":"https:\/\/alles-ueber-riffe.de\/index.php?rest_route=\/wp\/v2\/pages\/4421\/revisions\/6519"}],"wp:attachment":[{"href":"https:\/\/alles-ueber-riffe.de\/index.php?rest_route=%2Fwp%2Fv2%2Fmedia&parent=4421"}],"curies":[{"name":"wp","href":"https:\/\/api.w.org\/{rel}","templated":true}]}}