{"id":4415,"date":"2025-01-07T13:53:11","date_gmt":"2025-01-07T13:53:11","guid":{"rendered":"https:\/\/alles-ueber-riffe.de\/?page_id=4415"},"modified":"2025-01-13T09:59:16","modified_gmt":"2025-01-13T09:59:16","slug":"indischer-segelflosser","status":"publish","type":"page","link":"https:\/\/alles-ueber-riffe.de\/?page_id=4415","title":{"rendered":"Indischer Segelflosser"},"content":{"rendered":"\n<div class=\"wp-block-group is-vertical is-layout-flex wp-container-core-group-is-layout-8cf370e7 wp-block-group-is-layout-flex\">\n<p><strong>Indischer Segelflosser<\/strong><\/p>\n\n\n\n<p>Indian sail-fin surgeonfish<\/p>\n\n\n\n<p><em>Zebrasoma desjardinii<\/em><\/p>\n<\/div>\n\n\n\n<div style=\"height:30px\" aria-hidden=\"true\" class=\"wp-block-spacer\"><\/div>\n\n\n\n<figure class=\"wp-block-video\"><video height=\"576\" style=\"aspect-ratio: 1024 \/ 576;\" width=\"1024\" controls src=\"https:\/\/alles-ueber-riffe.de\/wp-content\/uploads\/2025\/01\/Indischer-Segelflosser.mp4\"><\/video><figcaption class=\"wp-element-caption\">\u00a9 Heinz Krimmer<\/figcaption><\/figure>\n\n\n\n<hr class=\"wp-block-separator has-alpha-channel-opacity is-style-default\"\/>\n\n\n\n<p><strong>Gr\u00f6\u00dfe: <\/strong> bis 40 cm<\/p>\n\n\n\n<p><strong>Lebensraum:<\/strong> Korallenriffe<\/p>\n\n\n\n<p><strong>Vorkommen:  <\/strong>Ostafrika, Rotes Meer, Malediven, Westindonesien bis Java<\/p>\n\n\n\n<p><strong>Erkennungsmerkmale: <\/strong> drei breite, wei\u00dfe Streifen; K\u00f6rper knallorange<\/p>\n\n\n\n<p><strong>Biologie &amp; Verhalten: <\/strong> Adulte Tiere gew\u00f6hnlich paarweise im Riff unterwegs. Juvenile sind Einzelg\u00e4nger.<\/p>\n\n\n\n<p><strong>Bedrohungsstatus:<\/strong> Die Art wird auf der Roten Liste der IUCN als \u201e nicht gef\u00e4hrdet\u201c gef\u00fchrt.<\/p>\n\n\n\n<hr class=\"wp-block-separator has-alpha-channel-opacity is-style-default\"\/>\n","protected":false},"excerpt":{"rendered":"<p>Indischer Segelflosser Indian sail-fin surgeonfish Zebrasoma desjardinii Gr\u00f6\u00dfe: bis 40 cm Lebensraum: Korallenriffe Vorkommen: Ostafrika, Rotes Meer, Malediven, Westindonesien bis Java Erkennungsmerkmale: drei breite, wei\u00dfe Streifen; K\u00f6rper knallorange Biologie &amp; Verhalten: Adulte Tiere gew\u00f6hnlich paarweise im Riff unterwegs. Juvenile sind Einzelg\u00e4nger. Bedrohungsstatus: Die Art wird auf der Roten Liste der IUCN als \u201e nicht gef\u00e4hrdet\u201c &hellip; <\/p>\n<p class=\"link-more\"><a href=\"https:\/\/alles-ueber-riffe.de\/?page_id=4415\" class=\"more-link\"><span class=\"screen-reader-text\">\u201eIndischer Segelflosser\u201c<\/span> weiterlesen<\/a><\/p>\n","protected":false},"author":1,"featured_media":0,"parent":0,"menu_order":0,"comment_status":"closed","ping_status":"closed","template":"","meta":{"footnotes":""},"class_list":["post-4415","page","type-page","status-publish","hentry"],"_links":{"self":[{"href":"https:\/\/alles-ueber-riffe.de\/index.php?rest_route=\/wp\/v2\/pages\/4415","targetHints":{"allow":["GET"]}}],"collection":[{"href":"https:\/\/alles-ueber-riffe.de\/index.php?rest_route=\/wp\/v2\/pages"}],"about":[{"href":"https:\/\/alles-ueber-riffe.de\/index.php?rest_route=\/wp\/v2\/types\/page"}],"author":[{"embeddable":true,"href":"https:\/\/alles-ueber-riffe.de\/index.php?rest_route=\/wp\/v2\/users\/1"}],"replies":[{"embeddable":true,"href":"https:\/\/alles-ueber-riffe.de\/index.php?rest_route=%2Fwp%2Fv2%2Fcomments&post=4415"}],"version-history":[{"count":8,"href":"https:\/\/alles-ueber-riffe.de\/index.php?rest_route=\/wp\/v2\/pages\/4415\/revisions"}],"predecessor-version":[{"id":6376,"href":"https:\/\/alles-ueber-riffe.de\/index.php?rest_route=\/wp\/v2\/pages\/4415\/revisions\/6376"}],"wp:attachment":[{"href":"https:\/\/alles-ueber-riffe.de\/index.php?rest_route=%2Fwp%2Fv2%2Fmedia&parent=4415"}],"curies":[{"name":"wp","href":"https:\/\/api.w.org\/{rel}","templated":true}]}}