{"id":4412,"date":"2025-01-07T13:52:44","date_gmt":"2025-01-07T13:52:44","guid":{"rendered":"https:\/\/alles-ueber-riffe.de\/?page_id=4412"},"modified":"2025-01-13T09:53:17","modified_gmt":"2025-01-13T09:53:17","slug":"indischer-gelbklingen-nasendoktorhufeisen-doktorfisch","status":"publish","type":"page","link":"https:\/\/alles-ueber-riffe.de\/?page_id=4412","title":{"rendered":"Indischer Gelbklingen-Nasendoktor"},"content":{"rendered":"\n<div class=\"wp-block-group is-vertical is-layout-flex wp-container-core-group-is-layout-8cf370e7 wp-block-group-is-layout-flex\">\n<p><strong>Indischer Gelbklingen-Nasendocktor<\/strong><\/p>\n\n\n\n<p>Elegant unicornfish<\/p>\n\n\n\n<p><em>Naso elegans<\/em><\/p>\n<\/div>\n\n\n\n<div style=\"height:30px\" aria-hidden=\"true\" class=\"wp-block-spacer\"><\/div>\n\n\n\n<figure class=\"wp-block-video\"><video height=\"576\" style=\"aspect-ratio: 1024 \/ 576;\" width=\"1024\" controls src=\"https:\/\/alles-ueber-riffe.de\/wp-content\/uploads\/2025\/01\/Indischer_Gelbklingen_Nasendocktor_1920_1080-Kopie.mp4\"><\/video><figcaption class=\"wp-element-caption\">\u00a9 Heinz Krimmer<\/figcaption><\/figure>\n\n\n\n<hr class=\"wp-block-separator has-alpha-channel-opacity is-style-default\"\/>\n\n\n\n<p><strong>Gr\u00f6\u00dfe: <\/strong> bis 45 cm<\/p>\n\n\n\n<p><strong>Lebensraum:<\/strong> Korallenriffe<\/p>\n\n\n\n<p><strong>Vorkommen:  <\/strong>Ostafrika, Rotes Meer, Malediven bis zur Westk\u00fcste Indonesiens<\/p>\n\n\n\n<p><strong>Erkennungsmerkmale: <\/strong> orangene F\u00e4rbung um die Messer; M\u00e4nnchen mit langen Filamenten an den Schwanzflossen<\/p>\n\n\n\n<p><strong>Biologie &amp; Verhalten: <\/strong> Weidet in kleinen Gruppen Algen vom Substrat.<\/p>\n\n\n\n<p>Ist dem Kuhkopf-Doktorfisch zum Verwechseln \u00e4hnlich. Auch hier ist die beste Identifizierung das Verbreitungsgebiet. Von der Ostk\u00fcste Indonesiens bis Hawaii handelt es sich um den Kuhkopf-Doktorfisch und westlich davon um den Indischen Gelbklingen-Nasendoktor.<\/p>\n\n\n\n<p><strong>Bedrohungsstatus:<\/strong> Die Art wird auf der Roten Liste der IUCN als \u201e nicht gef\u00e4hrdet\u201c gef\u00fchrt.<\/p>\n\n\n\n<hr class=\"wp-block-separator has-alpha-channel-opacity is-style-default\"\/>\n","protected":false},"excerpt":{"rendered":"<p>Indischer Gelbklingen-Nasendocktor Elegant unicornfish Naso elegans Gr\u00f6\u00dfe: bis 45 cm Lebensraum: Korallenriffe Vorkommen: Ostafrika, Rotes Meer, Malediven bis zur Westk\u00fcste Indonesiens Erkennungsmerkmale: orangene F\u00e4rbung um die Messer; M\u00e4nnchen mit langen Filamenten an den Schwanzflossen Biologie &amp; Verhalten: Weidet in kleinen Gruppen Algen vom Substrat. Ist dem Kuhkopf-Doktorfisch zum Verwechseln \u00e4hnlich. Auch hier ist die beste &hellip; <\/p>\n<p class=\"link-more\"><a href=\"https:\/\/alles-ueber-riffe.de\/?page_id=4412\" class=\"more-link\"><span class=\"screen-reader-text\">\u201eIndischer Gelbklingen-Nasendoktor\u201c<\/span> weiterlesen<\/a><\/p>\n","protected":false},"author":1,"featured_media":0,"parent":0,"menu_order":0,"comment_status":"closed","ping_status":"closed","template":"","meta":{"footnotes":""},"class_list":["post-4412","page","type-page","status-publish","hentry"],"_links":{"self":[{"href":"https:\/\/alles-ueber-riffe.de\/index.php?rest_route=\/wp\/v2\/pages\/4412","targetHints":{"allow":["GET"]}}],"collection":[{"href":"https:\/\/alles-ueber-riffe.de\/index.php?rest_route=\/wp\/v2\/pages"}],"about":[{"href":"https:\/\/alles-ueber-riffe.de\/index.php?rest_route=\/wp\/v2\/types\/page"}],"author":[{"embeddable":true,"href":"https:\/\/alles-ueber-riffe.de\/index.php?rest_route=\/wp\/v2\/users\/1"}],"replies":[{"embeddable":true,"href":"https:\/\/alles-ueber-riffe.de\/index.php?rest_route=%2Fwp%2Fv2%2Fcomments&post=4412"}],"version-history":[{"count":6,"href":"https:\/\/alles-ueber-riffe.de\/index.php?rest_route=\/wp\/v2\/pages\/4412\/revisions"}],"predecessor-version":[{"id":6368,"href":"https:\/\/alles-ueber-riffe.de\/index.php?rest_route=\/wp\/v2\/pages\/4412\/revisions\/6368"}],"wp:attachment":[{"href":"https:\/\/alles-ueber-riffe.de\/index.php?rest_route=%2Fwp%2Fv2%2Fmedia&parent=4412"}],"curies":[{"name":"wp","href":"https:\/\/api.w.org\/{rel}","templated":true}]}}