{"id":4408,"date":"2025-01-07T13:51:32","date_gmt":"2025-01-07T13:51:32","guid":{"rendered":"https:\/\/alles-ueber-riffe.de\/?page_id=4408"},"modified":"2025-01-13T09:43:00","modified_gmt":"2025-01-13T09:43:00","slug":"gelbschwanz-doktorfisch","status":"publish","type":"page","link":"https:\/\/alles-ueber-riffe.de\/?page_id=4408","title":{"rendered":"Gelbschwanz-Doktorfisch"},"content":{"rendered":"\n<div class=\"wp-block-group is-vertical is-layout-flex wp-container-core-group-is-layout-8cf370e7 wp-block-group-is-layout-flex\">\n<p><strong>Gelbschwanz-Doktorfisch<\/strong><\/p>\n\n\n\n<p>Yellowtail surgeonfish<\/p>\n\n\n\n<p><em>Prionurus punctatus<\/em><\/p>\n<\/div>\n\n\n\n<div style=\"height:30px\" aria-hidden=\"true\" class=\"wp-block-spacer\"><\/div>\n\n\n\n<div class=\"wp-block-columns is-layout-flex wp-container-core-columns-is-layout-9d6595d7 wp-block-columns-is-layout-flex\">\n<div class=\"wp-block-column is-layout-flow wp-block-column-is-layout-flow\" style=\"flex-basis:100%\">\n<div class=\"wp-block-columns is-layout-flex wp-container-core-columns-is-layout-9d6595d7 wp-block-columns-is-layout-flex\">\n<div class=\"wp-block-column is-layout-flow wp-block-column-is-layout-flow\" style=\"flex-basis:100%\">\n<figure class=\"wp-block-video\"><video height=\"576\" style=\"aspect-ratio: 1024 \/ 576;\" width=\"1024\" controls src=\"https:\/\/alles-ueber-riffe.de\/wp-content\/uploads\/2025\/01\/Gelbschwanz-Doktorfisch.mp4#t=0.001\" type=\"video\/mp4\" \/>\n<\/video>\n<\/figure>\n<\/div>\n<\/div>\n<\/div>\n<\/div>\n\n\n\n<hr class=\"wp-block-separator has-alpha-channel-opacity is-style-default\"\/>\n\n\n\n<p><strong>Gr\u00f6\u00dfe: <\/strong> bis 60 cm<\/p>\n\n\n\n<p><strong>Lebensraum:<\/strong> Korallenriffe<\/p>\n\n\n\n<p><strong>Vorkommen:  <\/strong>tropische Pazifikk\u00fcste S\u00fcdamerikas<\/p>\n\n\n\n<p><strong>Erkennungsmerkmale: <\/strong> Grundfarbe grau; gelbe Schwanzflosse und schwarzer-wei\u00dfe Maske<\/p>\n\n\n\n<p><strong>Biologie &amp; Verhalten: <\/strong> Wie ein Heuschreckenschwarm fallen sie \u00fcber ein Riff her und fressen die Algen vom Substrat.<\/p>\n\n\n\n<p><strong>Bedrohungsstatus:<\/strong> Die Art wird auf der Roten Liste der IUCN als \u201e nicht gef\u00e4hrdet\u201c gef\u00fchrt.<\/p>\n\n\n\n<hr class=\"wp-block-separator has-alpha-channel-opacity is-style-default\"\/>\n","protected":false},"excerpt":{"rendered":"<p>Gelbschwanz-Doktorfisch Yellowtail surgeonfish Prionurus punctatus Gr\u00f6\u00dfe: bis 60 cm Lebensraum: Korallenriffe Vorkommen: tropische Pazifikk\u00fcste S\u00fcdamerikas Erkennungsmerkmale: Grundfarbe grau; gelbe Schwanzflosse und schwarzer-wei\u00dfe Maske Biologie &amp; Verhalten: Wie ein Heuschreckenschwarm fallen sie \u00fcber ein Riff her und fressen die Algen vom Substrat. Bedrohungsstatus: Die Art wird auf der Roten Liste der IUCN als \u201e nicht gef\u00e4hrdet\u201c &hellip; <\/p>\n<p class=\"link-more\"><a href=\"https:\/\/alles-ueber-riffe.de\/?page_id=4408\" class=\"more-link\"><span class=\"screen-reader-text\">\u201eGelbschwanz-Doktorfisch\u201c<\/span> weiterlesen<\/a><\/p>\n","protected":false},"author":1,"featured_media":0,"parent":0,"menu_order":0,"comment_status":"closed","ping_status":"closed","template":"","meta":{"footnotes":""},"class_list":["post-4408","page","type-page","status-publish","hentry"],"_links":{"self":[{"href":"https:\/\/alles-ueber-riffe.de\/index.php?rest_route=\/wp\/v2\/pages\/4408","targetHints":{"allow":["GET"]}}],"collection":[{"href":"https:\/\/alles-ueber-riffe.de\/index.php?rest_route=\/wp\/v2\/pages"}],"about":[{"href":"https:\/\/alles-ueber-riffe.de\/index.php?rest_route=\/wp\/v2\/types\/page"}],"author":[{"embeddable":true,"href":"https:\/\/alles-ueber-riffe.de\/index.php?rest_route=\/wp\/v2\/users\/1"}],"replies":[{"embeddable":true,"href":"https:\/\/alles-ueber-riffe.de\/index.php?rest_route=%2Fwp%2Fv2%2Fcomments&post=4408"}],"version-history":[{"count":17,"href":"https:\/\/alles-ueber-riffe.de\/index.php?rest_route=\/wp\/v2\/pages\/4408\/revisions"}],"predecessor-version":[{"id":6359,"href":"https:\/\/alles-ueber-riffe.de\/index.php?rest_route=\/wp\/v2\/pages\/4408\/revisions\/6359"}],"wp:attachment":[{"href":"https:\/\/alles-ueber-riffe.de\/index.php?rest_route=%2Fwp%2Fv2%2Fmedia&parent=4408"}],"curies":[{"name":"wp","href":"https:\/\/api.w.org\/{rel}","templated":true}]}}