{"id":4402,"date":"2025-01-07T13:47:38","date_gmt":"2025-01-07T13:47:38","guid":{"rendered":"https:\/\/alles-ueber-riffe.de\/?page_id=4402"},"modified":"2025-01-11T15:46:19","modified_gmt":"2025-01-11T15:46:19","slug":"brauner-doktorfisch","status":"publish","type":"page","link":"https:\/\/alles-ueber-riffe.de\/?page_id=4402","title":{"rendered":"Brauner Doktorfisch"},"content":{"rendered":"\n<div class=\"wp-block-group is-vertical is-layout-flex wp-container-core-group-is-layout-8cf370e7 wp-block-group-is-layout-flex\">\n<p><strong><strong>Brauner Doktorfisch<\/strong><\/strong><\/p>\n\n\n\n<p>Brown surgeonfish<\/p>\n\n\n\n<p><em>Acanthurus nigrofuscus<\/em><\/p>\n<\/div>\n\n\n\n<div style=\"height:30px\" aria-hidden=\"true\" class=\"wp-block-spacer\"><\/div>\n\n\n\n<figure class=\"wp-block-image size-full\"><img loading=\"lazy\" decoding=\"async\" width=\"1024\" height=\"768\" src=\"https:\/\/alles-ueber-riffe.de\/wp-content\/uploads\/2025\/01\/Brauner-Doktorfisch_1024x768.jpg\" alt=\"\" class=\"wp-image-6320\" srcset=\"https:\/\/alles-ueber-riffe.de\/wp-content\/uploads\/2025\/01\/Brauner-Doktorfisch_1024x768.jpg 1024w, https:\/\/alles-ueber-riffe.de\/wp-content\/uploads\/2025\/01\/Brauner-Doktorfisch_1024x768-300x225.jpg 300w, https:\/\/alles-ueber-riffe.de\/wp-content\/uploads\/2025\/01\/Brauner-Doktorfisch_1024x768-768x576.jpg 768w\" sizes=\"auto, (max-width: 767px) 89vw, (max-width: 1000px) 54vw, (max-width: 1071px) 543px, 580px\" \/><figcaption class=\"wp-element-caption\">\u00a9 Joris Rombouts<br><\/figcaption><\/figure>\n\n\n\n<hr class=\"wp-block-separator has-alpha-channel-opacity is-style-default\"\/>\n\n\n\n<p><strong>Gr\u00f6\u00dfe: <\/strong> bis 11 cm<\/p>\n\n\n\n<p><strong>Lebensraum:<\/strong> Korallenriffe<\/p>\n\n\n\n<p><strong>Vorkommen:  <\/strong>Ostafrika, Rotes Meer, Malediven, ganz S\u00fcdostasien, S\u00fcdjapan, Nordaustralien, Papua-Neuguinea, Ozeanien bis Hawaii<\/p>\n\n\n\n<p><strong>Erkennungsmerkmale: <\/strong> braune Grundfarbe mit schwarzem Fleck am Ende der R\u00fccken- und Afterflosse<\/p>\n\n\n\n<p><strong>Biologie &amp; Verhalten: <\/strong> Der Pflanzenfresser weidet Algen vom Substrat. Formiert sich oft in gro\u00dfen Gruppen und f\u00e4llt in das Gebiet anderer territorialer Fische ein. Diese k\u00f6nnen dann ihr Revier gegen die gro\u00dfe Gruppe nicht mehr verteidigen.<\/p>\n\n\n\n<p><strong>Bedrohungsstatus:<\/strong> Die Art wird auf der Roten Liste der IUCN als \u201e nicht gef\u00e4hrdet\u201c gef\u00fchrt.<\/p>\n\n\n\n<hr class=\"wp-block-separator has-alpha-channel-opacity is-style-default\"\/>\n","protected":false},"excerpt":{"rendered":"<p>Brauner Doktorfisch Brown surgeonfish Acanthurus nigrofuscus Gr\u00f6\u00dfe: bis 11 cm Lebensraum: Korallenriffe Vorkommen: Ostafrika, Rotes Meer, Malediven, ganz S\u00fcdostasien, S\u00fcdjapan, Nordaustralien, Papua-Neuguinea, Ozeanien bis Hawaii Erkennungsmerkmale: braune Grundfarbe mit schwarzem Fleck am Ende der R\u00fccken- und Afterflosse Biologie &amp; Verhalten: Der Pflanzenfresser weidet Algen vom Substrat. Formiert sich oft in gro\u00dfen Gruppen und f\u00e4llt in &hellip; <\/p>\n<p class=\"link-more\"><a href=\"https:\/\/alles-ueber-riffe.de\/?page_id=4402\" class=\"more-link\"><span class=\"screen-reader-text\">\u201eBrauner Doktorfisch\u201c<\/span> weiterlesen<\/a><\/p>\n","protected":false},"author":1,"featured_media":0,"parent":0,"menu_order":0,"comment_status":"closed","ping_status":"closed","template":"","meta":{"footnotes":""},"class_list":["post-4402","page","type-page","status-publish","hentry"],"_links":{"self":[{"href":"https:\/\/alles-ueber-riffe.de\/index.php?rest_route=\/wp\/v2\/pages\/4402","targetHints":{"allow":["GET"]}}],"collection":[{"href":"https:\/\/alles-ueber-riffe.de\/index.php?rest_route=\/wp\/v2\/pages"}],"about":[{"href":"https:\/\/alles-ueber-riffe.de\/index.php?rest_route=\/wp\/v2\/types\/page"}],"author":[{"embeddable":true,"href":"https:\/\/alles-ueber-riffe.de\/index.php?rest_route=\/wp\/v2\/users\/1"}],"replies":[{"embeddable":true,"href":"https:\/\/alles-ueber-riffe.de\/index.php?rest_route=%2Fwp%2Fv2%2Fcomments&post=4402"}],"version-history":[{"count":8,"href":"https:\/\/alles-ueber-riffe.de\/index.php?rest_route=\/wp\/v2\/pages\/4402\/revisions"}],"predecessor-version":[{"id":6327,"href":"https:\/\/alles-ueber-riffe.de\/index.php?rest_route=\/wp\/v2\/pages\/4402\/revisions\/6327"}],"wp:attachment":[{"href":"https:\/\/alles-ueber-riffe.de\/index.php?rest_route=%2Fwp%2Fv2%2Fmedia&parent=4402"}],"curies":[{"name":"wp","href":"https:\/\/api.w.org\/{rel}","templated":true}]}}