{"id":4400,"date":"2025-01-07T13:47:24","date_gmt":"2025-01-07T13:47:24","guid":{"rendered":"https:\/\/alles-ueber-riffe.de\/?page_id=4400"},"modified":"2025-01-11T15:43:21","modified_gmt":"2025-01-11T15:43:21","slug":"blaustreifen-doktorfisch","status":"publish","type":"page","link":"https:\/\/alles-ueber-riffe.de\/?page_id=4400","title":{"rendered":"Blaustreifen-Doktorfisch"},"content":{"rendered":"\n<div class=\"wp-block-group is-vertical is-layout-flex wp-container-core-group-is-layout-8cf370e7 wp-block-group-is-layout-flex\">\n<p><strong><strong>Blaustreifen-Doktorfisch<\/strong><\/strong><\/p>\n\n\n\n<p>Lined surgeonfish<\/p>\n\n\n\n<p><em>Acanthurus linetus<\/em><\/p>\n<\/div>\n\n\n\n<div style=\"height:30px\" aria-hidden=\"true\" class=\"wp-block-spacer\"><\/div>\n\n\n\n<figure class=\"wp-block-video\"><video height=\"576\" style=\"aspect-ratio: 1024 \/ 576;\" width=\"1024\" controls src=\"https:\/\/alles-ueber-riffe.de\/wp-content\/uploads\/2025\/01\/Blaustreifen-Doktorfisch.mp4\"><\/video><figcaption class=\"wp-element-caption\">\u00a9 Heinz Krimmer<\/figcaption><\/figure>\n\n\n\n<hr class=\"wp-block-separator has-alpha-channel-opacity is-style-default\"\/>\n\n\n\n<p><strong>Gr\u00f6\u00dfe: <\/strong> bis 38 cm<\/p>\n\n\n\n<p><strong>Lebensraum:<\/strong> Korallenriffe<\/p>\n\n\n\n<p><strong>Vorkommen:  <\/strong>von Ostafrika \u00fcber ganz S\u00fcdostasien bis nach Hawaii<\/p>\n\n\n\n<p><strong>Erkennungsmerkmale: <\/strong>gelbe und hellblaue, schwarz-umrandete L\u00e4ngsstreifen<\/p>\n\n\n\n<p><strong>Biologie &amp; Verhalten: <\/strong> Die M\u00e4nnchen verteidigen ihr Revier und ihre Haremsweibchen aggressiv gegen Konkurrenten und andere algenfressende Fische. H\u00e4lt sich bevorzugt in der Brandungszone auf.<\/p>\n\n\n\n<p>Am \u00e4hnlichsten ist ihm vom Aussehen und Verhalten der Arabische Doktorfisch&nbsp;&nbsp;(Acanthurus sohal).<\/p>\n\n\n\n<p><strong>Bedrohungsstatus:<\/strong> Die Art wird auf der Roten Liste der IUCN als \u201e nicht gef\u00e4hrdet\u201c gef\u00fchrt.<\/p>\n\n\n\n<hr class=\"wp-block-separator has-alpha-channel-opacity is-style-default\"\/>\n","protected":false},"excerpt":{"rendered":"<p>Blaustreifen-Doktorfisch Lined surgeonfish Acanthurus linetus Gr\u00f6\u00dfe: bis 38 cm Lebensraum: Korallenriffe Vorkommen: von Ostafrika \u00fcber ganz S\u00fcdostasien bis nach Hawaii Erkennungsmerkmale: gelbe und hellblaue, schwarz-umrandete L\u00e4ngsstreifen Biologie &amp; Verhalten: Die M\u00e4nnchen verteidigen ihr Revier und ihre Haremsweibchen aggressiv gegen Konkurrenten und andere algenfressende Fische. H\u00e4lt sich bevorzugt in der Brandungszone auf. Am \u00e4hnlichsten ist ihm &hellip; <\/p>\n<p class=\"link-more\"><a href=\"https:\/\/alles-ueber-riffe.de\/?page_id=4400\" class=\"more-link\"><span class=\"screen-reader-text\">\u201eBlaustreifen-Doktorfisch\u201c<\/span> weiterlesen<\/a><\/p>\n","protected":false},"author":1,"featured_media":0,"parent":0,"menu_order":0,"comment_status":"closed","ping_status":"closed","template":"","meta":{"footnotes":""},"class_list":["post-4400","page","type-page","status-publish","hentry"],"_links":{"self":[{"href":"https:\/\/alles-ueber-riffe.de\/index.php?rest_route=\/wp\/v2\/pages\/4400","targetHints":{"allow":["GET"]}}],"collection":[{"href":"https:\/\/alles-ueber-riffe.de\/index.php?rest_route=\/wp\/v2\/pages"}],"about":[{"href":"https:\/\/alles-ueber-riffe.de\/index.php?rest_route=\/wp\/v2\/types\/page"}],"author":[{"embeddable":true,"href":"https:\/\/alles-ueber-riffe.de\/index.php?rest_route=\/wp\/v2\/users\/1"}],"replies":[{"embeddable":true,"href":"https:\/\/alles-ueber-riffe.de\/index.php?rest_route=%2Fwp%2Fv2%2Fcomments&post=4400"}],"version-history":[{"count":7,"href":"https:\/\/alles-ueber-riffe.de\/index.php?rest_route=\/wp\/v2\/pages\/4400\/revisions"}],"predecessor-version":[{"id":6340,"href":"https:\/\/alles-ueber-riffe.de\/index.php?rest_route=\/wp\/v2\/pages\/4400\/revisions\/6340"}],"wp:attachment":[{"href":"https:\/\/alles-ueber-riffe.de\/index.php?rest_route=%2Fwp%2Fv2%2Fmedia&parent=4400"}],"curies":[{"name":"wp","href":"https:\/\/api.w.org\/{rel}","templated":true}]}}