{"id":4396,"date":"2025-01-07T13:46:57","date_gmt":"2025-01-07T13:46:57","guid":{"rendered":"https:\/\/alles-ueber-riffe.de\/?page_id=4396"},"modified":"2025-01-11T15:39:38","modified_gmt":"2025-01-11T15:39:38","slug":"blauklingen-nasendoktor","status":"publish","type":"page","link":"https:\/\/alles-ueber-riffe.de\/?page_id=4396","title":{"rendered":"Blauklingen-Nasendoktor"},"content":{"rendered":"\n<div class=\"wp-block-group is-vertical is-layout-flex wp-container-core-group-is-layout-8cf370e7 wp-block-group-is-layout-flex\">\n<p><strong><strong>Blauklingen-Nasendoktor<\/strong><\/strong><\/p>\n\n\n\n<p>Bluespine unicornfish<\/p>\n\n\n\n<p><em>Naso unicornis<\/em><\/p>\n<\/div>\n\n\n\n<div style=\"height:30px\" aria-hidden=\"true\" class=\"wp-block-spacer\"><\/div>\n\n\n\n<figure class=\"wp-block-video\"><video height=\"576\" style=\"aspect-ratio: 1024 \/ 576;\" width=\"1024\" controls src=\"https:\/\/alles-ueber-riffe.de\/wp-content\/uploads\/2025\/01\/Blauklingen-Nasendoktor.mp4\"><\/video><figcaption class=\"wp-element-caption\"><a href=\"https:\/\/alles-ueber-riffe.de\/?page_id=4398\">\u00a9 Heinz Krimmer<\/a><\/figcaption><\/figure>\n\n\n\n<hr class=\"wp-block-separator has-alpha-channel-opacity is-style-default\"\/>\n\n\n\n<p><strong>Gr\u00f6\u00dfe: <\/strong> bis 70 cm<\/p>\n\n\n\n<p><strong>Lebensraum:<\/strong> Korallenriffe<\/p>\n\n\n\n<p><strong>Vorkommen:  <\/strong>Ostafrika, Rotes Meer, Malediven, ganz S\u00fcdostasien, S\u00fcdjapan, Nordaustralien, Papua-Neuguinea, Ozeanien bis Hawaii<\/p>\n\n\n\n<p><strong>Erkennungsmerkmale: <\/strong> markantes Horn direkt am Auge; gelb-gr\u00fcne K\u00f6rperfarbe; blaue Klingen und blau ges\u00e4umte Schwanzflosse<\/p>\n\n\n\n<p><strong>Biologie &amp; Verhalten: <\/strong> Ern\u00e4hrt sich von Braunalgen. Da seine Nahrung auch im Freiwasser zu finden ist, h\u00e4lt er sich gerne im Blauwasser in der N\u00e4he der Riffe auf. Oft in kleinen Gruppen zu sehen.<\/p>\n\n\n\n<p><strong>Bedrohungsstatus:<\/strong> Die Art wird auf der Roten Liste der IUCN als \u201e nicht gef\u00e4hrdet\u201c gef\u00fchrt.<\/p>\n\n\n\n<hr class=\"wp-block-separator has-alpha-channel-opacity is-style-default\"\/>\n","protected":false},"excerpt":{"rendered":"<p>Blauklingen-Nasendoktor Bluespine unicornfish Naso unicornis Gr\u00f6\u00dfe: bis 70 cm Lebensraum: Korallenriffe Vorkommen: Ostafrika, Rotes Meer, Malediven, ganz S\u00fcdostasien, S\u00fcdjapan, Nordaustralien, Papua-Neuguinea, Ozeanien bis Hawaii Erkennungsmerkmale: markantes Horn direkt am Auge; gelb-gr\u00fcne K\u00f6rperfarbe; blaue Klingen und blau ges\u00e4umte Schwanzflosse Biologie &amp; Verhalten: Ern\u00e4hrt sich von Braunalgen. Da seine Nahrung auch im Freiwasser zu finden ist, h\u00e4lt &hellip; <\/p>\n<p class=\"link-more\"><a href=\"https:\/\/alles-ueber-riffe.de\/?page_id=4396\" class=\"more-link\"><span class=\"screen-reader-text\">\u201eBlauklingen-Nasendoktor\u201c<\/span> weiterlesen<\/a><\/p>\n","protected":false},"author":1,"featured_media":0,"parent":0,"menu_order":0,"comment_status":"closed","ping_status":"closed","template":"","meta":{"footnotes":""},"class_list":["post-4396","page","type-page","status-publish","hentry"],"_links":{"self":[{"href":"https:\/\/alles-ueber-riffe.de\/index.php?rest_route=\/wp\/v2\/pages\/4396","targetHints":{"allow":["GET"]}}],"collection":[{"href":"https:\/\/alles-ueber-riffe.de\/index.php?rest_route=\/wp\/v2\/pages"}],"about":[{"href":"https:\/\/alles-ueber-riffe.de\/index.php?rest_route=\/wp\/v2\/types\/page"}],"author":[{"embeddable":true,"href":"https:\/\/alles-ueber-riffe.de\/index.php?rest_route=\/wp\/v2\/users\/1"}],"replies":[{"embeddable":true,"href":"https:\/\/alles-ueber-riffe.de\/index.php?rest_route=%2Fwp%2Fv2%2Fcomments&post=4396"}],"version-history":[{"count":7,"href":"https:\/\/alles-ueber-riffe.de\/index.php?rest_route=\/wp\/v2\/pages\/4396\/revisions"}],"predecessor-version":[{"id":6311,"href":"https:\/\/alles-ueber-riffe.de\/index.php?rest_route=\/wp\/v2\/pages\/4396\/revisions\/6311"}],"wp:attachment":[{"href":"https:\/\/alles-ueber-riffe.de\/index.php?rest_route=%2Fwp%2Fv2%2Fmedia&parent=4396"}],"curies":[{"name":"wp","href":"https:\/\/api.w.org\/{rel}","templated":true}]}}