{"id":4390,"date":"2025-01-07T13:46:03","date_gmt":"2025-01-07T13:46:03","guid":{"rendered":"https:\/\/alles-ueber-riffe.de\/?page_id=4390"},"modified":"2025-01-10T18:34:44","modified_gmt":"2025-01-10T18:34:44","slug":"achilles-doktorfisch","status":"publish","type":"page","link":"https:\/\/alles-ueber-riffe.de\/?page_id=4390","title":{"rendered":"Achilles-Doktorfisch"},"content":{"rendered":"\n<div class=\"wp-block-group is-vertical is-layout-flex wp-container-core-group-is-layout-8cf370e7 wp-block-group-is-layout-flex\">\n<p><strong>Achilles-Doktorfisch<\/strong><\/p>\n\n\n\n<p><em>Achilles tang<\/em><\/p>\n\n\n\n<p><em>Acanthurus achilles<\/em><\/p>\n<\/div>\n\n\n\n<div style=\"height:30px\" aria-hidden=\"true\" class=\"wp-block-spacer\"><\/div>\n\n\n\n<figure class=\"wp-block-image size-full\"><img loading=\"lazy\" decoding=\"async\" width=\"1024\" height=\"768\" src=\"https:\/\/alles-ueber-riffe.de\/wp-content\/uploads\/2025\/01\/Achilles-Doktorfisch_1024x768.jpg\" alt=\"\" class=\"wp-image-6269\" srcset=\"https:\/\/alles-ueber-riffe.de\/wp-content\/uploads\/2025\/01\/Achilles-Doktorfisch_1024x768.jpg 1024w, https:\/\/alles-ueber-riffe.de\/wp-content\/uploads\/2025\/01\/Achilles-Doktorfisch_1024x768-300x225.jpg 300w, https:\/\/alles-ueber-riffe.de\/wp-content\/uploads\/2025\/01\/Achilles-Doktorfisch_1024x768-768x576.jpg 768w\" sizes=\"auto, (max-width: 767px) 89vw, (max-width: 1000px) 54vw, (max-width: 1071px) 543px, 580px\" \/><figcaption class=\"wp-element-caption\">\u00a9 Heinz Krimmer<\/figcaption><\/figure>\n\n\n\n<hr class=\"wp-block-separator has-alpha-channel-opacity is-style-default\"\/>\n\n\n\n<p><strong>Gr\u00f6\u00dfe: <\/strong> bis 24 cm<\/p>\n\n\n\n<p><strong>Lebensraum:<\/strong> Korallenriffe<\/p>\n\n\n\n<p><strong>Vorkommen:  <\/strong>Nordostaustralien, Ozeanien bis zur K\u00fcste Mittelamerikas<\/p>\n\n\n\n<p><strong>Erkennungsmerkmale: <\/strong> schwarzbraun mit gro\u00dfem, ovalem, orangenem Fleck vor der Schwanzflosse; Schwanzflosse orange mit wei\u00dfem Rand<\/p>\n\n\n\n<p><strong>Biologie &amp; Verhalten: <\/strong> Die katholische Kirche h\u00e4tte ihre Freude an diesem Doktorfisch, denn der Achilles-Doktorfisch ist monogam, d.h. er bleibt lebenslang seinem Partner treu.<\/p>\n\n\n\n<p>Der Pflanzenfresser ern\u00e4hrt sich bevorzugt von Algen. In kleinen Gruppen findet man sie an k\u00fcstenfernen Riffen.<\/p>\n\n\n\n<p><strong>Bedrohungsstatus:<\/strong> Die Art wird auf der Roten Liste der IUCN als \u201e nicht gef\u00e4hrdet\u201c gef\u00fchrt.<\/p>\n\n\n\n<hr class=\"wp-block-separator has-alpha-channel-opacity is-style-default\"\/>\n","protected":false},"excerpt":{"rendered":"<p>Achilles-Doktorfisch Achilles tang Acanthurus achilles Gr\u00f6\u00dfe: bis 24 cm Lebensraum: Korallenriffe Vorkommen: Nordostaustralien, Ozeanien bis zur K\u00fcste Mittelamerikas Erkennungsmerkmale: schwarzbraun mit gro\u00dfem, ovalem, orangenem Fleck vor der Schwanzflosse; Schwanzflosse orange mit wei\u00dfem Rand Biologie &amp; Verhalten: Die katholische Kirche h\u00e4tte ihre Freude an diesem Doktorfisch, denn der Achilles-Doktorfisch ist monogam, d.h. er bleibt lebenslang seinem &hellip; <\/p>\n<p class=\"link-more\"><a href=\"https:\/\/alles-ueber-riffe.de\/?page_id=4390\" class=\"more-link\"><span class=\"screen-reader-text\">\u201eAchilles-Doktorfisch\u201c<\/span> weiterlesen<\/a><\/p>\n","protected":false},"author":1,"featured_media":0,"parent":0,"menu_order":0,"comment_status":"closed","ping_status":"closed","template":"","meta":{"footnotes":""},"class_list":["post-4390","page","type-page","status-publish","hentry"],"_links":{"self":[{"href":"https:\/\/alles-ueber-riffe.de\/index.php?rest_route=\/wp\/v2\/pages\/4390","targetHints":{"allow":["GET"]}}],"collection":[{"href":"https:\/\/alles-ueber-riffe.de\/index.php?rest_route=\/wp\/v2\/pages"}],"about":[{"href":"https:\/\/alles-ueber-riffe.de\/index.php?rest_route=\/wp\/v2\/types\/page"}],"author":[{"embeddable":true,"href":"https:\/\/alles-ueber-riffe.de\/index.php?rest_route=\/wp\/v2\/users\/1"}],"replies":[{"embeddable":true,"href":"https:\/\/alles-ueber-riffe.de\/index.php?rest_route=%2Fwp%2Fv2%2Fcomments&post=4390"}],"version-history":[{"count":5,"href":"https:\/\/alles-ueber-riffe.de\/index.php?rest_route=\/wp\/v2\/pages\/4390\/revisions"}],"predecessor-version":[{"id":6273,"href":"https:\/\/alles-ueber-riffe.de\/index.php?rest_route=\/wp\/v2\/pages\/4390\/revisions\/6273"}],"wp:attachment":[{"href":"https:\/\/alles-ueber-riffe.de\/index.php?rest_route=%2Fwp%2Fv2%2Fmedia&parent=4390"}],"curies":[{"name":"wp","href":"https:\/\/api.w.org\/{rel}","templated":true}]}}