{"id":4286,"date":"2024-12-19T15:23:32","date_gmt":"2024-12-19T15:23:32","guid":{"rendered":"https:\/\/alles-ueber-riffe.de\/?page_id=4286"},"modified":"2025-01-10T15:27:24","modified_gmt":"2025-01-10T15:27:24","slug":"gabelschwanz-bueschelbarsch-2","status":"publish","type":"page","link":"https:\/\/alles-ueber-riffe.de\/?page_id=4286","title":{"rendered":"Gabelschwanz-B\u00fcschelbarsch"},"content":{"rendered":"\n<div class=\"wp-block-group is-vertical is-layout-flex wp-container-core-group-is-layout-8cf370e7 wp-block-group-is-layout-flex\">\n<p><strong>Gabelschwanz-B\u00fcschelbarsch<\/strong><\/p>\n\n\n\n<p>Swallowtail hawkfish<\/p>\n\n\n\n<p><em>Cyprinocirrhites polyactis<\/em><\/p>\n<\/div>\n\n\n\n<div style=\"height:30px\" aria-hidden=\"true\" class=\"wp-block-spacer\"><\/div>\n\n\n\n<figure class=\"wp-block-image size-full\"><img loading=\"lazy\" decoding=\"async\" width=\"1024\" height=\"768\" src=\"https:\/\/alles-ueber-riffe.de\/wp-content\/uploads\/2025\/01\/Gabelschwanz-Bueschelbarsch_1024x768.jpg\" alt=\"\" class=\"wp-image-6227\" srcset=\"https:\/\/alles-ueber-riffe.de\/wp-content\/uploads\/2025\/01\/Gabelschwanz-Bueschelbarsch_1024x768.jpg 1024w, https:\/\/alles-ueber-riffe.de\/wp-content\/uploads\/2025\/01\/Gabelschwanz-Bueschelbarsch_1024x768-300x225.jpg 300w, https:\/\/alles-ueber-riffe.de\/wp-content\/uploads\/2025\/01\/Gabelschwanz-Bueschelbarsch_1024x768-768x576.jpg 768w\" sizes=\"auto, (max-width: 767px) 89vw, (max-width: 1000px) 54vw, (max-width: 1071px) 543px, 580px\" \/><figcaption class=\"wp-element-caption\">\u00a9 Joris Rombouts<\/figcaption><\/figure>\n\n\n\n<hr class=\"wp-block-separator has-alpha-channel-opacity is-style-default\"\/>\n\n\n\n<p><strong>Gr\u00f6\u00dfe: <\/strong> bis 14 cm<\/p>\n\n\n\n<p><strong>Lebensraum:<\/strong> Korallenriffe<\/p>\n\n\n\n<p><strong>Vorkommen:  <\/strong>Ostafrika, Malediven, S\u00fcdjapan, ganz S\u00fcdostasien, Nordaustralien, Ozeanien bis Tonga<\/p>\n\n\n\n<p><strong>Erkennungsmerkmale: <\/strong> gegabelte Schwanzflosse; orangerote F\u00e4rbung<\/p>\n\n\n\n<p><strong>Biologie &amp; Verhalten: <\/strong> Dieser B\u00fcschelbarsch spielt Fahnenbarsch. Nicht nur die \u00e4u\u00dfere Erscheinung mit Gabelschwanz, sondern auch sein Verhalten erinnert an Fahnenbarsche. Er jagt Plankton im Abstand von bis zu einem Meter vom Riff.<\/p>\n\n\n\n<p><strong>Bedrohungsstatus:<\/strong> Die Art wird auf der Roten Liste der IUCN als \u201e nicht gef\u00e4hrdet\u201c gef\u00fchrt.<\/p>\n\n\n\n<hr class=\"wp-block-separator has-alpha-channel-opacity is-style-default\"\/>\n","protected":false},"excerpt":{"rendered":"<p>Gabelschwanz-B\u00fcschelbarsch Swallowtail hawkfish Cyprinocirrhites polyactis Gr\u00f6\u00dfe: bis 14 cm Lebensraum: Korallenriffe Vorkommen: Ostafrika, Malediven, S\u00fcdjapan, ganz S\u00fcdostasien, Nordaustralien, Ozeanien bis Tonga Erkennungsmerkmale: gegabelte Schwanzflosse; orangerote F\u00e4rbung Biologie &amp; Verhalten: Dieser B\u00fcschelbarsch spielt Fahnenbarsch. Nicht nur die \u00e4u\u00dfere Erscheinung mit Gabelschwanz, sondern auch sein Verhalten erinnert an Fahnenbarsche. Er jagt Plankton im Abstand von bis zu &hellip; <\/p>\n<p class=\"link-more\"><a href=\"https:\/\/alles-ueber-riffe.de\/?page_id=4286\" class=\"more-link\"><span class=\"screen-reader-text\">\u201eGabelschwanz-B\u00fcschelbarsch\u201c<\/span> weiterlesen<\/a><\/p>\n","protected":false},"author":1,"featured_media":0,"parent":0,"menu_order":0,"comment_status":"closed","ping_status":"closed","template":"","meta":{"footnotes":""},"class_list":["post-4286","page","type-page","status-publish","hentry"],"_links":{"self":[{"href":"https:\/\/alles-ueber-riffe.de\/index.php?rest_route=\/wp\/v2\/pages\/4286","targetHints":{"allow":["GET"]}}],"collection":[{"href":"https:\/\/alles-ueber-riffe.de\/index.php?rest_route=\/wp\/v2\/pages"}],"about":[{"href":"https:\/\/alles-ueber-riffe.de\/index.php?rest_route=\/wp\/v2\/types\/page"}],"author":[{"embeddable":true,"href":"https:\/\/alles-ueber-riffe.de\/index.php?rest_route=\/wp\/v2\/users\/1"}],"replies":[{"embeddable":true,"href":"https:\/\/alles-ueber-riffe.de\/index.php?rest_route=%2Fwp%2Fv2%2Fcomments&post=4286"}],"version-history":[{"count":6,"href":"https:\/\/alles-ueber-riffe.de\/index.php?rest_route=\/wp\/v2\/pages\/4286\/revisions"}],"predecessor-version":[{"id":6230,"href":"https:\/\/alles-ueber-riffe.de\/index.php?rest_route=\/wp\/v2\/pages\/4286\/revisions\/6230"}],"wp:attachment":[{"href":"https:\/\/alles-ueber-riffe.de\/index.php?rest_route=%2Fwp%2Fv2%2Fmedia&parent=4286"}],"curies":[{"name":"wp","href":"https:\/\/api.w.org\/{rel}","templated":true}]}}