{"id":4282,"date":"2024-12-19T15:22:17","date_gmt":"2024-12-19T15:22:17","guid":{"rendered":"https:\/\/alles-ueber-riffe.de\/?page_id=4282"},"modified":"2025-01-10T15:11:42","modified_gmt":"2025-01-10T15:11:42","slug":"monokel-korallenwaechter","status":"publish","type":"page","link":"https:\/\/alles-ueber-riffe.de\/?page_id=4282","title":{"rendered":"Monokel-Korallenw\u00e4chter"},"content":{"rendered":"\n<div class=\"wp-block-group is-vertical is-layout-flex wp-container-core-group-is-layout-8cf370e7 wp-block-group-is-layout-flex\">\n<p><strong>Monokel-Korallenw\u00e4chter<\/strong><\/p>\n\n\n\n<p>Ringeye Hawkfish<\/p>\n\n\n\n<p><em>Paracirrhites arcatus<\/em><\/p>\n<\/div>\n\n\n\n<div style=\"height:30px\" aria-hidden=\"true\" class=\"wp-block-spacer\"><\/div>\n\n\n\n<figure class=\"wp-block-image size-full\"><img loading=\"lazy\" decoding=\"async\" width=\"1024\" height=\"768\" src=\"https:\/\/alles-ueber-riffe.de\/wp-content\/uploads\/2025\/01\/Monokel-Korallenwaechter_1024x768.jpg\" alt=\"\" class=\"wp-image-6209\" srcset=\"https:\/\/alles-ueber-riffe.de\/wp-content\/uploads\/2025\/01\/Monokel-Korallenwaechter_1024x768.jpg 1024w, https:\/\/alles-ueber-riffe.de\/wp-content\/uploads\/2025\/01\/Monokel-Korallenwaechter_1024x768-300x225.jpg 300w, https:\/\/alles-ueber-riffe.de\/wp-content\/uploads\/2025\/01\/Monokel-Korallenwaechter_1024x768-768x576.jpg 768w\" sizes=\"auto, (max-width: 767px) 89vw, (max-width: 1000px) 54vw, (max-width: 1071px) 543px, 580px\" \/><figcaption class=\"wp-element-caption\">\u00a9 Heinz Krimmer<\/figcaption><\/figure>\n\n\n\n<hr class=\"wp-block-separator has-alpha-channel-opacity is-style-default\"\/>\n\n\n\n<p><strong>Gr\u00f6\u00dfe: <\/strong> bis 14 cm<\/p>\n\n\n\n<p><strong>Lebensraum:<\/strong> Korallenriffe<\/p>\n\n\n\n<p><strong>Vorkommen:  <\/strong>Ostafrika, Malediven, S\u00fcdjapan, ganz S\u00fcdostasien, Nordaustralien, Papua-Neuguinea, Ozeanien bis zu den Linieninseln<\/p>\n\n\n\n<p><strong>Erkennungsmerkmale: <\/strong> gelbe, rote und blaue Line, die die Augen nach hinten optisch gr\u00f6\u00dfer erscheinen lassen<\/p>\n\n\n\n<p><strong>Biologie &amp; Verhalten: <\/strong> Wie die meisten B\u00fcschelbarsche oder Korallenw\u00e4chter, wie sie auch genannt werden, liegt er gerne auf erh\u00f6hten Pl\u00e4tzen einer Koralle oder sonstigem Substrat und studiert genau seine Umgebung. Selbst als Taucher kann man sich beobachtet f\u00fchlen. Seine Aufmerksamkeit gilt allerdings eher seiner Beute: Kleinen Fischen, aber auch Wirbellosen, die er durch einen schnellen Angriff \u00fcberrascht.<\/p>\n\n\n\n<p><strong>Bedrohungsstatus:<\/strong> Die Art wird auf der Roten Liste der IUCN als \u201e nicht gef\u00e4hrdet\u201c gef\u00fchrt.<\/p>\n\n\n\n<hr class=\"wp-block-separator has-alpha-channel-opacity is-style-default\"\/>\n","protected":false},"excerpt":{"rendered":"<p>Monokel-Korallenw\u00e4chter Ringeye Hawkfish Paracirrhites arcatus Gr\u00f6\u00dfe: bis 14 cm Lebensraum: Korallenriffe Vorkommen: Ostafrika, Malediven, S\u00fcdjapan, ganz S\u00fcdostasien, Nordaustralien, Papua-Neuguinea, Ozeanien bis zu den Linieninseln Erkennungsmerkmale: gelbe, rote und blaue Line, die die Augen nach hinten optisch gr\u00f6\u00dfer erscheinen lassen Biologie &amp; Verhalten: Wie die meisten B\u00fcschelbarsche oder Korallenw\u00e4chter, wie sie auch genannt werden, liegt er &hellip; <\/p>\n<p class=\"link-more\"><a href=\"https:\/\/alles-ueber-riffe.de\/?page_id=4282\" class=\"more-link\"><span class=\"screen-reader-text\">\u201eMonokel-Korallenw\u00e4chter\u201c<\/span> weiterlesen<\/a><\/p>\n","protected":false},"author":1,"featured_media":0,"parent":0,"menu_order":0,"comment_status":"closed","ping_status":"closed","template":"","meta":{"footnotes":""},"class_list":["post-4282","page","type-page","status-publish","hentry"],"_links":{"self":[{"href":"https:\/\/alles-ueber-riffe.de\/index.php?rest_route=\/wp\/v2\/pages\/4282","targetHints":{"allow":["GET"]}}],"collection":[{"href":"https:\/\/alles-ueber-riffe.de\/index.php?rest_route=\/wp\/v2\/pages"}],"about":[{"href":"https:\/\/alles-ueber-riffe.de\/index.php?rest_route=\/wp\/v2\/types\/page"}],"author":[{"embeddable":true,"href":"https:\/\/alles-ueber-riffe.de\/index.php?rest_route=\/wp\/v2\/users\/1"}],"replies":[{"embeddable":true,"href":"https:\/\/alles-ueber-riffe.de\/index.php?rest_route=%2Fwp%2Fv2%2Fcomments&post=4282"}],"version-history":[{"count":7,"href":"https:\/\/alles-ueber-riffe.de\/index.php?rest_route=\/wp\/v2\/pages\/4282\/revisions"}],"predecessor-version":[{"id":6215,"href":"https:\/\/alles-ueber-riffe.de\/index.php?rest_route=\/wp\/v2\/pages\/4282\/revisions\/6215"}],"wp:attachment":[{"href":"https:\/\/alles-ueber-riffe.de\/index.php?rest_route=%2Fwp%2Fv2%2Fmedia&parent=4282"}],"curies":[{"name":"wp","href":"https:\/\/api.w.org\/{rel}","templated":true}]}}