{"id":4265,"date":"2024-12-19T15:15:34","date_gmt":"2024-12-19T15:15:34","guid":{"rendered":"https:\/\/alles-ueber-riffe.de\/?page_id=4265"},"modified":"2025-01-10T15:46:30","modified_gmt":"2025-01-10T15:46:30","slug":"cobra","status":"publish","type":"page","link":"https:\/\/alles-ueber-riffe.de\/?page_id=4265","title":{"rendered":"Cobia"},"content":{"rendered":"\n<div class=\"wp-block-group is-vertical is-layout-flex wp-container-core-group-is-layout-8cf370e7 wp-block-group-is-layout-flex\">\n<p><strong>Cobia<\/strong><\/p>\n\n\n\n<p>Cobia<\/p>\n\n\n\n<p><em>Rachycentron<\/em><strong> <\/strong><em>canadum<\/em><\/p>\n<\/div>\n\n\n\n<div style=\"height:30px\" aria-hidden=\"true\" class=\"wp-block-spacer\"><\/div>\n\n\n\n<figure class=\"wp-block-image size-full\"><img loading=\"lazy\" decoding=\"async\" width=\"1024\" height=\"768\" src=\"https:\/\/alles-ueber-riffe.de\/wp-content\/uploads\/2025\/01\/Cobia_1024x768.jpg\" alt=\"\" class=\"wp-image-6263\" srcset=\"https:\/\/alles-ueber-riffe.de\/wp-content\/uploads\/2025\/01\/Cobia_1024x768.jpg 1024w, https:\/\/alles-ueber-riffe.de\/wp-content\/uploads\/2025\/01\/Cobia_1024x768-300x225.jpg 300w, https:\/\/alles-ueber-riffe.de\/wp-content\/uploads\/2025\/01\/Cobia_1024x768-768x576.jpg 768w\" sizes=\"auto, (max-width: 767px) 89vw, (max-width: 1000px) 54vw, (max-width: 1071px) 543px, 580px\" \/><figcaption class=\"wp-element-caption\">\u00a9 Heinz Krimmer<\/figcaption><\/figure>\n\n\n\n<hr class=\"wp-block-separator has-alpha-channel-opacity is-style-default\"\/>\n\n\n\n<p><strong>Gr\u00f6\u00dfe: <\/strong> bis 2,00 m<\/p>\n\n\n\n<p><strong>Lebensraum:<\/strong> pelagisch mit gelegentlichen Besuchen an Riffen<\/p>\n\n\n\n<p><strong>Vorkommen: <\/strong>tropische und subtropische Bereiche aller Ozeane, jedoch bevorzugt in K\u00fcstenn\u00e4he. In den Weiten des Ostpazifik kommt er nicht vor.<\/p>\n\n\n\n<p><strong>Erkennungsmerkmale: <\/strong> Stacheln vor der R\u00fcckenflosse, oft mit dunklen und hellen L\u00e4ngsstreifen, aber auch fast einf\u00f6rmig braun mit wei\u00dfem Bauch. Spitzer Kopf mit endst\u00e4ndigem Maul.Cobias verwechselt man auf den ersten Blick gerne mit Haien. Die Silhouette, die gro\u00dfe R\u00fcckenflosse und zwei Meter L\u00e4nge k\u00f6nnen leicht t\u00e4uschen. Oft begleiten sie auch Walhaie. Genau wie diese sind sie der einzige noch lebende Vertreter ihrer Gattung.<\/p>\n\n\n\n<p>Cobias kommen einzeln oder in kleinen Gruppen vor. Sie sind J\u00e4ger und fressen Wirbellose und Fische. Nach der Besamung werden ihre nur ca. 1,2 mm gro\u00dfen Eier Teil des Planktons und durch Str\u00f6mungen weit verteilt. Auch hat man festgestellt, dass einige Tiere weite Wanderungen unternehmen.<\/p>\n\n\n\n<p>Cobias gelten als gute Speisefische, sind aber als solche oft nicht zu identifizieren, da sie oft unter anderem Namen wie z.B. K\u00f6nigsfisch oder Offiziersbarsch angeboten werden<\/p>\n\n\n\n<p><strong>Bedrohungsstatus:<\/strong> Die Art wird auf der Roten Liste der IUCN als \u201e nicht gef\u00e4hrdet\u201c gef\u00fchrt.<\/p>\n\n\n\n<hr class=\"wp-block-separator has-alpha-channel-opacity is-style-default\"\/>\n","protected":false},"excerpt":{"rendered":"<p>Cobia Cobia Rachycentron canadum Gr\u00f6\u00dfe: bis 2,00 m Lebensraum: pelagisch mit gelegentlichen Besuchen an Riffen Vorkommen: tropische und subtropische Bereiche aller Ozeane, jedoch bevorzugt in K\u00fcstenn\u00e4he. In den Weiten des Ostpazifik kommt er nicht vor. Erkennungsmerkmale: Stacheln vor der R\u00fcckenflosse, oft mit dunklen und hellen L\u00e4ngsstreifen, aber auch fast einf\u00f6rmig braun mit wei\u00dfem Bauch. Spitzer &hellip; <\/p>\n<p class=\"link-more\"><a href=\"https:\/\/alles-ueber-riffe.de\/?page_id=4265\" class=\"more-link\"><span class=\"screen-reader-text\">\u201eCobia\u201c<\/span> weiterlesen<\/a><\/p>\n","protected":false},"author":1,"featured_media":0,"parent":0,"menu_order":0,"comment_status":"closed","ping_status":"closed","template":"","meta":{"footnotes":""},"class_list":["post-4265","page","type-page","status-publish","hentry"],"_links":{"self":[{"href":"https:\/\/alles-ueber-riffe.de\/index.php?rest_route=\/wp\/v2\/pages\/4265","targetHints":{"allow":["GET"]}}],"collection":[{"href":"https:\/\/alles-ueber-riffe.de\/index.php?rest_route=\/wp\/v2\/pages"}],"about":[{"href":"https:\/\/alles-ueber-riffe.de\/index.php?rest_route=\/wp\/v2\/types\/page"}],"author":[{"embeddable":true,"href":"https:\/\/alles-ueber-riffe.de\/index.php?rest_route=\/wp\/v2\/users\/1"}],"replies":[{"embeddable":true,"href":"https:\/\/alles-ueber-riffe.de\/index.php?rest_route=%2Fwp%2Fv2%2Fcomments&post=4265"}],"version-history":[{"count":6,"href":"https:\/\/alles-ueber-riffe.de\/index.php?rest_route=\/wp\/v2\/pages\/4265\/revisions"}],"predecessor-version":[{"id":6268,"href":"https:\/\/alles-ueber-riffe.de\/index.php?rest_route=\/wp\/v2\/pages\/4265\/revisions\/6268"}],"wp:attachment":[{"href":"https:\/\/alles-ueber-riffe.de\/index.php?rest_route=%2Fwp%2Fv2%2Fmedia&parent=4265"}],"curies":[{"name":"wp","href":"https:\/\/api.w.org\/{rel}","templated":true}]}}