{"id":4256,"date":"2024-12-19T15:14:16","date_gmt":"2024-12-19T15:14:16","guid":{"rendered":"https:\/\/alles-ueber-riffe.de\/?page_id=4256"},"modified":"2025-01-10T15:38:36","modified_gmt":"2025-01-10T15:38:36","slug":"riesen-bueschelbarsch","status":"publish","type":"page","link":"https:\/\/alles-ueber-riffe.de\/?page_id=4256","title":{"rendered":"Riesen-B\u00fcschelbarsch"},"content":{"rendered":"\n<div class=\"wp-block-group is-vertical is-layout-flex wp-container-core-group-is-layout-8cf370e7 wp-block-group-is-layout-flex\">\n<p><strong>Riesen-B\u00fcschelbarsch<\/strong><\/p>\n\n\n\n<p>Giant Hawkfish<\/p>\n\n\n\n<p><em>Cirrhitus rivulatus<\/em><\/p>\n<\/div>\n\n\n\n<div style=\"height:30px\" aria-hidden=\"true\" class=\"wp-block-spacer\"><\/div>\n\n\n\n<figure class=\"wp-block-image size-full\"><img loading=\"lazy\" decoding=\"async\" width=\"1024\" height=\"768\" src=\"https:\/\/alles-ueber-riffe.de\/wp-content\/uploads\/2025\/01\/Riesen-Bueschelbarsch1024x768.jpg\" alt=\"\" class=\"wp-image-6247\" srcset=\"https:\/\/alles-ueber-riffe.de\/wp-content\/uploads\/2025\/01\/Riesen-Bueschelbarsch1024x768.jpg 1024w, https:\/\/alles-ueber-riffe.de\/wp-content\/uploads\/2025\/01\/Riesen-Bueschelbarsch1024x768-300x225.jpg 300w, https:\/\/alles-ueber-riffe.de\/wp-content\/uploads\/2025\/01\/Riesen-Bueschelbarsch1024x768-768x576.jpg 768w\" sizes=\"auto, (max-width: 767px) 89vw, (max-width: 1000px) 54vw, (max-width: 1071px) 543px, 580px\" \/><figcaption class=\"wp-element-caption\">\u00a9 Heinz Krimmer<\/figcaption><\/figure>\n\n\n\n<hr class=\"wp-block-separator has-alpha-channel-opacity is-style-default\"\/>\n\n\n\n<p><strong>Gr\u00f6\u00dfe: <\/strong> bis 60 cm<\/p>\n\n\n\n<p><strong>Lebensraum:<\/strong> Korallenriffe<\/p>\n\n\n\n<p><strong>Vorkommen:  <\/strong>Golf von Kalifornien, Costa Rica, Panama, Kolumbien, Galapagos, Cocos, Malpelo<\/p>\n\n\n\n<p><strong>Erkennungsmerkmale: <\/strong> drei breite, wei\u00dfe Streifen; K\u00f6rper knallorange<\/p>\n\n\n\n<p><strong>Biologie &amp; Verhalten: <\/strong> Wie die meisten B\u00fcschelbarsche oder Korallenw\u00e4chter, wie sie auch genannt werden, liegt er gerne auf erh\u00f6hten Pl\u00e4tzen einer Koralle oder sonstigem Substrat und studiert genau seine Umgebung. Selbst als Taucher kann man sich beobachtet f\u00fchlen. Seine Aufmerksamkeit gilt allerdings eher seiner Beute: Kleinen Fischen, aber auch Wirbellosen, die er durch einen schnellen Angriff \u00fcberrascht.<br><\/p>\n\n\n\n<p><strong>Bedrohungsstatus:<\/strong> Die Art wird auf der Roten Liste der IUCN als \u201e nicht gef\u00e4hrdet\u201c gef\u00fchrt.<\/p>\n\n\n\n<hr class=\"wp-block-separator has-alpha-channel-opacity is-style-default\"\/>\n","protected":false},"excerpt":{"rendered":"<p>Riesen-B\u00fcschelbarsch Giant Hawkfish Cirrhitus rivulatus Gr\u00f6\u00dfe: bis 60 cm Lebensraum: Korallenriffe Vorkommen: Golf von Kalifornien, Costa Rica, Panama, Kolumbien, Galapagos, Cocos, Malpelo Erkennungsmerkmale: drei breite, wei\u00dfe Streifen; K\u00f6rper knallorange Biologie &amp; Verhalten: Wie die meisten B\u00fcschelbarsche oder Korallenw\u00e4chter, wie sie auch genannt werden, liegt er gerne auf erh\u00f6hten Pl\u00e4tzen einer Koralle oder sonstigem Substrat und &hellip; <\/p>\n<p class=\"link-more\"><a href=\"https:\/\/alles-ueber-riffe.de\/?page_id=4256\" class=\"more-link\"><span class=\"screen-reader-text\">\u201eRiesen-B\u00fcschelbarsch\u201c<\/span> weiterlesen<\/a><\/p>\n","protected":false},"author":1,"featured_media":0,"parent":0,"menu_order":0,"comment_status":"closed","ping_status":"closed","template":"","meta":{"footnotes":""},"class_list":["post-4256","page","type-page","status-publish","hentry"],"_links":{"self":[{"href":"https:\/\/alles-ueber-riffe.de\/index.php?rest_route=\/wp\/v2\/pages\/4256","targetHints":{"allow":["GET"]}}],"collection":[{"href":"https:\/\/alles-ueber-riffe.de\/index.php?rest_route=\/wp\/v2\/pages"}],"about":[{"href":"https:\/\/alles-ueber-riffe.de\/index.php?rest_route=\/wp\/v2\/types\/page"}],"author":[{"embeddable":true,"href":"https:\/\/alles-ueber-riffe.de\/index.php?rest_route=\/wp\/v2\/users\/1"}],"replies":[{"embeddable":true,"href":"https:\/\/alles-ueber-riffe.de\/index.php?rest_route=%2Fwp%2Fv2%2Fcomments&post=4256"}],"version-history":[{"count":8,"href":"https:\/\/alles-ueber-riffe.de\/index.php?rest_route=\/wp\/v2\/pages\/4256\/revisions"}],"predecessor-version":[{"id":6253,"href":"https:\/\/alles-ueber-riffe.de\/index.php?rest_route=\/wp\/v2\/pages\/4256\/revisions\/6253"}],"wp:attachment":[{"href":"https:\/\/alles-ueber-riffe.de\/index.php?rest_route=%2Fwp%2Fv2%2Fmedia&parent=4256"}],"curies":[{"name":"wp","href":"https:\/\/api.w.org\/{rel}","templated":true}]}}