{"id":4252,"date":"2024-12-19T15:13:54","date_gmt":"2024-12-19T15:13:54","guid":{"rendered":"https:\/\/alles-ueber-riffe.de\/?page_id=4252"},"modified":"2025-01-10T15:32:41","modified_gmt":"2025-01-10T15:32:41","slug":"langnasen-bueschelbarsch","status":"publish","type":"page","link":"https:\/\/alles-ueber-riffe.de\/?page_id=4252","title":{"rendered":"Langnasen-B\u00fcschelbarsch"},"content":{"rendered":"\n<div class=\"wp-block-group is-vertical is-layout-flex wp-container-core-group-is-layout-8cf370e7 wp-block-group-is-layout-flex\">\n<p><strong>Langnasen-B\u00fcschelbarsch<\/strong><\/p>\n\n\n\n<p>Longnose Hawkfish<\/p>\n\n\n\n<p><em>Oxycirrhites typus<\/em><\/p>\n<\/div>\n\n\n\n<div style=\"height:30px\" aria-hidden=\"true\" class=\"wp-block-spacer\"><\/div>\n\n\n\n<figure class=\"wp-block-video\"><video height=\"576\" style=\"aspect-ratio: 1024 \/ 576;\" width=\"1024\" controls src=\"https:\/\/alles-ueber-riffe.de\/wp-content\/uploads\/2025\/01\/langnasen_bueschelbarsch_1920_1080.mp4\"><\/video><\/figure>\n\n\n\n<hr class=\"wp-block-separator has-alpha-channel-opacity is-style-default\"\/>\n\n\n\n<p><strong>Gr\u00f6\u00dfe: <\/strong> bis 13 cm<\/p>\n\n\n\n<p><strong>Lebensraum:<\/strong> Schwarze Korallen und gro\u00dfe Gorgonien<\/p>\n\n\n\n<p><strong>Vorkommen:  <\/strong>Ostafrika, Rotes Meer, Malediven, ganz S\u00fcdostasien, Nordaustralien, Papua-Neuguinea, ganz Ozeanien bis zur K\u00fcste Mittelamerikas<\/p>\n\n\n\n<p><strong>Erkennungsmerkmale: <\/strong> ange, spitze Schnauze; wei\u00df mit kariertem Muster aus roten Quer- und L\u00e4ngsstreifen<\/p>\n\n\n\n<p><strong>Biologie &amp; Verhalten: <\/strong> Seine Musterung und F\u00e4rbung l\u00e4sst diesen B\u00fcschelbarsch in einer Gorgonie fast unsichtbar werden. Die Art bevorzugt gr\u00f6\u00dfere Tiefen ab 20 m, weshalb f\u00fcr das Suchen nur wenig Zeit bleibt. Am Besten entdeckt man ihn, wenn er sich bewegt. Meistens lebt ein Paar in einer Gorgonie oder Schwarzen Koralle. Im Gegensatz zu den meisten B\u00fcschelbarschen frisst er Plankton und kleine Wirbellose.<br><\/p>\n\n\n\n<p><strong>Bedrohungsstatus:<\/strong> Die Art wird auf der Roten Liste der IUCN als \u201e nicht gef\u00e4hrdet\u201c gef\u00fchrt.<\/p>\n\n\n\n<hr class=\"wp-block-separator has-alpha-channel-opacity is-style-default\"\/>\n","protected":false},"excerpt":{"rendered":"<p>Langnasen-B\u00fcschelbarsch Longnose Hawkfish Oxycirrhites typus Gr\u00f6\u00dfe: bis 13 cm Lebensraum: Schwarze Korallen und gro\u00dfe Gorgonien Vorkommen: Ostafrika, Rotes Meer, Malediven, ganz S\u00fcdostasien, Nordaustralien, Papua-Neuguinea, ganz Ozeanien bis zur K\u00fcste Mittelamerikas Erkennungsmerkmale: ange, spitze Schnauze; wei\u00df mit kariertem Muster aus roten Quer- und L\u00e4ngsstreifen Biologie &amp; Verhalten: Seine Musterung und F\u00e4rbung l\u00e4sst diesen B\u00fcschelbarsch in einer &hellip; <\/p>\n<p class=\"link-more\"><a href=\"https:\/\/alles-ueber-riffe.de\/?page_id=4252\" class=\"more-link\"><span class=\"screen-reader-text\">\u201eLangnasen-B\u00fcschelbarsch\u201c<\/span> weiterlesen<\/a><\/p>\n","protected":false},"author":1,"featured_media":0,"parent":0,"menu_order":0,"comment_status":"closed","ping_status":"closed","template":"","meta":{"footnotes":""},"class_list":["post-4252","page","type-page","status-publish","hentry"],"_links":{"self":[{"href":"https:\/\/alles-ueber-riffe.de\/index.php?rest_route=\/wp\/v2\/pages\/4252","targetHints":{"allow":["GET"]}}],"collection":[{"href":"https:\/\/alles-ueber-riffe.de\/index.php?rest_route=\/wp\/v2\/pages"}],"about":[{"href":"https:\/\/alles-ueber-riffe.de\/index.php?rest_route=\/wp\/v2\/types\/page"}],"author":[{"embeddable":true,"href":"https:\/\/alles-ueber-riffe.de\/index.php?rest_route=\/wp\/v2\/users\/1"}],"replies":[{"embeddable":true,"href":"https:\/\/alles-ueber-riffe.de\/index.php?rest_route=%2Fwp%2Fv2%2Fcomments&post=4252"}],"version-history":[{"count":4,"href":"https:\/\/alles-ueber-riffe.de\/index.php?rest_route=\/wp\/v2\/pages\/4252\/revisions"}],"predecessor-version":[{"id":6239,"href":"https:\/\/alles-ueber-riffe.de\/index.php?rest_route=\/wp\/v2\/pages\/4252\/revisions\/6239"}],"wp:attachment":[{"href":"https:\/\/alles-ueber-riffe.de\/index.php?rest_route=%2Fwp%2Fv2%2Fmedia&parent=4252"}],"curies":[{"name":"wp","href":"https:\/\/api.w.org\/{rel}","templated":true}]}}