{"id":4250,"date":"2024-12-19T15:13:42","date_gmt":"2024-12-19T15:13:42","guid":{"rendered":"https:\/\/alles-ueber-riffe.de\/?page_id=4250"},"modified":"2025-01-10T15:30:43","modified_gmt":"2025-01-10T15:30:43","slug":"gefleckter-bueschelbarsch","status":"publish","type":"page","link":"https:\/\/alles-ueber-riffe.de\/?page_id=4250","title":{"rendered":"Gefleckter B\u00fcschelbarsch"},"content":{"rendered":"\n<div class=\"wp-block-group is-vertical is-layout-flex wp-container-core-group-is-layout-8cf370e7 wp-block-group-is-layout-flex\">\n<p><strong>Gefleckter B\u00fcschelbarsch<\/strong><\/p>\n\n\n\n<p>Pixie Hawkfish<\/p>\n\n\n\n<p><em>Cirrhitichthys oxycephalus<\/em><\/p>\n<\/div>\n\n\n\n<div style=\"height:30px\" aria-hidden=\"true\" class=\"wp-block-spacer\"><\/div>\n\n\n\n<figure class=\"wp-block-video\"><video height=\"576\" style=\"aspect-ratio: 1024 \/ 576;\" width=\"1024\" controls src=\"https:\/\/alles-ueber-riffe.de\/wp-content\/uploads\/2025\/01\/Gefleckter-Bueschelbarsch.mp4\"><\/video><\/figure>\n\n\n\n<hr class=\"wp-block-separator has-alpha-channel-opacity is-style-default\"\/>\n\n\n\n<p><strong>Gr\u00f6\u00dfe: <\/strong> bis 9 cm<\/p>\n\n\n\n<p><strong>Lebensraum:<\/strong> Korallenriffe<\/p>\n\n\n\n<p><strong>Vorkommen:  <\/strong>Ostafrika, Rotes Meer, Malediven, ganz S\u00fcdostasien, Nordaustralien, Ozeanien bis zur K\u00fcste Mittelamerikas<\/p>\n\n\n\n<p><strong>Erkennungsmerkmale: <\/strong> wei\u00df mit orange bis dunkelroter fl\u00e4chiger Punktmusterung; die charakteristischen kleinen B\u00fcschel an den Spitzen der R\u00fcckenflossenstrahlen.<\/p>\n\n\n\n<p><strong>Biologie &amp; Verhalten: <\/strong> Diese im ganzen tropischen Pazifik verbreitete Art ist von drei weiteren B\u00fcschelbarschen auf Grund \u00e4hnlicher F\u00e4rbung und Musterung kaum zu unterscheiden: dem bis zu 7 cm gro\u00dfen Zwergb\u00fcschelbarsch ( Cirrhitichthys falco), dem bis zu 12 cm gro\u00dfen Fadenb\u00fcschelbarsch (Cirrhitichthys aprinus) und dem bis zu 12 cm gro\u00dfen H\u00f6hlen-B\u00fcschelbarsch (Cirrhitichthys guichenoti).&nbsp;<\/p>\n\n\n\n<p>Wie die meisten B\u00fcschelbarsche oder Korallenw\u00e4chter, wie sie auch genannt werden, liegt er gerne auf erh\u00f6hten Pl\u00e4tzen einer Koralle oder sonstigem Substrat und studiert genau seine Umgebung. Selbst als Taucher kann man sich beobachtet f\u00fchlen. Seine Aufmerksamkeit gilt allerdings eher seiner Beute: Kleinen Fischen, aber auch Wirbellosen, die er durch einen schnellen Angriff \u00fcberrascht.<\/p>\n\n\n\n<p><strong>Bedrohungsstatus:<\/strong> Die Art wird auf der Roten Liste der IUCN als \u201e nicht gef\u00e4hrdet\u201c gef\u00fchrt.<\/p>\n\n\n\n<hr class=\"wp-block-separator has-alpha-channel-opacity is-style-default\"\/>\n","protected":false},"excerpt":{"rendered":"<p>Gefleckter B\u00fcschelbarsch Pixie Hawkfish Cirrhitichthys oxycephalus Gr\u00f6\u00dfe: bis 9 cm Lebensraum: Korallenriffe Vorkommen: Ostafrika, Rotes Meer, Malediven, ganz S\u00fcdostasien, Nordaustralien, Ozeanien bis zur K\u00fcste Mittelamerikas Erkennungsmerkmale: wei\u00df mit orange bis dunkelroter fl\u00e4chiger Punktmusterung; die charakteristischen kleinen B\u00fcschel an den Spitzen der R\u00fcckenflossenstrahlen. Biologie &amp; Verhalten: Diese im ganzen tropischen Pazifik verbreitete Art ist von drei &hellip; <\/p>\n<p class=\"link-more\"><a href=\"https:\/\/alles-ueber-riffe.de\/?page_id=4250\" class=\"more-link\"><span class=\"screen-reader-text\">\u201eGefleckter B\u00fcschelbarsch\u201c<\/span> weiterlesen<\/a><\/p>\n","protected":false},"author":1,"featured_media":0,"parent":0,"menu_order":0,"comment_status":"closed","ping_status":"closed","template":"","meta":{"footnotes":""},"class_list":["post-4250","page","type-page","status-publish","hentry"],"_links":{"self":[{"href":"https:\/\/alles-ueber-riffe.de\/index.php?rest_route=\/wp\/v2\/pages\/4250","targetHints":{"allow":["GET"]}}],"collection":[{"href":"https:\/\/alles-ueber-riffe.de\/index.php?rest_route=\/wp\/v2\/pages"}],"about":[{"href":"https:\/\/alles-ueber-riffe.de\/index.php?rest_route=\/wp\/v2\/types\/page"}],"author":[{"embeddable":true,"href":"https:\/\/alles-ueber-riffe.de\/index.php?rest_route=\/wp\/v2\/users\/1"}],"replies":[{"embeddable":true,"href":"https:\/\/alles-ueber-riffe.de\/index.php?rest_route=%2Fwp%2Fv2%2Fcomments&post=4250"}],"version-history":[{"count":5,"href":"https:\/\/alles-ueber-riffe.de\/index.php?rest_route=\/wp\/v2\/pages\/4250\/revisions"}],"predecessor-version":[{"id":6236,"href":"https:\/\/alles-ueber-riffe.de\/index.php?rest_route=\/wp\/v2\/pages\/4250\/revisions\/6236"}],"wp:attachment":[{"href":"https:\/\/alles-ueber-riffe.de\/index.php?rest_route=%2Fwp%2Fv2%2Fmedia&parent=4250"}],"curies":[{"name":"wp","href":"https:\/\/api.w.org\/{rel}","templated":true}]}}