{"id":4244,"date":"2024-12-19T15:12:42","date_gmt":"2024-12-19T15:12:42","guid":{"rendered":"https:\/\/alles-ueber-riffe.de\/?page_id=4244"},"modified":"2025-01-10T11:04:40","modified_gmt":"2025-01-10T11:04:40","slug":"ein-flossen-blitzlichtfisch","status":"publish","type":"page","link":"https:\/\/alles-ueber-riffe.de\/?page_id=4244","title":{"rendered":"Ein-Flossen-Blitzlichtfisch"},"content":{"rendered":"\n<div class=\"wp-block-group is-vertical is-layout-flex wp-container-core-group-is-layout-8cf370e7 wp-block-group-is-layout-flex\">\n<p><strong>Ein-Flossen Blitzlichtfisch<\/strong><\/p>\n\n\n\n<p>One-Fin Flashlightfish<\/p>\n\n\n\n<p><em>Photoblepharon palpebratus<\/em><\/p>\n<\/div>\n\n\n\n<div style=\"height:30px\" aria-hidden=\"true\" class=\"wp-block-spacer\"><\/div>\n\n\n\n<figure class=\"wp-block-image size-full\"><img loading=\"lazy\" decoding=\"async\" width=\"1024\" height=\"768\" src=\"https:\/\/alles-ueber-riffe.de\/wp-content\/uploads\/2025\/01\/Ein-Flossen-Blitzlichtfisch_1024x768.jpg\" alt=\"\" class=\"wp-image-6183\" srcset=\"https:\/\/alles-ueber-riffe.de\/wp-content\/uploads\/2025\/01\/Ein-Flossen-Blitzlichtfisch_1024x768.jpg 1024w, https:\/\/alles-ueber-riffe.de\/wp-content\/uploads\/2025\/01\/Ein-Flossen-Blitzlichtfisch_1024x768-300x225.jpg 300w, https:\/\/alles-ueber-riffe.de\/wp-content\/uploads\/2025\/01\/Ein-Flossen-Blitzlichtfisch_1024x768-768x576.jpg 768w\" sizes=\"auto, (max-width: 767px) 89vw, (max-width: 1000px) 54vw, (max-width: 1071px) 543px, 580px\" \/><figcaption class=\"wp-element-caption\">\u00a9 Heinz Krimmer<\/figcaption><\/figure>\n\n\n\n<hr class=\"wp-block-separator has-alpha-channel-opacity is-style-default\"\/>\n\n\n\n<p><strong>Gr\u00f6\u00dfe: <\/strong> bis 12 cm<\/p>\n\n\n\n<p><strong>Lebensraum:<\/strong> Korallenriffe<\/p>\n\n\n\n<p><strong>Vorkommen:  <\/strong>Philippinen, Indonesien, Nordaustralien, Papua-Neuguinea, Ozeanien bis zu den Gesellschaftsinseln<\/p>\n\n\n\n<p><strong>Erkennungsmerkmale: <\/strong> eine R\u00fcckenflosse und gro\u00dfer, wei\u00dfer Fleck unter dem Auge<\/p>\n\n\n\n<p><strong>Biologie &amp; Verhalten: <\/strong> Nachtaktiver Fisch, der sich tags\u00fcber in H\u00f6hlen versteckt. Man erkennt sie beim Nachttauchgang an dem bogenf\u00f6rmigen Licht, das von Bakterien erzeugt wird. Diese leben in Symbiose in einer Vertiefung unter dem Auge. Mit einem Lid k\u00f6nnen die Fische die Vertiefung verschlie\u00dfen oder \u00f6ffnen und damit das Licht an bzw. ausschalten.<\/p>\n\n\n\n<p>Im gleichen Verbreitungsgebiet lebt auch der Zwei-Flossen Blitzlichtfisch (Anomalops katoptron). Er besitzt zwei R\u00fcckenflossen.<\/p>\n\n\n\n<p>Im Roten Meer und arabischen Golf lebt der Steinitz` Blitzlichtfisch (Photoblepharon steinitzi), der \u00e4u\u00dferlich dem Ein-Flossen Blitzlichtfisch fast gleicht. So bleibt zur Unterscheidung nur das Verbreitungsgebiet als sicherste M\u00f6glichkeit der Identifizierung.<\/p>\n\n\n\n<p>Wie bei den meisten lumineszierenden Tieren dient das Licht dazu Beute anzulocken oder zur Kommunikation mit Artgenossen.<\/p>\n\n\n\n<p><strong>Bedrohungsstatus:<\/strong> Die Art wird auf der Roten Liste der IUCN als \u201e nicht gef\u00e4hrdet\u201c gef\u00fchrt.<\/p>\n\n\n\n<hr class=\"wp-block-separator has-alpha-channel-opacity is-style-default\"\/>\n","protected":false},"excerpt":{"rendered":"<p>Ein-Flossen Blitzlichtfisch One-Fin Flashlightfish Photoblepharon palpebratus Gr\u00f6\u00dfe: bis 12 cm Lebensraum: Korallenriffe Vorkommen: Philippinen, Indonesien, Nordaustralien, Papua-Neuguinea, Ozeanien bis zu den Gesellschaftsinseln Erkennungsmerkmale: eine R\u00fcckenflosse und gro\u00dfer, wei\u00dfer Fleck unter dem Auge Biologie &amp; Verhalten: Nachtaktiver Fisch, der sich tags\u00fcber in H\u00f6hlen versteckt. Man erkennt sie beim Nachttauchgang an dem bogenf\u00f6rmigen Licht, das von Bakterien &hellip; <\/p>\n<p class=\"link-more\"><a href=\"https:\/\/alles-ueber-riffe.de\/?page_id=4244\" class=\"more-link\"><span class=\"screen-reader-text\">\u201eEin-Flossen-Blitzlichtfisch\u201c<\/span> weiterlesen<\/a><\/p>\n","protected":false},"author":1,"featured_media":0,"parent":0,"menu_order":0,"comment_status":"closed","ping_status":"closed","template":"","meta":{"footnotes":""},"class_list":["post-4244","page","type-page","status-publish","hentry"],"_links":{"self":[{"href":"https:\/\/alles-ueber-riffe.de\/index.php?rest_route=\/wp\/v2\/pages\/4244","targetHints":{"allow":["GET"]}}],"collection":[{"href":"https:\/\/alles-ueber-riffe.de\/index.php?rest_route=\/wp\/v2\/pages"}],"about":[{"href":"https:\/\/alles-ueber-riffe.de\/index.php?rest_route=\/wp\/v2\/types\/page"}],"author":[{"embeddable":true,"href":"https:\/\/alles-ueber-riffe.de\/index.php?rest_route=\/wp\/v2\/users\/1"}],"replies":[{"embeddable":true,"href":"https:\/\/alles-ueber-riffe.de\/index.php?rest_route=%2Fwp%2Fv2%2Fcomments&post=4244"}],"version-history":[{"count":6,"href":"https:\/\/alles-ueber-riffe.de\/index.php?rest_route=\/wp\/v2\/pages\/4244\/revisions"}],"predecessor-version":[{"id":6187,"href":"https:\/\/alles-ueber-riffe.de\/index.php?rest_route=\/wp\/v2\/pages\/4244\/revisions\/6187"}],"wp:attachment":[{"href":"https:\/\/alles-ueber-riffe.de\/index.php?rest_route=%2Fwp%2Fv2%2Fmedia&parent=4244"}],"curies":[{"name":"wp","href":"https:\/\/api.w.org\/{rel}","templated":true}]}}