{"id":4240,"date":"2024-12-19T15:12:11","date_gmt":"2024-12-19T15:12:11","guid":{"rendered":"https:\/\/alles-ueber-riffe.de\/?page_id=4240"},"modified":"2025-01-10T14:43:32","modified_gmt":"2025-01-10T14:43:32","slug":"pelikan-barrakuda","status":"publish","type":"page","link":"https:\/\/alles-ueber-riffe.de\/?page_id=4240","title":{"rendered":"Pelikan Barrakuda"},"content":{"rendered":"\n<div class=\"wp-block-group is-vertical is-layout-flex wp-container-core-group-is-layout-8cf370e7 wp-block-group-is-layout-flex\">\n<p><strong>Pelikan Barrakuda<\/strong><\/p>\n\n\n\n<p>Pelican barracuda<\/p>\n\n\n\n<p><em>Sphyraena idiastes<\/em><\/p>\n<\/div>\n\n\n\n<div style=\"height:30px\" aria-hidden=\"true\" class=\"wp-block-spacer\"><\/div>\n\n\n\n<figure class=\"wp-block-video\"><video height=\"576\" style=\"aspect-ratio: 1024 \/ 576;\" width=\"1024\" controls src=\"https:\/\/alles-ueber-riffe.de\/wp-content\/uploads\/2025\/01\/Pelikan-Barrakuda-1.mp4\"><\/video><\/figure>\n\n\n\n<hr class=\"wp-block-separator has-alpha-channel-opacity is-style-default\"\/>\n\n\n\n<p><strong>Gr\u00f6\u00dfe: <\/strong> bis 90 cm<\/p>\n\n\n\n<p><strong>Lebensraum:<\/strong> Freiwasser in der N\u00e4he der Riffe<\/p>\n\n\n\n<p><strong>Vorkommen:  <\/strong>subtropische und tropische Pazifikk\u00fcste Mittelamerikas<\/p>\n\n\n\n<p><strong>Erkennungsmerkmale: <\/strong> langgestreckter, silberner Fisch mit gelbem L\u00e4ngsstreifen, der am Maul beginnt<\/p>\n\n\n\n<p><strong>Biologie &amp; Verhalten: <\/strong>Der Pelikan Barrakuda versammelt sich manchmal zu gro\u00dfen Schw\u00e4rmen von mehreren hundert Tieren.<\/p>\n\n\n\n<p><strong>Gefahr:<\/strong> Als ein R\u00e4uber am Ende der Nahrungskette besteht bei Verzehr die Gefahr einer ciguatoxischen Vergiftung. Auch kann das Fleisch mit zahlreichen Schadstoffen angereichert sein. Vom Verzehr ist auf jeden Fall abzuraten.<\/p>\n\n\n\n<p><strong>Bedrohungsstatus:<\/strong> Die Art wird auf der Roten Liste der IUCN als \u201e nicht gef\u00e4hrdet\u201c gef\u00fchrt.<\/p>\n\n\n\n<hr class=\"wp-block-separator has-alpha-channel-opacity is-style-default\"\/>\n","protected":false},"excerpt":{"rendered":"<p>Pelikan Barrakuda Pelican barracuda Sphyraena idiastes Gr\u00f6\u00dfe: bis 90 cm Lebensraum: Freiwasser in der N\u00e4he der Riffe Vorkommen: subtropische und tropische Pazifikk\u00fcste Mittelamerikas Erkennungsmerkmale: langgestreckter, silberner Fisch mit gelbem L\u00e4ngsstreifen, der am Maul beginnt Biologie &amp; Verhalten: Der Pelikan Barrakuda versammelt sich manchmal zu gro\u00dfen Schw\u00e4rmen von mehreren hundert Tieren. Gefahr: Als ein R\u00e4uber am &hellip; <\/p>\n<p class=\"link-more\"><a href=\"https:\/\/alles-ueber-riffe.de\/?page_id=4240\" class=\"more-link\"><span class=\"screen-reader-text\">\u201ePelikan Barrakuda\u201c<\/span> weiterlesen<\/a><\/p>\n","protected":false},"author":1,"featured_media":0,"parent":0,"menu_order":0,"comment_status":"closed","ping_status":"closed","template":"","meta":{"footnotes":""},"class_list":["post-4240","page","type-page","status-publish","hentry"],"_links":{"self":[{"href":"https:\/\/alles-ueber-riffe.de\/index.php?rest_route=\/wp\/v2\/pages\/4240","targetHints":{"allow":["GET"]}}],"collection":[{"href":"https:\/\/alles-ueber-riffe.de\/index.php?rest_route=\/wp\/v2\/pages"}],"about":[{"href":"https:\/\/alles-ueber-riffe.de\/index.php?rest_route=\/wp\/v2\/types\/page"}],"author":[{"embeddable":true,"href":"https:\/\/alles-ueber-riffe.de\/index.php?rest_route=\/wp\/v2\/users\/1"}],"replies":[{"embeddable":true,"href":"https:\/\/alles-ueber-riffe.de\/index.php?rest_route=%2Fwp%2Fv2%2Fcomments&post=4240"}],"version-history":[{"count":6,"href":"https:\/\/alles-ueber-riffe.de\/index.php?rest_route=\/wp\/v2\/pages\/4240\/revisions"}],"predecessor-version":[{"id":6191,"href":"https:\/\/alles-ueber-riffe.de\/index.php?rest_route=\/wp\/v2\/pages\/4240\/revisions\/6191"}],"wp:attachment":[{"href":"https:\/\/alles-ueber-riffe.de\/index.php?rest_route=%2Fwp%2Fv2%2Fmedia&parent=4240"}],"curies":[{"name":"wp","href":"https:\/\/api.w.org\/{rel}","templated":true}]}}