{"id":4238,"date":"2024-12-19T15:11:54","date_gmt":"2024-12-19T15:11:54","guid":{"rendered":"https:\/\/alles-ueber-riffe.de\/?page_id=4238"},"modified":"2025-01-10T10:51:59","modified_gmt":"2025-01-10T10:51:59","slug":"jello-barrakuda","status":"publish","type":"page","link":"https:\/\/alles-ueber-riffe.de\/?page_id=4238","title":{"rendered":"Jello-Barrakuda"},"content":{"rendered":"\n<div class=\"wp-block-group is-vertical is-layout-flex wp-container-core-group-is-layout-8cf370e7 wp-block-group-is-layout-flex\">\n<p><strong>Jello-Barrakuda<\/strong><\/p>\n\n\n\n<p>Pickhandle Barracuda<\/p>\n\n\n\n<p><em>Sphyraena jello<\/em><\/p>\n<\/div>\n\n\n\n<div style=\"height:30px\" aria-hidden=\"true\" class=\"wp-block-spacer\"><\/div>\n\n\n\n<figure class=\"wp-block-image size-full\"><img loading=\"lazy\" decoding=\"async\" width=\"1024\" height=\"768\" src=\"https:\/\/alles-ueber-riffe.de\/wp-content\/uploads\/2025\/01\/Jello-Barrakuda-1024-768.jpg\" alt=\"\" class=\"wp-image-6165\" srcset=\"https:\/\/alles-ueber-riffe.de\/wp-content\/uploads\/2025\/01\/Jello-Barrakuda-1024-768.jpg 1024w, https:\/\/alles-ueber-riffe.de\/wp-content\/uploads\/2025\/01\/Jello-Barrakuda-1024-768-300x225.jpg 300w, https:\/\/alles-ueber-riffe.de\/wp-content\/uploads\/2025\/01\/Jello-Barrakuda-1024-768-768x576.jpg 768w\" sizes=\"auto, (max-width: 767px) 89vw, (max-width: 1000px) 54vw, (max-width: 1071px) 543px, 580px\" \/><figcaption class=\"wp-element-caption\">\u00a9 Heinz Krimmer<\/figcaption><\/figure>\n\n\n\n<hr class=\"wp-block-separator has-alpha-channel-opacity is-style-default\"\/>\n\n\n\n<p><strong>Gr\u00f6\u00dfe: <\/strong>bis 1,50 m<\/p>\n\n\n\n<p><strong>Lebensraum:<\/strong> Freiwasser in der N\u00e4he der Riffe<\/p>\n\n\n\n<p><strong>Vorkommen:  <\/strong>Ostafrika, Rotes Meer, Oman, S\u00fcdjapan, ganz S\u00fcdostasien, Papua-Neuguinea, Nordaustralien, Ozeanien bis Vanuatu<\/p>\n\n\n\n<p><strong>Erkennungsmerkmale: <\/strong> langgestreckter Fisch mit gelblicher R\u00fccken-, After- und Schwanzflosse<\/p>\n\n\n\n<p><strong>Biologie &amp; Verhalten: <\/strong> Diesen eher seltenen Barrakuda findet man sowohl einzeln als auch in kleinen Schulen.<\/p>\n\n\n\n<p><strong>Gefahr:<\/strong> Als ein R\u00e4uber am Ende der Nahrungskette besteht bei Verzehr die Gefahr einer ciguatoxischen Vergiftung. Auch kann das Fleisch mit zahlreichen Schadstoffen angereichert sein. Vom Verzehr ist auf jeden Fall abzuraten.<\/p>\n\n\n\n<p><strong>Bedrohungsstatus:<\/strong> Keine Informationen auf der Roten Liste der IUCN.<\/p>\n\n\n\n<hr class=\"wp-block-separator has-alpha-channel-opacity is-style-default\"\/>\n","protected":false},"excerpt":{"rendered":"<p>Jello-Barrakuda Pickhandle Barracuda Sphyraena jello Gr\u00f6\u00dfe: bis 1,50 m Lebensraum: Freiwasser in der N\u00e4he der Riffe Vorkommen: Ostafrika, Rotes Meer, Oman, S\u00fcdjapan, ganz S\u00fcdostasien, Papua-Neuguinea, Nordaustralien, Ozeanien bis Vanuatu Erkennungsmerkmale: langgestreckter Fisch mit gelblicher R\u00fccken-, After- und Schwanzflosse Biologie &amp; Verhalten: Diesen eher seltenen Barrakuda findet man sowohl einzeln als auch in kleinen Schulen. Gefahr: &hellip; <\/p>\n<p class=\"link-more\"><a href=\"https:\/\/alles-ueber-riffe.de\/?page_id=4238\" class=\"more-link\"><span class=\"screen-reader-text\">\u201eJello-Barrakuda\u201c<\/span> weiterlesen<\/a><\/p>\n","protected":false},"author":1,"featured_media":0,"parent":0,"menu_order":0,"comment_status":"closed","ping_status":"closed","template":"","meta":{"footnotes":""},"class_list":["post-4238","page","type-page","status-publish","hentry"],"_links":{"self":[{"href":"https:\/\/alles-ueber-riffe.de\/index.php?rest_route=\/wp\/v2\/pages\/4238","targetHints":{"allow":["GET"]}}],"collection":[{"href":"https:\/\/alles-ueber-riffe.de\/index.php?rest_route=\/wp\/v2\/pages"}],"about":[{"href":"https:\/\/alles-ueber-riffe.de\/index.php?rest_route=\/wp\/v2\/types\/page"}],"author":[{"embeddable":true,"href":"https:\/\/alles-ueber-riffe.de\/index.php?rest_route=\/wp\/v2\/users\/1"}],"replies":[{"embeddable":true,"href":"https:\/\/alles-ueber-riffe.de\/index.php?rest_route=%2Fwp%2Fv2%2Fcomments&post=4238"}],"version-history":[{"count":6,"href":"https:\/\/alles-ueber-riffe.de\/index.php?rest_route=\/wp\/v2\/pages\/4238\/revisions"}],"predecessor-version":[{"id":6169,"href":"https:\/\/alles-ueber-riffe.de\/index.php?rest_route=\/wp\/v2\/pages\/4238\/revisions\/6169"}],"wp:attachment":[{"href":"https:\/\/alles-ueber-riffe.de\/index.php?rest_route=%2Fwp%2Fv2%2Fmedia&parent=4238"}],"curies":[{"name":"wp","href":"https:\/\/api.w.org\/{rel}","templated":true}]}}