{"id":4236,"date":"2024-12-19T15:11:44","date_gmt":"2024-12-19T15:11:44","guid":{"rendered":"https:\/\/alles-ueber-riffe.de\/?page_id=4236"},"modified":"2025-01-10T10:47:51","modified_gmt":"2025-01-10T10:47:51","slug":"grosser-barrakuda","status":"publish","type":"page","link":"https:\/\/alles-ueber-riffe.de\/?page_id=4236","title":{"rendered":"Gro\u00dfer Barrakuda"},"content":{"rendered":"\n<div class=\"wp-block-group is-vertical is-layout-flex wp-container-core-group-is-layout-8cf370e7 wp-block-group-is-layout-flex\">\n<p><strong>Gro\u00dfer Barrakuda<\/strong><\/p>\n\n\n\n<p>Great Barrakuda<\/p>\n\n\n\n<p><em>Sphyraena barracuda<\/em><\/p>\n<\/div>\n\n\n\n<div style=\"height:30px\" aria-hidden=\"true\" class=\"wp-block-spacer\"><\/div>\n\n\n\n<figure class=\"wp-block-video\"><video height=\"576\" style=\"aspect-ratio: 1024 \/ 576;\" width=\"1024\" controls src=\"https:\/\/alles-ueber-riffe.de\/wp-content\/uploads\/2025\/01\/grosser_barrakuda.mp4\"><\/video><figcaption class=\"wp-element-caption\">\u00a9 Heinz Krimmer<\/figcaption><\/figure>\n\n\n\n<hr class=\"wp-block-separator has-alpha-channel-opacity is-style-default\"\/>\n\n\n\n<p><strong>Gr\u00f6\u00dfe: <\/strong> bis 2,00 m<\/p>\n\n\n\n<p><strong>Lebensraum:<\/strong> Korallenriffe<\/p>\n\n\n\n<p><strong>Vorkommen:  <\/strong>Ostafrika, Rotes Meer, Oman, Malediven, S\u00fcdjapan, ganz S\u00fcdostasien, Nordaustralien, Papua-Neuguinea, Ozeanien bis zu den Tuamoto Inseln; Ostatlantik: Florida, Karibik bis Brasilien; Westatlantik: Sierra Leone, Elfenbeink\u00fcste, Togo, Nigeria, Senegal, Mauretanien<\/p>\n\n\n\n<p><strong>Erkennungsmerkmale: <\/strong> langgestreckter und kr\u00e4ftiger Fisch; drei markante schwarze Flecken: einer an der R\u00fcckenflosse und zwei an der Schwanzflosse.<\/p>\n\n\n\n<p><strong>Biologie &amp; Verhalten: <\/strong> Der Gro\u00dfe Barrakuda ist einer der gro\u00dfen R\u00e4uber im Riff. Zahlreiche, spitze Z\u00e4hne in den kr\u00e4ftigen Kiefern bilden die Hauptwaffe des Fisches.&nbsp;&nbsp;<\/p>\n\n\n\n<p>Adulte Tiere stehen oft einzeln und unbeweglich im Riff. Ihre silberne F\u00e4rbung macht sie bei den Lichtspielen im flachen Bereich fast unsichtbar. Ihren t\u00f6dlichen Angriff starten sie schnell und f\u00fcr ihre Beutetiere wie aus dem Nichts. Der Zeichentrickfilm \u201eFindet Nemo\u201c zeigt dieses Jagdverhalten eindrucksvoll, als der Barrakuda die Mutter des kleinen Nemo frisst.<\/p>\n\n\n\n<p>Junge Gro\u00dfe Barrakudas finden sich in kleinen Schulen zusammen. Adulte sind Einzelg\u00e4nger.<\/p>\n\n\n\n<p><strong>Gefahr:<\/strong> Als ein R\u00e4uber am Ende der Nahrungskette besteht bei Verzehr die Gefahr einer ciguatoxischen Vergiftung. Auch kann das Fleisch mit zahlreichen Schadstoffen angereichert sein. Vom Verzehr ist auf jeden Fall abzuraten.<\/p>\n\n\n\n<p>Angriffe von Gro\u00dfen Barrakudas sind dokumentiert. Sie k\u00f6nnen schwere Bisswunden zuf\u00fcgen. Sie sind aber nicht aggressiv und Angriffe gehen eher auf einen Irrtum wie z.B. einer optischen T\u00e4uschung durch blinkende Schmuckst\u00fccke zur\u00fcck.<\/p>\n\n\n\n<p><strong>Bedrohungsstatus:<\/strong> Die Art wird auf der Roten Liste der IUCN als \u201e nicht gef\u00e4hrdet\u201c gef\u00fchrt.<\/p>\n\n\n\n<hr class=\"wp-block-separator has-alpha-channel-opacity is-style-default\"\/>\n","protected":false},"excerpt":{"rendered":"<p>Gro\u00dfer Barrakuda Great Barrakuda Sphyraena barracuda Gr\u00f6\u00dfe: bis 2,00 m Lebensraum: Korallenriffe Vorkommen: Ostafrika, Rotes Meer, Oman, Malediven, S\u00fcdjapan, ganz S\u00fcdostasien, Nordaustralien, Papua-Neuguinea, Ozeanien bis zu den Tuamoto Inseln; Ostatlantik: Florida, Karibik bis Brasilien; Westatlantik: Sierra Leone, Elfenbeink\u00fcste, Togo, Nigeria, Senegal, Mauretanien Erkennungsmerkmale: langgestreckter und kr\u00e4ftiger Fisch; drei markante schwarze Flecken: einer an der R\u00fcckenflosse &hellip; <\/p>\n<p class=\"link-more\"><a href=\"https:\/\/alles-ueber-riffe.de\/?page_id=4236\" class=\"more-link\"><span class=\"screen-reader-text\">\u201eGro\u00dfer Barrakuda\u201c<\/span> weiterlesen<\/a><\/p>\n","protected":false},"author":1,"featured_media":0,"parent":0,"menu_order":0,"comment_status":"closed","ping_status":"closed","template":"","meta":{"footnotes":""},"class_list":["post-4236","page","type-page","status-publish","hentry"],"_links":{"self":[{"href":"https:\/\/alles-ueber-riffe.de\/index.php?rest_route=\/wp\/v2\/pages\/4236","targetHints":{"allow":["GET"]}}],"collection":[{"href":"https:\/\/alles-ueber-riffe.de\/index.php?rest_route=\/wp\/v2\/pages"}],"about":[{"href":"https:\/\/alles-ueber-riffe.de\/index.php?rest_route=\/wp\/v2\/types\/page"}],"author":[{"embeddable":true,"href":"https:\/\/alles-ueber-riffe.de\/index.php?rest_route=\/wp\/v2\/users\/1"}],"replies":[{"embeddable":true,"href":"https:\/\/alles-ueber-riffe.de\/index.php?rest_route=%2Fwp%2Fv2%2Fcomments&post=4236"}],"version-history":[{"count":6,"href":"https:\/\/alles-ueber-riffe.de\/index.php?rest_route=\/wp\/v2\/pages\/4236\/revisions"}],"predecessor-version":[{"id":6162,"href":"https:\/\/alles-ueber-riffe.de\/index.php?rest_route=\/wp\/v2\/pages\/4236\/revisions\/6162"}],"wp:attachment":[{"href":"https:\/\/alles-ueber-riffe.de\/index.php?rest_route=%2Fwp%2Fv2%2Fmedia&parent=4236"}],"curies":[{"name":"wp","href":"https:\/\/api.w.org\/{rel}","templated":true}]}}