{"id":4224,"date":"2024-12-19T15:08:50","date_gmt":"2024-12-19T15:08:50","guid":{"rendered":"https:\/\/alles-ueber-riffe.de\/?page_id=4224"},"modified":"2025-01-07T13:03:41","modified_gmt":"2025-01-07T13:03:41","slug":"gestreifter-anglerfisch-2","status":"publish","type":"page","link":"https:\/\/alles-ueber-riffe.de\/?page_id=4224","title":{"rendered":"Gestreifter Anglerfisch"},"content":{"rendered":"\n<div class=\"wp-block-group is-vertical is-layout-flex wp-container-core-group-is-layout-8cf370e7 wp-block-group-is-layout-flex\">\n<p><strong>Gestreifter Anglerfisch<\/strong><\/p>\n\n\n\n<p>Hairy frogfish<\/p>\n\n\n\n<p><em>Antennarius striatus<\/em><\/p>\n<\/div>\n\n\n\n<div style=\"height:30px\" aria-hidden=\"true\" class=\"wp-block-spacer\"><\/div>\n\n\n\n<figure class=\"wp-block-video\"><video height=\"576\" style=\"aspect-ratio: 1024 \/ 576;\" width=\"1024\" controls src=\"https:\/\/alles-ueber-riffe.de\/wp-content\/uploads\/2025\/01\/Gestreifter_Anglerfisch_1024_576.mp4\"><\/video><figcaption class=\"wp-element-caption\">\u00a9 Heinz Krimmer<\/figcaption><\/figure>\n\n\n\n<hr class=\"wp-block-separator has-alpha-channel-opacity is-style-default\"\/>\n\n\n\n<p><strong>Gr\u00f6\u00dfe: <\/strong> bis 22  cm<\/p>\n\n\n\n<p><strong>Lebensraum:<\/strong> Riffe, Sand-, Schlamm- und Seegrasb\u00f6den<\/p>\n\n\n\n<p><strong>Vorkommen:  <\/strong>Ostafrika, Rotes Meer, Malediven, S\u00fcdjapan, ganz S\u00fcdostasien, Nordaustralien, Papua-Neuguinea, Ozeanien bis Hawaii; im Atlantik: Karibik, Mexiko, Brasilien, Senegal bis Namibia<\/p>\n\n\n\n<p><strong>Erkennungsmerkmale: <\/strong> Der englische Name beschreibt am besten das Aussehen dieses Anglerfisches: haarig<\/p>\n\n\n\n<p><strong>Biologie &amp; Verhalten: <\/strong> Wie f\u00fcr fast alle Anglerfische gilt: F\u00fcr einen Fisch der kaum laufen und schwimmen kann, ist das Verbreitungsgebiet riesig. Die einzige Erkl\u00e4rung hierf\u00fcr sind vermutlich die kleinen Larven, die sich lange in der Str\u00f6mung treiben lassen. Diesem Anglerfisch gelang es sogar sich \u00fcberall niederzulassen.<\/p>\n\n\n\n<p>Die gestreiften Anglerfische legen bis zu 300.000 Eier, die bis zum Schl\u00fcpfen der Larven in einem ca. 1 m langen Band im Wasser treiben.<\/p>\n\n\n\n<p>Wie alle Anglerfische ist auch dieser ein Lauerj\u00e4ger.<\/p>\n\n\n\n<p><strong>Bedrohungsstatus:<\/strong> Die Art wird auf der Roten Liste der IUCN als \u201e nicht gef\u00e4hrdet\u201c gef\u00fchrt.<\/p>\n\n\n\n<hr class=\"wp-block-separator has-alpha-channel-opacity is-style-default\"\/>\n","protected":false},"excerpt":{"rendered":"<p>Gestreifter Anglerfisch Hairy frogfish Antennarius striatus Gr\u00f6\u00dfe: bis 22 cm Lebensraum: Riffe, Sand-, Schlamm- und Seegrasb\u00f6den Vorkommen: Ostafrika, Rotes Meer, Malediven, S\u00fcdjapan, ganz S\u00fcdostasien, Nordaustralien, Papua-Neuguinea, Ozeanien bis Hawaii; im Atlantik: Karibik, Mexiko, Brasilien, Senegal bis Namibia Erkennungsmerkmale: Der englische Name beschreibt am besten das Aussehen dieses Anglerfisches: haarig Biologie &amp; Verhalten: Wie f\u00fcr fast &hellip; <\/p>\n<p class=\"link-more\"><a href=\"https:\/\/alles-ueber-riffe.de\/?page_id=4224\" class=\"more-link\"><span class=\"screen-reader-text\">\u201eGestreifter Anglerfisch\u201c<\/span> weiterlesen<\/a><\/p>\n","protected":false},"author":1,"featured_media":0,"parent":0,"menu_order":0,"comment_status":"closed","ping_status":"closed","template":"","meta":{"footnotes":""},"class_list":["post-4224","page","type-page","status-publish","hentry"],"_links":{"self":[{"href":"https:\/\/alles-ueber-riffe.de\/index.php?rest_route=\/wp\/v2\/pages\/4224","targetHints":{"allow":["GET"]}}],"collection":[{"href":"https:\/\/alles-ueber-riffe.de\/index.php?rest_route=\/wp\/v2\/pages"}],"about":[{"href":"https:\/\/alles-ueber-riffe.de\/index.php?rest_route=\/wp\/v2\/types\/page"}],"author":[{"embeddable":true,"href":"https:\/\/alles-ueber-riffe.de\/index.php?rest_route=\/wp\/v2\/users\/1"}],"replies":[{"embeddable":true,"href":"https:\/\/alles-ueber-riffe.de\/index.php?rest_route=%2Fwp%2Fv2%2Fcomments&post=4224"}],"version-history":[{"count":5,"href":"https:\/\/alles-ueber-riffe.de\/index.php?rest_route=\/wp\/v2\/pages\/4224\/revisions"}],"predecessor-version":[{"id":4335,"href":"https:\/\/alles-ueber-riffe.de\/index.php?rest_route=\/wp\/v2\/pages\/4224\/revisions\/4335"}],"wp:attachment":[{"href":"https:\/\/alles-ueber-riffe.de\/index.php?rest_route=%2Fwp%2Fv2%2Fmedia&parent=4224"}],"curies":[{"name":"wp","href":"https:\/\/api.w.org\/{rel}","templated":true}]}}