{"id":4217,"date":"2024-12-19T15:06:37","date_gmt":"2024-12-19T15:06:37","guid":{"rendered":"https:\/\/alles-ueber-riffe.de\/?page_id=4217"},"modified":"2025-01-07T13:15:38","modified_gmt":"2025-01-07T13:15:38","slug":"warzen-anglerfisch","status":"publish","type":"page","link":"https:\/\/alles-ueber-riffe.de\/?page_id=4217","title":{"rendered":"Warzen-Anglerfisch"},"content":{"rendered":"\n<div class=\"wp-block-group is-vertical is-layout-flex wp-container-core-group-is-layout-8cf370e7 wp-block-group-is-layout-flex\">\n<p><strong>Warzen-Anglerfisch<\/strong><\/p>\n\n\n\n<p>Warty frogfish<\/p>\n\n\n\n<p><em>Antennarius maculatus<\/em><\/p>\n<\/div>\n\n\n\n<div style=\"height:30px\" aria-hidden=\"true\" class=\"wp-block-spacer\"><\/div>\n\n\n\n<figure class=\"wp-block-video\"><video height=\"576\" style=\"aspect-ratio: 1024 \/ 576;\" width=\"1024\" controls src=\"https:\/\/alles-ueber-riffe.de\/wp-content\/uploads\/2025\/01\/Warzen_Anglerfisch_1024_576.mp4\"><\/video><figcaption class=\"wp-element-caption\">\u00a9 Heinz Krimmer<\/figcaption><\/figure>\n\n\n\n<hr class=\"wp-block-separator has-alpha-channel-opacity is-style-default\"\/>\n\n\n\n<p><strong>Gr\u00f6\u00dfe: <\/strong> bis 15 cm<\/p>\n\n\n\n<p><strong>Lebensraum:<\/strong> Riffe, Sand-, Schlamm- und Seegrasb\u00f6den<\/p>\n\n\n\n<p><strong>Vorkommen:  <\/strong>Ostafrika, Malediven. ganz S\u00fcdostasien, Nordaustralien, Papua-Neuguinea, Ozeanien bis zu den Salomonen<\/p>\n\n\n\n<p><strong>Erkennungsmerkmale: <\/strong> juvenile meist zweifarbig und bunt; adulte mit warzenf\u00f6rmigen Hautausbuchtungen<\/p>\n\n\n\n<p><strong>Biologie &amp; Verhalten: <\/strong> Wie f\u00fcr fast alle Anglerfische gilt: F\u00fcr einen Fisch der kaum laufen und schwimmen kann, ist das Verbreitungsgebiet riesig. Die einzige Erkl\u00e4rung hierf\u00fcr sind vermutlich die kleinen Larven, die sich lange in der Str\u00f6mung treiben lassen.<\/p>\n\n\n\n<p>Die juvenilen Fische entdeckt man im Riff eher als die Adulten. Die Juvenilen verlassen sich mehr auf T\u00e4uschung als auf Tarnung. Sie sehen aus wie kleine giftige Nacktschnecken. Adulte Tiere findet man oft bei Schw\u00e4mmen, deren Farbe sie nachahmen.<\/p>\n\n\n\n<p>Wie alle Anglerfische ist auch dieser ein Lauerj\u00e4ger.<\/p>\n\n\n\n<p><strong>Bedrohungsstatus:<\/strong> Die Art wird auf der Roten Liste der IUCN als \u201e nicht gef\u00e4hrdet\u201c gef\u00fchrt.<\/p>\n\n\n\n<hr class=\"wp-block-separator has-alpha-channel-opacity is-style-default\"\/>\n","protected":false},"excerpt":{"rendered":"<p>Warzen-Anglerfisch Warty frogfish Antennarius maculatus Gr\u00f6\u00dfe: bis 15 cm Lebensraum: Riffe, Sand-, Schlamm- und Seegrasb\u00f6den Vorkommen: Ostafrika, Malediven. ganz S\u00fcdostasien, Nordaustralien, Papua-Neuguinea, Ozeanien bis zu den Salomonen Erkennungsmerkmale: juvenile meist zweifarbig und bunt; adulte mit warzenf\u00f6rmigen Hautausbuchtungen Biologie &amp; Verhalten: Wie f\u00fcr fast alle Anglerfische gilt: F\u00fcr einen Fisch der kaum laufen und schwimmen kann, &hellip; <\/p>\n<p class=\"link-more\"><a href=\"https:\/\/alles-ueber-riffe.de\/?page_id=4217\" class=\"more-link\"><span class=\"screen-reader-text\">\u201eWarzen-Anglerfisch\u201c<\/span> weiterlesen<\/a><\/p>\n","protected":false},"author":1,"featured_media":0,"parent":0,"menu_order":0,"comment_status":"closed","ping_status":"closed","template":"","meta":{"footnotes":""},"class_list":["post-4217","page","type-page","status-publish","hentry"],"_links":{"self":[{"href":"https:\/\/alles-ueber-riffe.de\/index.php?rest_route=\/wp\/v2\/pages\/4217","targetHints":{"allow":["GET"]}}],"collection":[{"href":"https:\/\/alles-ueber-riffe.de\/index.php?rest_route=\/wp\/v2\/pages"}],"about":[{"href":"https:\/\/alles-ueber-riffe.de\/index.php?rest_route=\/wp\/v2\/types\/page"}],"author":[{"embeddable":true,"href":"https:\/\/alles-ueber-riffe.de\/index.php?rest_route=\/wp\/v2\/users\/1"}],"replies":[{"embeddable":true,"href":"https:\/\/alles-ueber-riffe.de\/index.php?rest_route=%2Fwp%2Fv2%2Fcomments&post=4217"}],"version-history":[{"count":5,"href":"https:\/\/alles-ueber-riffe.de\/index.php?rest_route=\/wp\/v2\/pages\/4217\/revisions"}],"predecessor-version":[{"id":4352,"href":"https:\/\/alles-ueber-riffe.de\/index.php?rest_route=\/wp\/v2\/pages\/4217\/revisions\/4352"}],"wp:attachment":[{"href":"https:\/\/alles-ueber-riffe.de\/index.php?rest_route=%2Fwp%2Fv2%2Fmedia&parent=4217"}],"curies":[{"name":"wp","href":"https:\/\/api.w.org\/{rel}","templated":true}]}}