{"id":4211,"date":"2024-12-19T15:05:33","date_gmt":"2024-12-19T15:05:33","guid":{"rendered":"https:\/\/alles-ueber-riffe.de\/?page_id=4211"},"modified":"2024-12-20T13:42:13","modified_gmt":"2024-12-20T13:42:13","slug":"gemalter_anglerfisch","status":"publish","type":"page","link":"https:\/\/alles-ueber-riffe.de\/?page_id=4211","title":{"rendered":"Gemalter Anglerfisch"},"content":{"rendered":"\n<div class=\"wp-block-group is-vertical is-layout-flex wp-container-core-group-is-layout-8cf370e7 wp-block-group-is-layout-flex\">\n<p><strong>Gemalter Anglerfisch<\/strong><\/p>\n\n\n\n<p>Painted frogfish<\/p>\n\n\n\n<p><em>Antennarius pictus<\/em><\/p>\n<\/div>\n\n\n\n<div style=\"height:30px\" aria-hidden=\"true\" class=\"wp-block-spacer\"><\/div>\n\n\n\n<figure class=\"wp-block-video\"><video height=\"576\" style=\"aspect-ratio: 1024 \/ 576;\" width=\"1024\" controls src=\"https:\/\/alles-ueber-riffe.de\/wp-content\/uploads\/2024\/12\/gemalter-anglerfisch_1024_576.mp4\"><\/video><figcaption class=\"wp-element-caption\">\u00a9 Heinz Krimmer<\/figcaption><\/figure>\n\n\n\n<hr class=\"wp-block-separator has-alpha-channel-opacity is-style-default\"\/>\n\n\n\n<p><strong>Gr\u00f6\u00dfe: <\/strong> bis 30 cm<\/p>\n\n\n\n<p><strong>Lebensraum:<\/strong> Riffe, Sand- und Seegrasb\u00f6den<\/p>\n\n\n\n<p><strong>Vorkommen:  <\/strong>Ostafrika, Rotes Meer, Malediven, S\u00fcdjapan, ganz S\u00fcdostasien, Nordaustralien, Papua-Neuguinea, Ozeanien bis Hawaii<\/p>\n\n\n\n<p><strong>Erkennungsmerkmale: <\/strong> Farbe sehr variabel, von schwarz, knallrot bis rosa, ahmt die Farbe von Schw\u00e4mmen nach, auf denen er sitzt. Zahlreiche Punktmuster auf der Haut. Er geh\u00f6rt zu den gro\u00dfen Anglerfischen.<\/p>\n\n\n\n<p><strong>Biologie &amp; Verhalten: <\/strong> Wie f\u00fcr fast alle Anglerfische gilt: F\u00fcr einen Fisch der kaum laufen und schwimmen kann, ist das Verbreitungsgebiet riesig. Die einzige Erkl\u00e4rung hierf\u00fcr sind vermutlich die kleinen Larven, die sich lange in der Str\u00f6mung treiben lassen.&nbsp;<\/p>\n\n\n\n<p>Der Gemalte Anglerfisch oder Rundfleck-Anglerfisch ist mit dem Warzen-Anglerfisch und dem Commersons Anglerfisch eng verwandt und auch leicht zu verwechseln.<\/p>\n\n\n\n<p>Wie alle Anglerfische ist auch dieser ein Lauerj\u00e4ger.<\/p>\n\n\n\n<p><strong>Bedrohungsstatus:<\/strong> Die Art wird auf der Roten Liste der IUCN als \u201e nicht gef\u00e4hrdet\u201c gef\u00fchrt.<\/p>\n\n\n\n<hr class=\"wp-block-separator has-alpha-channel-opacity is-style-default\"\/>\n","protected":false},"excerpt":{"rendered":"<p>Gemalter Anglerfisch Painted frogfish Antennarius pictus Gr\u00f6\u00dfe: bis 30 cm Lebensraum: Riffe, Sand- und Seegrasb\u00f6den Vorkommen: Ostafrika, Rotes Meer, Malediven, S\u00fcdjapan, ganz S\u00fcdostasien, Nordaustralien, Papua-Neuguinea, Ozeanien bis Hawaii Erkennungsmerkmale: Farbe sehr variabel, von schwarz, knallrot bis rosa, ahmt die Farbe von Schw\u00e4mmen nach, auf denen er sitzt. Zahlreiche Punktmuster auf der Haut. Er geh\u00f6rt zu &hellip; <\/p>\n<p class=\"link-more\"><a href=\"https:\/\/alles-ueber-riffe.de\/?page_id=4211\" class=\"more-link\"><span class=\"screen-reader-text\">\u201eGemalter Anglerfisch\u201c<\/span> weiterlesen<\/a><\/p>\n","protected":false},"author":1,"featured_media":0,"parent":0,"menu_order":0,"comment_status":"closed","ping_status":"closed","template":"","meta":{"footnotes":""},"class_list":["post-4211","page","type-page","status-publish","hentry"],"_links":{"self":[{"href":"https:\/\/alles-ueber-riffe.de\/index.php?rest_route=\/wp\/v2\/pages\/4211","targetHints":{"allow":["GET"]}}],"collection":[{"href":"https:\/\/alles-ueber-riffe.de\/index.php?rest_route=\/wp\/v2\/pages"}],"about":[{"href":"https:\/\/alles-ueber-riffe.de\/index.php?rest_route=\/wp\/v2\/types\/page"}],"author":[{"embeddable":true,"href":"https:\/\/alles-ueber-riffe.de\/index.php?rest_route=\/wp\/v2\/users\/1"}],"replies":[{"embeddable":true,"href":"https:\/\/alles-ueber-riffe.de\/index.php?rest_route=%2Fwp%2Fv2%2Fcomments&post=4211"}],"version-history":[{"count":7,"href":"https:\/\/alles-ueber-riffe.de\/index.php?rest_route=\/wp\/v2\/pages\/4211\/revisions"}],"predecessor-version":[{"id":4308,"href":"https:\/\/alles-ueber-riffe.de\/index.php?rest_route=\/wp\/v2\/pages\/4211\/revisions\/4308"}],"wp:attachment":[{"href":"https:\/\/alles-ueber-riffe.de\/index.php?rest_route=%2Fwp%2Fv2%2Fmedia&parent=4211"}],"curies":[{"name":"wp","href":"https:\/\/api.w.org\/{rel}","templated":true}]}}