{"id":4209,"date":"2024-12-19T15:05:14","date_gmt":"2024-12-19T15:05:14","guid":{"rendered":"https:\/\/alles-ueber-riffe.de\/?page_id=4209"},"modified":"2025-01-07T12:42:29","modified_gmt":"2025-01-07T12:42:29","slug":"weissband-aehrenfisch","status":"publish","type":"page","link":"https:\/\/alles-ueber-riffe.de\/?page_id=4209","title":{"rendered":"Wei\u00dfband \u00c4hrenfisch"},"content":{"rendered":"\n<div class=\"wp-block-group is-vertical is-layout-flex wp-container-core-group-is-layout-8cf370e7 wp-block-group-is-layout-flex\">\n<p><strong>Echter Clownfisch&nbsp;<\/strong><\/p>\n\n\n\n<p>Orange clownfish<\/p>\n\n\n\n<p><em>Amphiprion percula<\/em><\/p>\n<\/div>\n\n\n\n<div style=\"height:30px\" aria-hidden=\"true\" class=\"wp-block-spacer\"><\/div>\n\n\n\n<figure class=\"wp-block-video\"><video height=\"576\" style=\"aspect-ratio: 1024 \/ 576;\" width=\"1024\" controls src=\"https:\/\/alles-ueber-riffe.de\/wp-content\/uploads\/2024\/12\/aehrenfische-hr-00126.mp4\"><\/video><figcaption class=\"wp-element-caption\">\u00a9 Heinz Krimmer<\/figcaption><\/figure>\n\n\n\n<hr class=\"wp-block-separator has-alpha-channel-opacity is-style-default\"\/>\n\n\n\n<p><strong>Gr\u00f6\u00dfe: <\/strong> bis 25 cm<\/p>\n\n\n\n<p><strong>Lebensraum:<\/strong> Wasseroberfl\u00e4che in Riffn\u00e4he und Lagunen<\/p>\n\n\n\n<p><strong>Vorkommen:  <\/strong>Ostafrika, Rotes Meer, Persischer Golf, Oman, Malediven, Indien, S\u00fcdjapan, ganz S\u00fcdostasien, Nordaustralien, Papua-Neuguinea, Ozeanien bis Tonga<\/p>\n\n\n\n<p><strong>Erkennungsmerkmale: <\/strong> silberner, schmaler Fisch mit wei\u00dfem bis bl\u00e4ulichem L\u00e4ngsstreifen<br><\/p>\n\n\n\n<p><strong>Biologie &amp; Verhalten: <\/strong> Der hier abgebildete Fisch ist vermutlich ein Wei\u00dfband \u00c4hrenfisch.<\/p>\n\n\n\n<p>\u00c4hrenfische sind unter Wasser sehr schwer zu unterscheiden. Sie bewegen sich zu schnell und man kommt oft nicht nahe genug heran, um Details erkennen zu k\u00f6nnen.&nbsp;<\/p>\n\n\n\n<p>\u00c4hrenfische sind wichtige Beutefische f\u00fcr die schnellen J\u00e4ger im Riff wie z.B. Makrelen. Dieses Schauspiel zu beobachten ist ein eindrucksvolles Erlebnis.<\/p>\n\n\n\n<p><strong>Bedrohungsstatus:<\/strong> Die Art wird auf der Roten Liste der IUCN als \u201e nicht gef\u00e4hrdet\u201c gef\u00fchrt.<\/p>\n\n\n\n<hr class=\"wp-block-separator has-alpha-channel-opacity is-style-default\"\/>\n","protected":false},"excerpt":{"rendered":"<p>Echter Clownfisch&nbsp; Orange clownfish Amphiprion percula Gr\u00f6\u00dfe: bis 25 cm Lebensraum: Wasseroberfl\u00e4che in Riffn\u00e4he und Lagunen Vorkommen: Ostafrika, Rotes Meer, Persischer Golf, Oman, Malediven, Indien, S\u00fcdjapan, ganz S\u00fcdostasien, Nordaustralien, Papua-Neuguinea, Ozeanien bis Tonga Erkennungsmerkmale: silberner, schmaler Fisch mit wei\u00dfem bis bl\u00e4ulichem L\u00e4ngsstreifen Biologie &amp; Verhalten: Der hier abgebildete Fisch ist vermutlich ein Wei\u00dfband \u00c4hrenfisch. \u00c4hrenfische &hellip; <\/p>\n<p class=\"link-more\"><a href=\"https:\/\/alles-ueber-riffe.de\/?page_id=4209\" class=\"more-link\"><span class=\"screen-reader-text\">\u201eWei\u00dfband \u00c4hrenfisch\u201c<\/span> weiterlesen<\/a><\/p>\n","protected":false},"author":1,"featured_media":0,"parent":0,"menu_order":0,"comment_status":"closed","ping_status":"closed","template":"","meta":{"footnotes":""},"class_list":["post-4209","page","type-page","status-publish","hentry"],"_links":{"self":[{"href":"https:\/\/alles-ueber-riffe.de\/index.php?rest_route=\/wp\/v2\/pages\/4209","targetHints":{"allow":["GET"]}}],"collection":[{"href":"https:\/\/alles-ueber-riffe.de\/index.php?rest_route=\/wp\/v2\/pages"}],"about":[{"href":"https:\/\/alles-ueber-riffe.de\/index.php?rest_route=\/wp\/v2\/types\/page"}],"author":[{"embeddable":true,"href":"https:\/\/alles-ueber-riffe.de\/index.php?rest_route=\/wp\/v2\/users\/1"}],"replies":[{"embeddable":true,"href":"https:\/\/alles-ueber-riffe.de\/index.php?rest_route=%2Fwp%2Fv2%2Fcomments&post=4209"}],"version-history":[{"count":5,"href":"https:\/\/alles-ueber-riffe.de\/index.php?rest_route=\/wp\/v2\/pages\/4209\/revisions"}],"predecessor-version":[{"id":4326,"href":"https:\/\/alles-ueber-riffe.de\/index.php?rest_route=\/wp\/v2\/pages\/4209\/revisions\/4326"}],"wp:attachment":[{"href":"https:\/\/alles-ueber-riffe.de\/index.php?rest_route=%2Fwp%2Fv2%2Fmedia&parent=4209"}],"curies":[{"name":"wp","href":"https:\/\/api.w.org\/{rel}","templated":true}]}}