{"id":4207,"date":"2024-12-19T15:04:40","date_gmt":"2024-12-19T15:04:40","guid":{"rendered":"https:\/\/alles-ueber-riffe.de\/?page_id=4207"},"modified":"2025-01-07T12:42:52","modified_gmt":"2025-01-07T12:42:52","slug":"weissstreifen-aalgrundel-2","status":"publish","type":"page","link":"https:\/\/alles-ueber-riffe.de\/?page_id=4207","title":{"rendered":"Wei\u00dfstreifen-Aalgrundel"},"content":{"rendered":"\n<div class=\"wp-block-group is-vertical is-layout-flex wp-container-core-group-is-layout-8cf370e7 wp-block-group-is-layout-flex\">\n<p><strong>Wei\u00dfstreifen-Aalgrundel<\/strong><\/p>\n\n\n\n<p>Convict blenny<\/p>\n\n\n\n<p><em>Pholidichthys leucotaenia<\/em><\/p>\n<\/div>\n\n\n\n<div style=\"height:30px\" aria-hidden=\"true\" class=\"wp-block-spacer\"><\/div>\n\n\n\n<figure class=\"wp-block-video\"><video height=\"576\" style=\"aspect-ratio: 1024 \/ 576;\" width=\"1024\" controls src=\"https:\/\/alles-ueber-riffe.de\/wp-content\/uploads\/2024\/10\/Weissstreifen-Aalgrundel.mp4\"><\/video><figcaption class=\"wp-element-caption\">\u00a9 Heinz Krimmer<\/figcaption><\/figure>\n\n\n\n<hr class=\"wp-block-separator has-alpha-channel-opacity is-style-default\"\/>\n\n\n\n<p><strong>Gr\u00f6\u00dfe: <\/strong> bis 34 cm<\/p>\n\n\n\n<p><strong>Lebensraum:<\/strong> Korallenriffe und Lagunen<\/p>\n\n\n\n<p><strong>Vorkommen:  <\/strong>Philippinen, Ostindonesien, Papua-Neuguinea, Ozeanien bis zu den Salomonen<\/p>\n\n\n\n<p><strong>Erkennungsmerkmale: <\/strong> Jungtiere blauschwarz mit wei\u00dfem L\u00e4ngsstreifen. Adulte Tiere blauschwarz mit gelber Quermusterung. Im Film sind sowohl die juvenilen als auch die adulten Tiere zu sehen.<\/p>\n\n\n\n<p><strong>Biologie &amp; Verhalten: <\/strong> Juvenile Wei\u00dfstreifen-Aalgrundeln sind ein eindrucksvolles Beispiel f\u00fcr&nbsp;Bates\u2019sche Mimikry. Sowohl im Aussehen als auch ihrem Verhalten ahmen sie perfekt den giftigen, gestreiften Korallenwels nach. Ebenso wie dieser schwimmen sie im Schwarm und wirkten wie ein einziges, gro\u00dfes Tier. Oft kann man sie erst hinterher auf dem Foto auf Grund fehlender Barteln als Aalgrundeln identifizieren. Juvenile Wei\u00dfstreifen-Aalgrundeln sieht man auch wesentlich \u00f6fter als adulte Tiere.<\/p>\n\n\n\n<p>Noch ein weiteres Verhalten macht sie unter Korallenfischen fast einzigartig: Nach dem Schl\u00fcpfen der Larven aus dem Ei sorgen die adulten Tiere noch mehrere Wochen f\u00fcr die Brut. Diese Art der Brutpflege bei Meeresfischen kennt man bisher lediglich von dem Schwalbenschwanz-Riffbarsch.<\/p>\n\n\n\n<p><strong>Bedrohungsstatus:<\/strong> Die Art wird auf der Roten Liste der IUCN als \u201e nicht gef\u00e4hrdet\u201c gef\u00fchrt.<\/p>\n\n\n\n<hr class=\"wp-block-separator has-alpha-channel-opacity is-style-default\"\/>\n","protected":false},"excerpt":{"rendered":"<p>Wei\u00dfstreifen-Aalgrundel Convict blenny Pholidichthys leucotaenia Gr\u00f6\u00dfe: bis 34 cm Lebensraum: Korallenriffe und Lagunen Vorkommen: Philippinen, Ostindonesien, Papua-Neuguinea, Ozeanien bis zu den Salomonen Erkennungsmerkmale: Jungtiere blauschwarz mit wei\u00dfem L\u00e4ngsstreifen. Adulte Tiere blauschwarz mit gelber Quermusterung. Im Film sind sowohl die juvenilen als auch die adulten Tiere zu sehen. Biologie &amp; Verhalten: Juvenile Wei\u00dfstreifen-Aalgrundeln sind ein eindrucksvolles &hellip; <\/p>\n<p class=\"link-more\"><a href=\"https:\/\/alles-ueber-riffe.de\/?page_id=4207\" class=\"more-link\"><span class=\"screen-reader-text\">\u201eWei\u00dfstreifen-Aalgrundel\u201c<\/span> weiterlesen<\/a><\/p>\n","protected":false},"author":1,"featured_media":0,"parent":0,"menu_order":0,"comment_status":"closed","ping_status":"closed","template":"","meta":{"footnotes":""},"class_list":["post-4207","page","type-page","status-publish","hentry"],"_links":{"self":[{"href":"https:\/\/alles-ueber-riffe.de\/index.php?rest_route=\/wp\/v2\/pages\/4207","targetHints":{"allow":["GET"]}}],"collection":[{"href":"https:\/\/alles-ueber-riffe.de\/index.php?rest_route=\/wp\/v2\/pages"}],"about":[{"href":"https:\/\/alles-ueber-riffe.de\/index.php?rest_route=\/wp\/v2\/types\/page"}],"author":[{"embeddable":true,"href":"https:\/\/alles-ueber-riffe.de\/index.php?rest_route=\/wp\/v2\/users\/1"}],"replies":[{"embeddable":true,"href":"https:\/\/alles-ueber-riffe.de\/index.php?rest_route=%2Fwp%2Fv2%2Fcomments&post=4207"}],"version-history":[{"count":5,"href":"https:\/\/alles-ueber-riffe.de\/index.php?rest_route=\/wp\/v2\/pages\/4207\/revisions"}],"predecessor-version":[{"id":4327,"href":"https:\/\/alles-ueber-riffe.de\/index.php?rest_route=\/wp\/v2\/pages\/4207\/revisions\/4327"}],"wp:attachment":[{"href":"https:\/\/alles-ueber-riffe.de\/index.php?rest_route=%2Fwp%2Fv2%2Fmedia&parent=4207"}],"curies":[{"name":"wp","href":"https:\/\/api.w.org\/{rel}","templated":true}]}}