{"id":4108,"date":"2024-12-13T16:14:42","date_gmt":"2024-12-13T16:14:42","guid":{"rendered":"https:\/\/alles-ueber-riffe.de\/?page_id=4108"},"modified":"2025-01-07T12:39:05","modified_gmt":"2025-01-07T12:39:05","slug":"weissruecken-anemonenfisch","status":"publish","type":"page","link":"https:\/\/alles-ueber-riffe.de\/?page_id=4108","title":{"rendered":"Wei\u00dfr\u00fccken-Anemonenfisch"},"content":{"rendered":"\n<div class=\"wp-block-group is-vertical is-layout-flex wp-container-core-group-is-layout-8cf370e7 wp-block-group-is-layout-flex\">\n<p><strong>Wei\u00dfr\u00fccken-Anemonenfisch<\/strong><\/p>\n\n\n\n<p>Skunk clownfish<\/p>\n\n\n\n<p><em>Amphiprion akallopisos<\/em><\/p>\n<\/div>\n\n\n\n<div style=\"height:30px\" aria-hidden=\"true\" class=\"wp-block-spacer\"><\/div>\n\n\n\n<figure class=\"wp-block-video\"><video height=\"576\" style=\"aspect-ratio: 1024 \/ 576;\" width=\"1024\" controls src=\"https:\/\/alles-ueber-riffe.de\/wp-content\/uploads\/2024\/12\/Weissruecken-Anemonenfisch1024x576.mp4\"><\/video><\/figure>\n\n\n\n<hr class=\"wp-block-separator has-alpha-channel-opacity is-style-default\"\/>\n\n\n\n<p><strong>Gr\u00f6\u00dfe: <\/strong> bis 11 cm<\/p>\n\n\n\n<p><strong>Lebensraum:<\/strong> Lebt in Symbioseanemonen im Korallenriff.<\/p>\n\n\n\n<p><strong>Vorkommen:  <\/strong>Ostafrika von Madagaskar bis zu den Seychellen; ganz S\u00fcdostasien von Thailand, \u00fcber Nordwest- und Nordostaustralien bis Samoa und Tonga; nicht auf den Malediven<\/p>\n\n\n\n<p><strong>Erkennungsmerkmale: <\/strong> d\u00fcnner wei\u00dfer Querstreifen kurz nach dem Auge und entlang der R\u00fcckenflosse; Farbe orange bis rosa<\/p>\n\n\n\n<p><strong>Biologie &amp; Verhalten: <\/strong> Bis auf das wei\u00dfe Halsband identische F\u00e4rbung und Zeichnung wie beim Halsband-Anemonenfisch. Manchmal leben beide Arten sogar in der gleichen Anemone, vorausgesetzt es ist eine Prachtanemone.<\/p>\n\n\n\n<p>Das Verbreitungsgebiet gibt R\u00e4tsel auf. Auf der einen Seite lebt dieser Anemonenfisch in Ostafrika, auf der anderen in ganz S\u00fcdostasien, w\u00e4hrend er in der Mitte, z.b. auf den Malediven fehlt.<\/p>\n\n\n\n<p>Anemonenfische befestigen ihre Eier am Substrat dicht bei der Anemone und pflegen den Nachwuchs bis zum Schl\u00fcpfen. Danach werden die kleinen Anemonenfische Teil des Planktons und finden am Ende des Larvenstadiums mit Hilfe des Geruchsinnes eine neue Symbioseanemone.<\/p>\n\n\n\n<p>Akzeptiert nur zwei der 10 Symbioseanemonen: die Prachtanemone und die Mertens Anemone.<\/p>\n\n\n\n<p><strong>Bedrohungsstatus:<\/strong> Die Art wird auf der Roten Liste der IUCN als \u201e nicht gef\u00e4hrdet\u201c gef\u00fchrt.<\/p>\n\n\n\n<hr class=\"wp-block-separator has-alpha-channel-opacity is-style-default\"\/>\n","protected":false},"excerpt":{"rendered":"<p>Wei\u00dfr\u00fccken-Anemonenfisch Skunk clownfish Amphiprion akallopisos Gr\u00f6\u00dfe: bis 11 cm Lebensraum: Lebt in Symbioseanemonen im Korallenriff. Vorkommen: Ostafrika von Madagaskar bis zu den Seychellen; ganz S\u00fcdostasien von Thailand, \u00fcber Nordwest- und Nordostaustralien bis Samoa und Tonga; nicht auf den Malediven Erkennungsmerkmale: d\u00fcnner wei\u00dfer Querstreifen kurz nach dem Auge und entlang der R\u00fcckenflosse; Farbe orange bis rosa &hellip; <\/p>\n<p class=\"link-more\"><a href=\"https:\/\/alles-ueber-riffe.de\/?page_id=4108\" class=\"more-link\"><span class=\"screen-reader-text\">\u201eWei\u00dfr\u00fccken-Anemonenfisch\u201c<\/span> weiterlesen<\/a><\/p>\n","protected":false},"author":1,"featured_media":0,"parent":0,"menu_order":0,"comment_status":"closed","ping_status":"closed","template":"","meta":{"footnotes":""},"class_list":["post-4108","page","type-page","status-publish","hentry"],"_links":{"self":[{"href":"https:\/\/alles-ueber-riffe.de\/index.php?rest_route=\/wp\/v2\/pages\/4108","targetHints":{"allow":["GET"]}}],"collection":[{"href":"https:\/\/alles-ueber-riffe.de\/index.php?rest_route=\/wp\/v2\/pages"}],"about":[{"href":"https:\/\/alles-ueber-riffe.de\/index.php?rest_route=\/wp\/v2\/types\/page"}],"author":[{"embeddable":true,"href":"https:\/\/alles-ueber-riffe.de\/index.php?rest_route=\/wp\/v2\/users\/1"}],"replies":[{"embeddable":true,"href":"https:\/\/alles-ueber-riffe.de\/index.php?rest_route=%2Fwp%2Fv2%2Fcomments&post=4108"}],"version-history":[{"count":5,"href":"https:\/\/alles-ueber-riffe.de\/index.php?rest_route=\/wp\/v2\/pages\/4108\/revisions"}],"predecessor-version":[{"id":4324,"href":"https:\/\/alles-ueber-riffe.de\/index.php?rest_route=\/wp\/v2\/pages\/4108\/revisions\/4324"}],"wp:attachment":[{"href":"https:\/\/alles-ueber-riffe.de\/index.php?rest_route=%2Fwp%2Fv2%2Fmedia&parent=4108"}],"curies":[{"name":"wp","href":"https:\/\/api.w.org\/{rel}","templated":true}]}}