{"id":4106,"date":"2024-12-13T16:14:27","date_gmt":"2024-12-13T16:14:27","guid":{"rendered":"https:\/\/alles-ueber-riffe.de\/?page_id=4106"},"modified":"2025-01-07T12:38:11","modified_gmt":"2025-01-07T12:38:11","slug":"weissbinden-gluehkohlen-anemonenfisch","status":"publish","type":"page","link":"https:\/\/alles-ueber-riffe.de\/?page_id=4106","title":{"rendered":"Wei\u00dfbinden-Gl\u00fchkohlen-Anemonenfisch"},"content":{"rendered":"\n<div class=\"wp-block-group is-vertical is-layout-flex wp-container-core-group-is-layout-8cf370e7 wp-block-group-is-layout-flex\">\n<p><strong>Wei\u00dfbinden-Gl\u00fchkohlen-Anemonenfisch<\/strong><\/p>\n\n\n\n<p>Tomato clownfish<\/p>\n\n\n\n<p><em>Amphiprion frenatus<\/em><\/p>\n<\/div>\n\n\n\n<div style=\"height:30px\" aria-hidden=\"true\" class=\"wp-block-spacer\"><\/div>\n\n\n\n<figure class=\"wp-block-video\"><video height=\"576\" style=\"aspect-ratio: 1024 \/ 576;\" width=\"1024\" controls src=\"https:\/\/alles-ueber-riffe.de\/wp-content\/uploads\/2024\/12\/Weissbinden_Gluehkohlen-Anemonenfisch1024x576.mp4\"><\/video><figcaption class=\"wp-element-caption\">\u00a9 Heinz Krimmer<\/figcaption><\/figure>\n\n\n\n<hr class=\"wp-block-separator has-alpha-channel-opacity is-style-default\"\/>\n\n\n\n<p><strong>Gr\u00f6\u00dfe: <\/strong> bis 14 cm<\/p>\n\n\n\n<p><strong>Lebensraum:<\/strong> Lebt in Symbioseanemonen im Korallenriff.<\/p>\n\n\n\n<p><strong>Vorkommen:  <\/strong>S\u00fcdjapan, ganz S\u00fcdostasien, Nordaustralien, Ozeanien bis Palau<\/p>\n\n\n\n<p><strong>Erkennungsmerkmale: <\/strong> Die Farbskala reicht von orange bis dunkelrot. Ausgepr\u00e4gter wei\u00dfer Querstreifen hinter dem Auge. Juvenile haben einen zweiten wei\u00dfen Querstreifen der sp\u00e4ter verschwindet.<\/p>\n\n\n\n<p><strong>Biologie &amp; Verhalten: <\/strong> Anemonenfische befestigen ihre Eier am Substrat dicht bei der Anemone und pflegen den Nachwuchs bis zum Schl\u00fcpfen. Danach werden die kleinen Anemonenfische Teil des Planktons und finden am Ende des Larvenstadiums mit Hilfe des Geruchssinnes eine neue Symbioseanemone.<\/p>\n\n\n\n<p>Akzeptiert nur eine der 10 Symbioseanemonen: die Blasenanemone.<\/p>\n\n\n\n<p><strong>Bedrohungsstatus:<\/strong> Die Art wird auf der Roten Liste der IUCN als \u201e nicht\u201c gef\u00fchrt.<\/p>\n\n\n\n<hr class=\"wp-block-separator has-alpha-channel-opacity is-style-default\"\/>\n","protected":false},"excerpt":{"rendered":"<p>Wei\u00dfbinden-Gl\u00fchkohlen-Anemonenfisch Tomato clownfish Amphiprion frenatus Gr\u00f6\u00dfe: bis 14 cm Lebensraum: Lebt in Symbioseanemonen im Korallenriff. Vorkommen: S\u00fcdjapan, ganz S\u00fcdostasien, Nordaustralien, Ozeanien bis Palau Erkennungsmerkmale: Die Farbskala reicht von orange bis dunkelrot. Ausgepr\u00e4gter wei\u00dfer Querstreifen hinter dem Auge. Juvenile haben einen zweiten wei\u00dfen Querstreifen der sp\u00e4ter verschwindet. Biologie &amp; Verhalten: Anemonenfische befestigen ihre Eier am Substrat &hellip; <\/p>\n<p class=\"link-more\"><a href=\"https:\/\/alles-ueber-riffe.de\/?page_id=4106\" class=\"more-link\"><span class=\"screen-reader-text\">\u201eWei\u00dfbinden-Gl\u00fchkohlen-Anemonenfisch\u201c<\/span> weiterlesen<\/a><\/p>\n","protected":false},"author":1,"featured_media":0,"parent":0,"menu_order":0,"comment_status":"closed","ping_status":"closed","template":"","meta":{"footnotes":""},"class_list":["post-4106","page","type-page","status-publish","hentry"],"_links":{"self":[{"href":"https:\/\/alles-ueber-riffe.de\/index.php?rest_route=\/wp\/v2\/pages\/4106","targetHints":{"allow":["GET"]}}],"collection":[{"href":"https:\/\/alles-ueber-riffe.de\/index.php?rest_route=\/wp\/v2\/pages"}],"about":[{"href":"https:\/\/alles-ueber-riffe.de\/index.php?rest_route=\/wp\/v2\/types\/page"}],"author":[{"embeddable":true,"href":"https:\/\/alles-ueber-riffe.de\/index.php?rest_route=\/wp\/v2\/users\/1"}],"replies":[{"embeddable":true,"href":"https:\/\/alles-ueber-riffe.de\/index.php?rest_route=%2Fwp%2Fv2%2Fcomments&post=4106"}],"version-history":[{"count":5,"href":"https:\/\/alles-ueber-riffe.de\/index.php?rest_route=\/wp\/v2\/pages\/4106\/revisions"}],"predecessor-version":[{"id":4323,"href":"https:\/\/alles-ueber-riffe.de\/index.php?rest_route=\/wp\/v2\/pages\/4106\/revisions\/4323"}],"wp:attachment":[{"href":"https:\/\/alles-ueber-riffe.de\/index.php?rest_route=%2Fwp%2Fv2%2Fmedia&parent=4106"}],"curies":[{"name":"wp","href":"https:\/\/api.w.org\/{rel}","templated":true}]}}