{"id":4102,"date":"2024-12-13T16:13:57","date_gmt":"2024-12-13T16:13:57","guid":{"rendered":"https:\/\/alles-ueber-riffe.de\/?page_id=4102"},"modified":"2025-01-07T12:37:20","modified_gmt":"2025-01-07T12:37:20","slug":"sattelfleck-anemonenfisch","status":"publish","type":"page","link":"https:\/\/alles-ueber-riffe.de\/?page_id=4102","title":{"rendered":"Sattelfleck-Anemonenfisch"},"content":{"rendered":"\n<div class=\"wp-block-group is-vertical is-layout-flex wp-container-core-group-is-layout-8cf370e7 wp-block-group-is-layout-flex\">\n<p><strong>Sattelfleck-Anemonenfisch<\/strong><\/p>\n\n\n\n<p>Saddleback clownfish<\/p>\n\n\n\n<p><em>Amphiprion polymnus<\/em><\/p>\n<\/div>\n\n\n\n<div style=\"height:30px\" aria-hidden=\"true\" class=\"wp-block-spacer\"><\/div>\n\n\n\n<figure class=\"wp-block-video\"><video height=\"576\" style=\"aspect-ratio: 1024 \/ 576;\" width=\"1024\" controls src=\"https:\/\/alles-ueber-riffe.de\/wp-content\/uploads\/2024\/12\/Sattelfleck-Anemonenfisch_1024x576.mp4\"><\/video><figcaption class=\"wp-element-caption\">\u00a9 Heinz Krimmer<\/figcaption><\/figure>\n\n\n\n<hr class=\"wp-block-separator has-alpha-channel-opacity is-style-default\"\/>\n\n\n\n<p><strong>Gr\u00f6\u00dfe: <\/strong> bis 12 cm<\/p>\n\n\n\n<p><strong>Lebensraum:<\/strong> Lebt in Symbioseanemonen im Korallenriff.<\/p>\n\n\n\n<p><strong>Vorkommen:  <\/strong>S\u00fcdjapan, ganz S\u00fcdostasien, Nordaustralien, Papua-Neuguinea, Ozeanien bis zu den Salomonen<\/p>\n\n\n\n<p><strong>Erkennungsmerkmale: <\/strong> Die Farbskala reicht von orange, rotbraun bis schwarz. Ausgepr\u00e4gter breiter wei\u00dfer Sattelfleck, der oft auch als Streifen erscheint.<\/p>\n\n\n\n<p><strong>Biologie &amp; Verhalten: <\/strong> Anemonenfische befestigen ihre Eier am Substrat dicht bei der Anemone und pflegen den Nachwuchs bis zum Schl\u00fcpfen. Danach werden die kleinen Anemonenfische Teil des Planktons und finden am Ende des Larvenstadiums mit Hilfe des Geruchssinnes eine neue Symbioseanemone.<\/p>\n\n\n\n<p>Akzeptiert nur zwei der 10 Symbioseanemonen: die Lederanemone und die Teppichanemone.<\/p>\n\n\n\n<p><strong>Bedrohungsstatus:<\/strong> Die Art wird auf der Roten Liste der IUCN als \u201e nicht gef\u00e4hrdet\u201c gef\u00fchrt.<\/p>\n\n\n\n<hr class=\"wp-block-separator has-alpha-channel-opacity is-style-default\"\/>\n","protected":false},"excerpt":{"rendered":"<p>Sattelfleck-Anemonenfisch Saddleback clownfish Amphiprion polymnus Gr\u00f6\u00dfe: bis 12 cm Lebensraum: Lebt in Symbioseanemonen im Korallenriff. Vorkommen: S\u00fcdjapan, ganz S\u00fcdostasien, Nordaustralien, Papua-Neuguinea, Ozeanien bis zu den Salomonen Erkennungsmerkmale: Die Farbskala reicht von orange, rotbraun bis schwarz. Ausgepr\u00e4gter breiter wei\u00dfer Sattelfleck, der oft auch als Streifen erscheint. Biologie &amp; Verhalten: Anemonenfische befestigen ihre Eier am Substrat dicht &hellip; <\/p>\n<p class=\"link-more\"><a href=\"https:\/\/alles-ueber-riffe.de\/?page_id=4102\" class=\"more-link\"><span class=\"screen-reader-text\">\u201eSattelfleck-Anemonenfisch\u201c<\/span> weiterlesen<\/a><\/p>\n","protected":false},"author":1,"featured_media":0,"parent":0,"menu_order":0,"comment_status":"closed","ping_status":"closed","template":"","meta":{"footnotes":""},"class_list":["post-4102","page","type-page","status-publish","hentry"],"_links":{"self":[{"href":"https:\/\/alles-ueber-riffe.de\/index.php?rest_route=\/wp\/v2\/pages\/4102","targetHints":{"allow":["GET"]}}],"collection":[{"href":"https:\/\/alles-ueber-riffe.de\/index.php?rest_route=\/wp\/v2\/pages"}],"about":[{"href":"https:\/\/alles-ueber-riffe.de\/index.php?rest_route=\/wp\/v2\/types\/page"}],"author":[{"embeddable":true,"href":"https:\/\/alles-ueber-riffe.de\/index.php?rest_route=\/wp\/v2\/users\/1"}],"replies":[{"embeddable":true,"href":"https:\/\/alles-ueber-riffe.de\/index.php?rest_route=%2Fwp%2Fv2%2Fcomments&post=4102"}],"version-history":[{"count":5,"href":"https:\/\/alles-ueber-riffe.de\/index.php?rest_route=\/wp\/v2\/pages\/4102\/revisions"}],"predecessor-version":[{"id":4322,"href":"https:\/\/alles-ueber-riffe.de\/index.php?rest_route=\/wp\/v2\/pages\/4102\/revisions\/4322"}],"wp:attachment":[{"href":"https:\/\/alles-ueber-riffe.de\/index.php?rest_route=%2Fwp%2Fv2%2Fmedia&parent=4102"}],"curies":[{"name":"wp","href":"https:\/\/api.w.org\/{rel}","templated":true}]}}