{"id":4100,"date":"2024-12-13T16:13:09","date_gmt":"2024-12-13T16:13:09","guid":{"rendered":"https:\/\/alles-ueber-riffe.de\/?page_id=4100"},"modified":"2025-01-07T12:36:23","modified_gmt":"2025-01-07T12:36:23","slug":"samtanemonenfisch","status":"publish","type":"page","link":"https:\/\/alles-ueber-riffe.de\/?page_id=4100","title":{"rendered":"Samtanemonenfisch"},"content":{"rendered":"\n<div class=\"wp-block-group is-vertical is-layout-flex wp-container-core-group-is-layout-8cf370e7 wp-block-group-is-layout-flex\">\n<p><strong>Samtanemonenfisch<\/strong><\/p>\n\n\n\n<p>Maroon clownfish<\/p>\n\n\n\n<p><em>Premnas biaculeatus<\/em><\/p>\n<\/div>\n\n\n\n<div style=\"height:30px\" aria-hidden=\"true\" class=\"wp-block-spacer\"><\/div>\n\n\n\n<figure class=\"wp-block-video\"><video height=\"576\" style=\"aspect-ratio: 1024 \/ 576;\" width=\"1024\" controls src=\"https:\/\/alles-ueber-riffe.de\/wp-content\/uploads\/2024\/12\/Samtanemonenfisch_1024x576.mp4\"><\/video><figcaption class=\"wp-element-caption\">\u00a9 Heinz Krimmer<\/figcaption><\/figure>\n\n\n\n<hr class=\"wp-block-separator has-alpha-channel-opacity is-style-default\"\/>\n\n\n\n<p><strong>Gr\u00f6\u00dfe: <\/strong> 17 cm<\/p>\n\n\n\n<p><strong>Lebensraum:<\/strong> Lebt in Symbioseanemonen im Korallenriff.<\/p>\n\n\n\n<p><strong>Vorkommen:  <\/strong>ganz S\u00fcdostasien, Nordaustralien, Papua-Neuguinea, Ozeanien bis Vanuatu<\/p>\n\n\n\n<p><strong>Erkennungsmerkmale: <\/strong> Die Farbskala reicht von orange, rot bis dunkelbraun. Die Streifen k\u00f6nnen wei\u00df, aber auch fast schwarz sein. Juvenile sehen aus wie Clownsfische. Er ist der einzige Anemonenfisch mit einem Stachel am untern Kiemendeckel.<\/p>\n\n\n\n<p><strong>Biologie &amp; Verhalten: <\/strong> Mit seinen 17 cm ist er der gr\u00f6\u00dfte Anemonenfisch. Er ist mit dem Falschen Clownfisch so eng verwandt, dass sie sich sogar kreuzen lassen. Diese Verwandtschaft erkl\u00e4rt auch das Aussehen der juvenilen Samtanemonenfische, die doch sehr dem Clownfisch \u00e4hneln.<\/p>\n\n\n\n<p>Anemonenfische befestigen ihre Eier am Substrat dicht bei der Anemone und pflegen den Nachwuchs bis zum Schl\u00fcpfen. Danach werden die kleinen Anemonenfische Teil des Planktons und finden am Ende des Larvenstadiums mit Hilfe des Geruchssinnes eine neue Symbioseanemone.<\/p>\n\n\n\n<p>Akzeptiert nur eine der 10 Symbioseanemonen: die Blasenanemone.<\/p>\n\n\n\n<p><strong>Bedrohungsstatus:<\/strong> Die Art wird auf der Roten Liste der IUCN als \u201e nicht gef\u00e4hrdet\u201c gef\u00fchrt.<\/p>\n\n\n\n<hr class=\"wp-block-separator has-alpha-channel-opacity is-style-default\"\/>\n","protected":false},"excerpt":{"rendered":"<p>Samtanemonenfisch Maroon clownfish Premnas biaculeatus Gr\u00f6\u00dfe: 17 cm Lebensraum: Lebt in Symbioseanemonen im Korallenriff. Vorkommen: ganz S\u00fcdostasien, Nordaustralien, Papua-Neuguinea, Ozeanien bis Vanuatu Erkennungsmerkmale: Die Farbskala reicht von orange, rot bis dunkelbraun. Die Streifen k\u00f6nnen wei\u00df, aber auch fast schwarz sein. Juvenile sehen aus wie Clownsfische. Er ist der einzige Anemonenfisch mit einem Stachel am untern &hellip; <\/p>\n<p class=\"link-more\"><a href=\"https:\/\/alles-ueber-riffe.de\/?page_id=4100\" class=\"more-link\"><span class=\"screen-reader-text\">\u201eSamtanemonenfisch\u201c<\/span> weiterlesen<\/a><\/p>\n","protected":false},"author":1,"featured_media":0,"parent":0,"menu_order":0,"comment_status":"closed","ping_status":"closed","template":"","meta":{"footnotes":""},"class_list":["post-4100","page","type-page","status-publish","hentry"],"_links":{"self":[{"href":"https:\/\/alles-ueber-riffe.de\/index.php?rest_route=\/wp\/v2\/pages\/4100","targetHints":{"allow":["GET"]}}],"collection":[{"href":"https:\/\/alles-ueber-riffe.de\/index.php?rest_route=\/wp\/v2\/pages"}],"about":[{"href":"https:\/\/alles-ueber-riffe.de\/index.php?rest_route=\/wp\/v2\/types\/page"}],"author":[{"embeddable":true,"href":"https:\/\/alles-ueber-riffe.de\/index.php?rest_route=\/wp\/v2\/users\/1"}],"replies":[{"embeddable":true,"href":"https:\/\/alles-ueber-riffe.de\/index.php?rest_route=%2Fwp%2Fv2%2Fcomments&post=4100"}],"version-history":[{"count":6,"href":"https:\/\/alles-ueber-riffe.de\/index.php?rest_route=\/wp\/v2\/pages\/4100\/revisions"}],"predecessor-version":[{"id":4321,"href":"https:\/\/alles-ueber-riffe.de\/index.php?rest_route=\/wp\/v2\/pages\/4100\/revisions\/4321"}],"wp:attachment":[{"href":"https:\/\/alles-ueber-riffe.de\/index.php?rest_route=%2Fwp%2Fv2%2Fmedia&parent=4100"}],"curies":[{"name":"wp","href":"https:\/\/api.w.org\/{rel}","templated":true}]}}