{"id":4098,"date":"2024-12-13T16:12:52","date_gmt":"2024-12-13T16:12:52","guid":{"rendered":"https:\/\/alles-ueber-riffe.de\/?page_id=4098"},"modified":"2025-01-07T12:35:28","modified_gmt":"2025-01-07T12:35:28","slug":"rotmeer-anemonenfisch","status":"publish","type":"page","link":"https:\/\/alles-ueber-riffe.de\/?page_id=4098","title":{"rendered":"Rotmeer-Anemonenfisch"},"content":{"rendered":"\n<div class=\"wp-block-group is-vertical is-layout-flex wp-container-core-group-is-layout-8cf370e7 wp-block-group-is-layout-flex\">\n<p><strong>Rotmeer-Anemonenfisch<\/strong><\/p>\n\n\n\n<p>Red Sea clownfish<\/p>\n\n\n\n<p><em>Amphiprion bicinctus<\/em><\/p>\n<\/div>\n\n\n\n<div style=\"height:30px\" aria-hidden=\"true\" class=\"wp-block-spacer\"><\/div>\n\n\n\n<figure class=\"wp-block-video\"><video height=\"576\" style=\"aspect-ratio: 1024 \/ 576;\" width=\"1024\" controls src=\"https:\/\/alles-ueber-riffe.de\/wp-content\/uploads\/2024\/12\/Rotmeer_Anemonenfische_1024_576.mp4\"><\/video><figcaption class=\"wp-element-caption\">\u00a9 Heinz Krimmer<\/figcaption><\/figure>\n\n\n\n<hr class=\"wp-block-separator has-alpha-channel-opacity is-style-default\"\/>\n\n\n\n<p><strong>Gr\u00f6\u00dfe: <\/strong> bis 14 cm<\/p>\n\n\n\n<p><strong>Lebensraum:<\/strong> Lebt in Symbioseanemonen im Korallenriff.<\/p>\n\n\n\n<p><strong>Vorkommen:  <\/strong>Rotes Meer und Chagos-Archipel<\/p>\n\n\n\n<p><strong>Erkennungsmerkmale: <\/strong> orange mit zwei ausgepr\u00e4gten wei\u00dfen Querstreifen<\/p>\n\n\n\n<p><strong>Biologie &amp; Verhalten: <\/strong> Auch das Vorkommen des Rotmeer-Anemonenfisches gibt R\u00e4tsel auf, denn das Chagos-Archipel liegt Mitten im Indischen Ozean, ca.3500 km s\u00fcd\u00f6stlich des Roten Meeres. Warum verbreitete sich dieser Fisch also nur auf dieses Archipel und nicht z.B. auf die Malediven, die sogar noch n\u00e4her sind.<\/p>\n\n\n\n<p>Anemonenfische befestigen ihre Eier am Substrat dicht bei der Anemone und pflegen den Nachwuchs bis zum Schl\u00fcpfen. Danach werden die kleinen Anemonenfische Teil des Planktons und finden am Ende des Larvenstadiums mit Hilfe des Geruchssinnes eine neue Symbioseanemone.<\/p>\n\n\n\n<p>Akzeptiert f\u00fcnf der 10 Symbioseanemonen: die Prachtanemone, die Blasenanemone, die Glasperlen-Anemone, die Lederanemone und die Riesenanemone.<\/p>\n\n\n\n<p><strong>Bedrohungsstatus:<\/strong> Die Art wird auf der Roten Liste der IUCN als \u201e nicht gef\u00e4hrdet\u201c gef\u00fchrt.<\/p>\n\n\n\n<hr class=\"wp-block-separator has-alpha-channel-opacity is-style-default\"\/>\n","protected":false},"excerpt":{"rendered":"<p>Rotmeer-Anemonenfisch Red Sea clownfish Amphiprion bicinctus Gr\u00f6\u00dfe: bis 14 cm Lebensraum: Lebt in Symbioseanemonen im Korallenriff. Vorkommen: Rotes Meer und Chagos-Archipel Erkennungsmerkmale: orange mit zwei ausgepr\u00e4gten wei\u00dfen Querstreifen Biologie &amp; Verhalten: Auch das Vorkommen des Rotmeer-Anemonenfisches gibt R\u00e4tsel auf, denn das Chagos-Archipel liegt Mitten im Indischen Ozean, ca.3500 km s\u00fcd\u00f6stlich des Roten Meeres. Warum verbreitete &hellip; <\/p>\n<p class=\"link-more\"><a href=\"https:\/\/alles-ueber-riffe.de\/?page_id=4098\" class=\"more-link\"><span class=\"screen-reader-text\">\u201eRotmeer-Anemonenfisch\u201c<\/span> weiterlesen<\/a><\/p>\n","protected":false},"author":1,"featured_media":0,"parent":0,"menu_order":0,"comment_status":"closed","ping_status":"closed","template":"","meta":{"footnotes":""},"class_list":["post-4098","page","type-page","status-publish","hentry"],"_links":{"self":[{"href":"https:\/\/alles-ueber-riffe.de\/index.php?rest_route=\/wp\/v2\/pages\/4098","targetHints":{"allow":["GET"]}}],"collection":[{"href":"https:\/\/alles-ueber-riffe.de\/index.php?rest_route=\/wp\/v2\/pages"}],"about":[{"href":"https:\/\/alles-ueber-riffe.de\/index.php?rest_route=\/wp\/v2\/types\/page"}],"author":[{"embeddable":true,"href":"https:\/\/alles-ueber-riffe.de\/index.php?rest_route=\/wp\/v2\/users\/1"}],"replies":[{"embeddable":true,"href":"https:\/\/alles-ueber-riffe.de\/index.php?rest_route=%2Fwp%2Fv2%2Fcomments&post=4098"}],"version-history":[{"count":5,"href":"https:\/\/alles-ueber-riffe.de\/index.php?rest_route=\/wp\/v2\/pages\/4098\/revisions"}],"predecessor-version":[{"id":4320,"href":"https:\/\/alles-ueber-riffe.de\/index.php?rest_route=\/wp\/v2\/pages\/4098\/revisions\/4320"}],"wp:attachment":[{"href":"https:\/\/alles-ueber-riffe.de\/index.php?rest_route=%2Fwp%2Fv2%2Fmedia&parent=4098"}],"curies":[{"name":"wp","href":"https:\/\/api.w.org\/{rel}","templated":true}]}}