{"id":3970,"date":"2024-12-13T11:06:26","date_gmt":"2024-12-13T11:06:26","guid":{"rendered":"https:\/\/alles-ueber-riffe.de\/?page_id=3970"},"modified":"2024-12-13T11:29:43","modified_gmt":"2024-12-13T11:29:43","slug":"indonesien","status":"publish","type":"page","link":"https:\/\/alles-ueber-riffe.de\/?page_id=3970","title":{"rendered":"Indonesien"},"content":{"rendered":"\n<figure class=\"wp-block-image\"><a href=\"https:\/\/solitude.world\/solitude-lembeh-resort\/\"><img loading=\"lazy\" decoding=\"async\" width=\"800\" height=\"467\" src=\"https:\/\/alles-ueber-riffe.de\/wp-content\/uploads\/2024\/11\/Lembeh_resort-2.png\" alt=\"\" class=\"wp-image-1979\" srcset=\"https:\/\/alles-ueber-riffe.de\/wp-content\/uploads\/2024\/11\/Lembeh_resort-2.png 800w, https:\/\/alles-ueber-riffe.de\/wp-content\/uploads\/2024\/11\/Lembeh_resort-2-300x175.png 300w, https:\/\/alles-ueber-riffe.de\/wp-content\/uploads\/2024\/11\/Lembeh_resort-2-768x448.png 768w\" sizes=\"auto, (max-width: 767px) 89vw, (max-width: 1000px) 54vw, (max-width: 1071px) 543px, 580px\" \/><\/a><\/figure>\n\n\n\n<p><strong><a href=\"https:\/\/solitude.world\/solitude-lembeh-resort\/\"><mark>Solitude Lembeh Resort<\/mark><\/a><\/strong><\/p>\n\n\n\n<p>Die kleine Lembeh Stra\u00dfe mitten in der bezaubernden Natur Nord-Sulawesis ist ber\u00fchmt f\u00fcr seine&nbsp;<strong>hohe Anzahl an sehr seltenen und ungew\u00f6hnlichen Arten.<\/strong>&nbsp;Einfach sind sie nicht zu finden, denn viele von ihnen sind perfekte Tarnk\u00fcnstler, beherrschen meisterhaft im weichen Boden zu verschwinden oder sind einfach winzig und leicht zu \u00fcbersehen. All diese F\u00e4higkeiten nutzen ihnen bei den erfahrenen Guides vom Solitud Lembeh Resort wenig. Sie sp\u00fcren alle auf und machen jeden Tauchgang zu einem ganz besonderen Erlebnis. Mehr \u00fcber das&nbsp;<a href=\"https:\/\/solitude.world\/solitude-lembeh-resort\/\"><mark>Solitude Lembeh Resort\u2026<\/mark><\/a><\/p>\n","protected":false},"excerpt":{"rendered":"<p>Solitude Lembeh Resort Die kleine Lembeh Stra\u00dfe mitten in der bezaubernden Natur Nord-Sulawesis ist ber\u00fchmt f\u00fcr seine&nbsp;hohe Anzahl an sehr seltenen und ungew\u00f6hnlichen Arten.&nbsp;Einfach sind sie nicht zu finden, denn viele von ihnen sind perfekte Tarnk\u00fcnstler, beherrschen meisterhaft im weichen Boden zu verschwinden oder sind einfach winzig und leicht zu \u00fcbersehen. All diese F\u00e4higkeiten nutzen &hellip; <\/p>\n<p class=\"link-more\"><a href=\"https:\/\/alles-ueber-riffe.de\/?page_id=3970\" class=\"more-link\"><span class=\"screen-reader-text\">\u201eIndonesien\u201c<\/span> weiterlesen<\/a><\/p>\n","protected":false},"author":1,"featured_media":0,"parent":0,"menu_order":0,"comment_status":"closed","ping_status":"closed","template":"","meta":{"footnotes":""},"class_list":["post-3970","page","type-page","status-publish","hentry"],"_links":{"self":[{"href":"https:\/\/alles-ueber-riffe.de\/index.php?rest_route=\/wp\/v2\/pages\/3970","targetHints":{"allow":["GET"]}}],"collection":[{"href":"https:\/\/alles-ueber-riffe.de\/index.php?rest_route=\/wp\/v2\/pages"}],"about":[{"href":"https:\/\/alles-ueber-riffe.de\/index.php?rest_route=\/wp\/v2\/types\/page"}],"author":[{"embeddable":true,"href":"https:\/\/alles-ueber-riffe.de\/index.php?rest_route=\/wp\/v2\/users\/1"}],"replies":[{"embeddable":true,"href":"https:\/\/alles-ueber-riffe.de\/index.php?rest_route=%2Fwp%2Fv2%2Fcomments&post=3970"}],"version-history":[{"count":2,"href":"https:\/\/alles-ueber-riffe.de\/index.php?rest_route=\/wp\/v2\/pages\/3970\/revisions"}],"predecessor-version":[{"id":4008,"href":"https:\/\/alles-ueber-riffe.de\/index.php?rest_route=\/wp\/v2\/pages\/3970\/revisions\/4008"}],"wp:attachment":[{"href":"https:\/\/alles-ueber-riffe.de\/index.php?rest_route=%2Fwp%2Fv2%2Fmedia&parent=3970"}],"curies":[{"name":"wp","href":"https:\/\/api.w.org\/{rel}","templated":true}]}}