{"id":3965,"date":"2024-12-13T11:05:18","date_gmt":"2024-12-13T11:05:18","guid":{"rendered":"https:\/\/alles-ueber-riffe.de\/?page_id=3965"},"modified":"2024-12-13T13:14:55","modified_gmt":"2024-12-13T13:14:55","slug":"philippinen","status":"publish","type":"page","link":"https:\/\/alles-ueber-riffe.de\/?page_id=3965","title":{"rendered":"Philippinen"},"content":{"rendered":"\n<h2 class=\"wp-block-heading\">Sipaway Divers, Negros<\/h2>\n\n\n\n<figure class=\"wp-block-image size-full\"><img loading=\"lazy\" decoding=\"async\" width=\"1024\" height=\"614\" src=\"https:\/\/alles-ueber-riffe.de\/wp-content\/uploads\/2024\/10\/Fuchshai_1024_614.jpg\" alt=\"\" class=\"wp-image-456\" srcset=\"https:\/\/alles-ueber-riffe.de\/wp-content\/uploads\/2024\/10\/Fuchshai_1024_614.jpg 1024w, https:\/\/alles-ueber-riffe.de\/wp-content\/uploads\/2024\/10\/Fuchshai_1024_614-300x180.jpg 300w, https:\/\/alles-ueber-riffe.de\/wp-content\/uploads\/2024\/10\/Fuchshai_1024_614-768x461.jpg 768w\" sizes=\"auto, (max-width: 767px) 89vw, (max-width: 1000px) 54vw, (max-width: 1071px) 543px, 580px\" \/><figcaption class=\"wp-element-caption\">Fuchshai, Sipaway Island<\/figcaption><\/figure>\n\n\n\n<p>Weltweit existieren nur wenige Pl\u00e4tze, an denen eine Begegnung mit\u00a0<strong>Fuchshaien<\/strong>\u00a0\u201efast\u201c garantiert ist. Einer dieser Pl\u00e4tze und zudem weitgehend unbekannt befindet sich im Norden von Negros auf der Insel Sipaway. Der Leiter der Tauchbasis Sipaway Divers Thomas Oswald entdeckte den Fuchshaiplatz erst vor wenigen Jahren. Ein weiterer Vorteil: Der Tauchplatz ist nur ca. 15 Minuten Bootsfahrt von der Tauchbasis entfernt und er darf ausschlie\u00dflich von den Sipaway Divers betaucht werden, damit die Haie nicht durch zu viele Taucher gest\u00f6rt werden. Thomas Oswald kennt zudem den Norden von Negros wie seine Westentasche. Er wei\u00df wo die Mimikry Oktopoden zu sehen sind,  wo man Fangschreckenkrebse findet und vieles mehr.<\/p>\n\n\n\n<p>Da seine Basis die einzige weit und breit und die Gegend noch weitgehend unbekannt ist, gibt es hier f\u00fcr die wenigen Taucher umso mehr zu entdecken. Darunter mit\u00a0<strong>die sch\u00f6nsten Korallenriffe in Negros<\/strong>,\u00a0<strong>Seeschlagen<\/strong> und ein <strong>Sardinenschwarm<\/strong> im Hausriff.<\/p>\n\n\n\n<p><a href=\"https:\/\/www.sipaway-divers.net\"><mark style=\"background-color:rgba(0, 0, 0, 0)\" class=\"has-inline-color has-vivid-cyan-blue-color\">Zur Webseite der Sipaway Divers&#8230;<\/mark><\/a><\/p>\n\n\n\n<p>Auf Wunsch vermittelt Thomas Oswald auch eine Unterkunft im Whispering Palms Resort. Traumhaft eingebettet zwischen einem urspr\u00fcnglichen gro\u00dfen Mangrovenwald, kann man hier die Philippinen noch abseits der Touristenpfade genie\u00dfen. Vom Bungalow im Resort sind es nur wenige Minuten Fu\u00dfweg bis zur Tauchbasis.<\/p>\n\n\n\n<p><a href=\"https:\/\/whispering-palms.com\"><mark style=\"background-color:rgba(0, 0, 0, 0)\" class=\"has-inline-color has-vivid-cyan-blue-color\">Zur Webseite des Whispering Palms Resorts&#8230;<\/mark><\/a><\/p>\n\n\n\n<div style=\"height:30px\" aria-hidden=\"true\" class=\"wp-block-spacer\"><\/div>\n\n\n\n<hr class=\"wp-block-separator has-alpha-channel-opacity is-style-wide\"\/>\n\n\n\n<div style=\"height:30px\" aria-hidden=\"true\" class=\"wp-block-spacer\"><\/div>\n\n\n\n<h2 class=\"wp-block-heading\">Dive Society, Negros<\/h2>\n\n\n\n<figure class=\"wp-block-image\"><a href=\"http:\/\/divesociety.com\"><img loading=\"lazy\" decoding=\"async\" width=\"1024\" height=\"584\" src=\"https:\/\/alles-ueber-riffe.de\/wp-content\/uploads\/2024\/11\/Dive-Society-1024x584.png\" alt=\"\" class=\"wp-image-1972\" srcset=\"https:\/\/alles-ueber-riffe.de\/wp-content\/uploads\/2024\/11\/Dive-Society-1024x584.png 1024w, https:\/\/alles-ueber-riffe.de\/wp-content\/uploads\/2024\/11\/Dive-Society-300x171.png 300w, https:\/\/alles-ueber-riffe.de\/wp-content\/uploads\/2024\/11\/Dive-Society-768x438.png 768w, https:\/\/alles-ueber-riffe.de\/wp-content\/uploads\/2024\/11\/Dive-Society.png 1171w\" sizes=\"auto, (max-width: 767px) 89vw, (max-width: 1000px) 54vw, (max-width: 1071px) 543px, 580px\" \/><\/a><figcaption class=\"wp-element-caption\">Die Basis der Dive Society liegt direkt am Strand des Resorts ????. Bis zum Hausriff sind es nur wenige Meter.<\/figcaption><\/figure>\n\n\n\n<p>Die Tauchbasis von Dive Society liegt im S\u00fcden von Negros bei Dauin. Die Gegend ist bekannt als einer der sch\u00f6nsten Muck-Tauchpl\u00e4tze Asiens. So gut wie jede Art an&nbsp;<strong>Geisterpfeifenfetzenfischen<\/strong>ist hier zu finden. Dazu jede Menge&nbsp;<strong>Anglerfische,<\/strong>&nbsp;die giftigen&nbsp;<strong>Prachtsepias&nbsp;<\/strong>und nachts auch der gruselige bis zu 3 Meter lange&nbsp;<strong>Bobbitwurm<\/strong>. Im Schlamm vergraben lauert er dort auf Beute. Trotzdem muss man auf sch\u00f6ne Korallen nicht verzichten. Apo Island mit seinen Korallen und&nbsp;<strong>Meeresschildkr\u00f6ten&nbsp;<\/strong>ist nicht weit entfernt.<\/p>\n\n\n\n<p><a href=\"https:\/\/divesociety.com\"><mark style=\"background-color:rgba(0, 0, 0, 0)\" class=\"has-inline-color has-vivid-cyan-blue-color\">Zur Webseite der Dive Society&#8230;<\/mark><\/a><\/p>\n","protected":false},"excerpt":{"rendered":"<p>Sipaway Divers, Negros Weltweit existieren nur wenige Pl\u00e4tze, an denen eine Begegnung mit\u00a0Fuchshaien\u00a0\u201efast\u201c garantiert ist. Einer dieser Pl\u00e4tze und zudem weitgehend unbekannt befindet sich im Norden von Negros auf der Insel Sipaway. Der Leiter der Tauchbasis Sipaway Divers Thomas Oswald entdeckte den Fuchshaiplatz erst vor wenigen Jahren. Ein weiterer Vorteil: Der Tauchplatz ist nur ca. &hellip; <\/p>\n<p class=\"link-more\"><a href=\"https:\/\/alles-ueber-riffe.de\/?page_id=3965\" class=\"more-link\"><span class=\"screen-reader-text\">\u201ePhilippinen\u201c<\/span> weiterlesen<\/a><\/p>\n","protected":false},"author":1,"featured_media":0,"parent":0,"menu_order":0,"comment_status":"closed","ping_status":"closed","template":"","meta":{"footnotes":""},"class_list":["post-3965","page","type-page","status-publish","hentry"],"_links":{"self":[{"href":"https:\/\/alles-ueber-riffe.de\/index.php?rest_route=\/wp\/v2\/pages\/3965","targetHints":{"allow":["GET"]}}],"collection":[{"href":"https:\/\/alles-ueber-riffe.de\/index.php?rest_route=\/wp\/v2\/pages"}],"about":[{"href":"https:\/\/alles-ueber-riffe.de\/index.php?rest_route=\/wp\/v2\/types\/page"}],"author":[{"embeddable":true,"href":"https:\/\/alles-ueber-riffe.de\/index.php?rest_route=\/wp\/v2\/users\/1"}],"replies":[{"embeddable":true,"href":"https:\/\/alles-ueber-riffe.de\/index.php?rest_route=%2Fwp%2Fv2%2Fcomments&post=3965"}],"version-history":[{"count":34,"href":"https:\/\/alles-ueber-riffe.de\/index.php?rest_route=\/wp\/v2\/pages\/3965\/revisions"}],"predecessor-version":[{"id":4045,"href":"https:\/\/alles-ueber-riffe.de\/index.php?rest_route=\/wp\/v2\/pages\/3965\/revisions\/4045"}],"wp:attachment":[{"href":"https:\/\/alles-ueber-riffe.de\/index.php?rest_route=%2Fwp%2Fv2%2Fmedia&parent=3965"}],"curies":[{"name":"wp","href":"https:\/\/api.w.org\/{rel}","templated":true}]}}